{"id":10085,"date":"2024-02-20T13:12:12","date_gmt":"2024-02-20T12:12:12","guid":{"rendered":"https:\/\/www.sirabel.es\/tiendasirabel\/?post_type=product&#038;p=10085"},"modified":"2024-02-20T13:12:12","modified_gmt":"2024-02-20T12:12:12","slug":"kit-humito-sagrado-energia-limpia","status":"publish","type":"product","link":"https:\/\/www.sirabel.es\/tiendasirabel\/producto\/kit-humito-sagrado-energia-limpia\/","title":{"rendered":"Kit Humito Sagrado Energia Limpia"},"content":{"rendered":"<h4 class=\"name item_name  \">Kit Humito Sagrado Energia Limpia<\/h4>\n","protected":false},"excerpt":{"rendered":"<p>Kit Humito Sagrado<\/p>\n<p>El humo es un elemento fundamental que act\u00faa como agente purificador de numerosos rituales.<\/p>\n<p>Con este Kit Humito Sagrado, puedes llevar a cabo ceremonias y rituales espirituales de forma sencilla en casa o en cualquier lugar que necesites.<\/p>\n<p>Estos Kits de Humito Sagrado son\u00a0ecol\u00f3gicos y esta fabricados de forma artesanal en Argentina.<\/p>\n<p>Cada uno de ellos tiene un objetivo, Armon\u00eda, Energ\u00eda, Amor y Uni\u00f3n, Protecci\u00f3n, Prosperidad, Purificaci\u00f3n y Energ\u00edas.<\/p>\n<p>Los Kits de Humito Sagrado\u00a0se venden por unidad,\u00a0y vienen exquisitamente empaquetados listos para usar con un peque\u00f1o manual de instrucciones y algunas plegarias de ejemplo.<\/p>\n<p>Est\u00e1n producidos artesanalmente en Argentina.<\/p>\n","protected":false},"featured_media":10086,"comment_status":"open","ping_status":"closed","template":"","meta":[],"product_brand":[],"product_cat":[467],"product_tag":[1583],"class_list":{"0":"post-10085","1":"product","2":"type-product","3":"status-publish","4":"has-post-thumbnail","6":"product_cat-kit-humito-sagrado","7":"product_tag-kit-humito-sagrado-energia-limpia","9":"first","10":"instock","11":"taxable","12":"shipping-taxable","13":"purchasable","14":"product-type-simple"},"jetpack_sharing_enabled":true,"_links":{"self":[{"href":"https:\/\/www.sirabel.es\/tiendasirabel\/wp-json\/wp\/v2\/product\/10085","targetHints":{"allow":["GET"]}}],"collection":[{"href":"https:\/\/www.sirabel.es\/tiendasirabel\/wp-json\/wp\/v2\/product"}],"about":[{"href":"https:\/\/www.sirabel.es\/tiendasirabel\/wp-json\/wp\/v2\/types\/product"}],"replies":[{"embeddable":true,"href":"https:\/\/www.sirabel.es\/tiendasirabel\/wp-json\/wp\/v2\/comments?post=10085"}],"version-history":[{"count":0,"href":"https:\/\/www.sirabel.es\/tiendasirabel\/wp-json\/wp\/v2\/product\/10085\/revisions"}],"wp:featuredmedia":[{"embeddable":true,"href":"https:\/\/www.sirabel.es\/tiendasirabel\/wp-json\/wp\/v2\/media\/10086"}],"wp:attachment":[{"href":"https:\/\/www.sirabel.es\/tiendasirabel\/wp-json\/wp\/v2\/media?parent=10085"}],"wp:term":[{"taxonomy":"product_brand","embeddable":true,"href":"https:\/\/www.sirabel.es\/tiendasirabel\/wp-json\/wp\/v2\/product_brand?post=10085"},{"taxonomy":"product_cat","embeddable":true,"href":"https:\/\/www.sirabel.es\/tiendasirabel\/wp-json\/wp\/v2\/product_cat?post=10085"},{"taxonomy":"product_tag","embeddable":true,"href":"https:\/\/www.sirabel.es\/tiendasirabel\/wp-json\/wp\/v2\/product_tag?post=10085"}],"curies":[{"name":"wp","href":"https:\/\/api.w.org\/{rel}","templated":true}]}}