{"id":11226,"date":"2024-02-25T18:27:12","date_gmt":"2024-02-25T17:27:12","guid":{"rendered":"https:\/\/www.sirabel.es\/tiendasirabel\/?post_type=product&#038;p=11226"},"modified":"2024-02-25T18:27:12","modified_gmt":"2024-02-25T17:27:12","slug":"masajeador-celulitis","status":"publish","type":"product","link":"https:\/\/www.sirabel.es\/tiendasirabel\/producto\/masajeador-celulitis\/","title":{"rendered":"Masajeador Celulitis"},"content":{"rendered":"<h4 class=\"name item_name  \">Masajeador Celulitis<\/h4>\n","protected":false},"excerpt":{"rendered":"<p>Masajeador de Madera<\/p>\n<p>Masajeadores, estos masajeadores de estilo japon\u00e9s tienen una funci\u00f3n diferente, desde combatir la celulitis hasta tensar la l\u00ednea de la mand\u00edbula, aliviar la tensi\u00f3n y estimular la circulaci\u00f3n.<\/p>\n<p>Perfectos para usar con productos de aromaterapia y para relajarte combin\u00e1ndolos con nuestros aceites relajantes para masajes, velas de masaje para darte un capricho o comprar el kit como un regalo ideal.<\/p>\n","protected":false},"featured_media":11227,"comment_status":"open","ping_status":"closed","template":"","meta":[],"product_brand":[],"product_cat":[70],"product_tag":[1864],"class_list":{"0":"post-11226","1":"product","2":"type-product","3":"status-publish","4":"has-post-thumbnail","6":"product_cat-maderoterapia","7":"product_tag-masajeador-celulitis","9":"first","10":"instock","11":"taxable","12":"shipping-taxable","13":"purchasable","14":"product-type-simple"},"jetpack_sharing_enabled":true,"_links":{"self":[{"href":"https:\/\/www.sirabel.es\/tiendasirabel\/wp-json\/wp\/v2\/product\/11226","targetHints":{"allow":["GET"]}}],"collection":[{"href":"https:\/\/www.sirabel.es\/tiendasirabel\/wp-json\/wp\/v2\/product"}],"about":[{"href":"https:\/\/www.sirabel.es\/tiendasirabel\/wp-json\/wp\/v2\/types\/product"}],"replies":[{"embeddable":true,"href":"https:\/\/www.sirabel.es\/tiendasirabel\/wp-json\/wp\/v2\/comments?post=11226"}],"version-history":[{"count":0,"href":"https:\/\/www.sirabel.es\/tiendasirabel\/wp-json\/wp\/v2\/product\/11226\/revisions"}],"wp:featuredmedia":[{"embeddable":true,"href":"https:\/\/www.sirabel.es\/tiendasirabel\/wp-json\/wp\/v2\/media\/11227"}],"wp:attachment":[{"href":"https:\/\/www.sirabel.es\/tiendasirabel\/wp-json\/wp\/v2\/media?parent=11226"}],"wp:term":[{"taxonomy":"product_brand","embeddable":true,"href":"https:\/\/www.sirabel.es\/tiendasirabel\/wp-json\/wp\/v2\/product_brand?post=11226"},{"taxonomy":"product_cat","embeddable":true,"href":"https:\/\/www.sirabel.es\/tiendasirabel\/wp-json\/wp\/v2\/product_cat?post=11226"},{"taxonomy":"product_tag","embeddable":true,"href":"https:\/\/www.sirabel.es\/tiendasirabel\/wp-json\/wp\/v2\/product_tag?post=11226"}],"curies":[{"name":"wp","href":"https:\/\/api.w.org\/{rel}","templated":true}]}}