{"id":11354,"date":"2024-02-26T14:03:13","date_gmt":"2024-02-26T13:03:13","guid":{"rendered":"https:\/\/www.sirabel.es\/tiendasirabel\/?post_type=product&#038;p=11354"},"modified":"2024-02-26T14:03:13","modified_gmt":"2024-02-26T13:03:13","slug":"geranio-y-rosa","status":"publish","type":"product","link":"https:\/\/www.sirabel.es\/tiendasirabel\/producto\/geranio-y-rosa\/","title":{"rendered":"Geranio y Rosa"},"content":{"rendered":"<h4 class=\"name item_name small \">Difusor de Varillas con Aceites Esenciales &#8211; Geranio y Rosa<\/h4>\n","protected":false},"excerpt":{"rendered":"<p>Es un conjunto de difusores de gama alta.<\/p>\n<p>Presentados en una caja con clase, su precio en Sirabel Tienda con referente a la excelente calidad est\u00e1 por debajo de otras marcas equivalentes.<\/p>\n<p>Hecho con orgullo en el Reino Unido en nuestra f\u00e1brica de Sheffield.<\/p>\n<p>Lenta y delicadamente, el aroma subir\u00e1 a lo largo de los palos y llenar\u00e1 cualquier habitaci\u00f3n con una fragancia verdaderamente arom\u00e1tica.<\/p>\n<p>Botellas grandes de 200 ml significan que el aroma puede durar hasta 12 semanas.<\/p>\n<p>Simplemente abra la tapa especial, retire el tap\u00f3n (coloque la tapa) y coloque los palitos de rat\u00e1n en el cuello.<\/p>\n","protected":false},"featured_media":11352,"comment_status":"open","ping_status":"closed","template":"","meta":[],"product_brand":[],"product_cat":[321],"product_tag":[1905],"class_list":{"0":"post-11354","1":"product","2":"type-product","3":"status-publish","4":"has-post-thumbnail","6":"product_cat-difusor-de-varillas-200-ml","7":"product_tag-difusor-de-varillas-con-aceites-esenciales-geranio-y-rosa","9":"first","10":"instock","11":"taxable","12":"shipping-taxable","13":"purchasable","14":"product-type-simple"},"jetpack_sharing_enabled":true,"_links":{"self":[{"href":"https:\/\/www.sirabel.es\/tiendasirabel\/wp-json\/wp\/v2\/product\/11354","targetHints":{"allow":["GET"]}}],"collection":[{"href":"https:\/\/www.sirabel.es\/tiendasirabel\/wp-json\/wp\/v2\/product"}],"about":[{"href":"https:\/\/www.sirabel.es\/tiendasirabel\/wp-json\/wp\/v2\/types\/product"}],"replies":[{"embeddable":true,"href":"https:\/\/www.sirabel.es\/tiendasirabel\/wp-json\/wp\/v2\/comments?post=11354"}],"version-history":[{"count":0,"href":"https:\/\/www.sirabel.es\/tiendasirabel\/wp-json\/wp\/v2\/product\/11354\/revisions"}],"wp:featuredmedia":[{"embeddable":true,"href":"https:\/\/www.sirabel.es\/tiendasirabel\/wp-json\/wp\/v2\/media\/11352"}],"wp:attachment":[{"href":"https:\/\/www.sirabel.es\/tiendasirabel\/wp-json\/wp\/v2\/media?parent=11354"}],"wp:term":[{"taxonomy":"product_brand","embeddable":true,"href":"https:\/\/www.sirabel.es\/tiendasirabel\/wp-json\/wp\/v2\/product_brand?post=11354"},{"taxonomy":"product_cat","embeddable":true,"href":"https:\/\/www.sirabel.es\/tiendasirabel\/wp-json\/wp\/v2\/product_cat?post=11354"},{"taxonomy":"product_tag","embeddable":true,"href":"https:\/\/www.sirabel.es\/tiendasirabel\/wp-json\/wp\/v2\/product_tag?post=11354"}],"curies":[{"name":"wp","href":"https:\/\/api.w.org\/{rel}","templated":true}]}}