{"id":11364,"date":"2024-02-26T16:12:55","date_gmt":"2024-02-26T15:12:55","guid":{"rendered":"https:\/\/www.sirabel.es\/tiendasirabel\/?post_type=product&#038;p=11364"},"modified":"2024-02-26T16:12:55","modified_gmt":"2024-02-26T15:12:55","slug":"verbena-de-limon","status":"publish","type":"product","link":"https:\/\/www.sirabel.es\/tiendasirabel\/producto\/verbena-de-limon\/","title":{"rendered":"Verbena de lim\u00f3n"},"content":{"rendered":"<h4 class=\"name item_name small \">Difusor de Varillas con Aceites Esenciales &#8211; Verbena de lim\u00f3n<\/h4>\n","protected":false},"excerpt":{"rendered":"<p>Es un conjunto de difusores de gama alta.<\/p>\n<p>Presentados en una caja con clase, su precio en Sirabel Tienda con referente a la excelente calidad est\u00e1 por debajo de otras marcas equivalentes.<\/p>\n<p>Hecho con orgullo en el Reino Unido en nuestra f\u00e1brica de Sheffield.<\/p>\n<p>Lenta y delicadamente, el aroma subir\u00e1 a lo largo de los palos y llenar\u00e1 cualquier habitaci\u00f3n con una fragancia verdaderamente arom\u00e1tica.<\/p>\n<p>Botellas grandes de 200 ml significan que el aroma puede durar hasta 12 semanas.<\/p>\n<p>Simplemente abra la tapa especial, retire el tap\u00f3n (coloque la tapa) y coloque los palitos de rat\u00e1n en el cuello.<\/p>\n","protected":false},"featured_media":11352,"comment_status":"open","ping_status":"closed","template":"","meta":[],"product_brand":[],"product_cat":[321],"product_tag":[1910],"class_list":{"0":"post-11364","1":"product","2":"type-product","3":"status-publish","4":"has-post-thumbnail","6":"product_cat-difusor-de-varillas-200-ml","7":"product_tag-difusor-de-varillas-con-aceites-esenciales-verbena-de-limon","9":"first","10":"instock","11":"taxable","12":"shipping-taxable","13":"purchasable","14":"product-type-simple"},"jetpack_sharing_enabled":true,"_links":{"self":[{"href":"https:\/\/www.sirabel.es\/tiendasirabel\/wp-json\/wp\/v2\/product\/11364","targetHints":{"allow":["GET"]}}],"collection":[{"href":"https:\/\/www.sirabel.es\/tiendasirabel\/wp-json\/wp\/v2\/product"}],"about":[{"href":"https:\/\/www.sirabel.es\/tiendasirabel\/wp-json\/wp\/v2\/types\/product"}],"replies":[{"embeddable":true,"href":"https:\/\/www.sirabel.es\/tiendasirabel\/wp-json\/wp\/v2\/comments?post=11364"}],"version-history":[{"count":0,"href":"https:\/\/www.sirabel.es\/tiendasirabel\/wp-json\/wp\/v2\/product\/11364\/revisions"}],"wp:featuredmedia":[{"embeddable":true,"href":"https:\/\/www.sirabel.es\/tiendasirabel\/wp-json\/wp\/v2\/media\/11352"}],"wp:attachment":[{"href":"https:\/\/www.sirabel.es\/tiendasirabel\/wp-json\/wp\/v2\/media?parent=11364"}],"wp:term":[{"taxonomy":"product_brand","embeddable":true,"href":"https:\/\/www.sirabel.es\/tiendasirabel\/wp-json\/wp\/v2\/product_brand?post=11364"},{"taxonomy":"product_cat","embeddable":true,"href":"https:\/\/www.sirabel.es\/tiendasirabel\/wp-json\/wp\/v2\/product_cat?post=11364"},{"taxonomy":"product_tag","embeddable":true,"href":"https:\/\/www.sirabel.es\/tiendasirabel\/wp-json\/wp\/v2\/product_tag?post=11364"}],"curies":[{"name":"wp","href":"https:\/\/api.w.org\/{rel}","templated":true}]}}