{"id":11370,"date":"2024-02-26T16:20:03","date_gmt":"2024-02-26T15:20:03","guid":{"rendered":"https:\/\/www.sirabel.es\/tiendasirabel\/?post_type=product&#038;p=11370"},"modified":"2024-02-26T16:20:04","modified_gmt":"2024-02-26T15:20:04","slug":"mezcla-de-aceites-esenciales-energizante-10ml","status":"publish","type":"product","link":"https:\/\/www.sirabel.es\/tiendasirabel\/producto\/mezcla-de-aceites-esenciales-energizante-10ml\/","title":{"rendered":"Mezcla de Aceites Esenciales- Energizante &#8211; 10ml"},"content":{"rendered":"<h4 class=\"name item_name small \">Mezcla de Aceites Esenciales- Energizante &#8211; 10ml<\/h4>\n","protected":false},"excerpt":{"rendered":"<p>Mezcla de Aceites Esenciales 10ml<\/p>\n<p>Aceites esenciales mezclados.<\/p>\n<p>La mezcla de aceites esenciales tienen como prop\u00f3sito el logro de un resultado espec\u00edfico, relajarse, energizarse y dormir.<\/p>\n<p>Aceites esenciales profesionalmente mezclados, activan est\u00edmulos que llegan al hipot\u00e1lamo del sistema l\u00edmbico, el cual regula muchas funciones vitales de nuestro organismo, algunas de ellas relacionadas con nuestro estado de \u00e1nimo.<\/p>\n<p>Prep\u00e1rate un ba\u00f1o relajante, antes de irte a dormir, con tu aceite esencial favorito, pon una gota de aceite en la planta de los pies o en las manos o \u00fasalos en quemadores de aceite y difusores para difundir el aroma por toda la habitaci\u00f3n.<\/p>\n","protected":false},"featured_media":11371,"comment_status":"open","ping_status":"closed","template":"","meta":[],"product_brand":[],"product_cat":[318],"product_tag":[1913],"class_list":{"0":"post-11370","1":"product","2":"type-product","3":"status-publish","4":"has-post-thumbnail","6":"product_cat-mezcla-de-aceites-10-ml","7":"product_tag-mezcla-de-aceites-esenciales-energizante-10ml","9":"first","10":"instock","11":"taxable","12":"shipping-taxable","13":"purchasable","14":"product-type-simple"},"jetpack_sharing_enabled":true,"_links":{"self":[{"href":"https:\/\/www.sirabel.es\/tiendasirabel\/wp-json\/wp\/v2\/product\/11370","targetHints":{"allow":["GET"]}}],"collection":[{"href":"https:\/\/www.sirabel.es\/tiendasirabel\/wp-json\/wp\/v2\/product"}],"about":[{"href":"https:\/\/www.sirabel.es\/tiendasirabel\/wp-json\/wp\/v2\/types\/product"}],"replies":[{"embeddable":true,"href":"https:\/\/www.sirabel.es\/tiendasirabel\/wp-json\/wp\/v2\/comments?post=11370"}],"version-history":[{"count":0,"href":"https:\/\/www.sirabel.es\/tiendasirabel\/wp-json\/wp\/v2\/product\/11370\/revisions"}],"wp:featuredmedia":[{"embeddable":true,"href":"https:\/\/www.sirabel.es\/tiendasirabel\/wp-json\/wp\/v2\/media\/11371"}],"wp:attachment":[{"href":"https:\/\/www.sirabel.es\/tiendasirabel\/wp-json\/wp\/v2\/media?parent=11370"}],"wp:term":[{"taxonomy":"product_brand","embeddable":true,"href":"https:\/\/www.sirabel.es\/tiendasirabel\/wp-json\/wp\/v2\/product_brand?post=11370"},{"taxonomy":"product_cat","embeddable":true,"href":"https:\/\/www.sirabel.es\/tiendasirabel\/wp-json\/wp\/v2\/product_cat?post=11370"},{"taxonomy":"product_tag","embeddable":true,"href":"https:\/\/www.sirabel.es\/tiendasirabel\/wp-json\/wp\/v2\/product_tag?post=11370"}],"curies":[{"name":"wp","href":"https:\/\/api.w.org\/{rel}","templated":true}]}}