{"id":12100,"date":"2024-03-10T18:51:36","date_gmt":"2024-03-10T17:51:36","guid":{"rendered":"https:\/\/www.sirabel.es\/tiendasirabel\/?post_type=product&#038;p=12100"},"modified":"2024-03-10T18:51:36","modified_gmt":"2024-03-10T17:51:36","slug":"capilar-champu-anticaida-del-cabello","status":"publish","type":"product","link":"https:\/\/www.sirabel.es\/tiendasirabel\/producto\/capilar-champu-anticaida-del-cabello\/","title":{"rendered":"Champ\u00fa antica\u00edda del cabello."},"content":{"rendered":"<p>Champ\u00fa antica\u00edda del cabello.<\/p>\n","protected":false},"excerpt":{"rendered":"<p>Champ\u00fa\u00a0antica\u00edda del cabello.<\/p>\n<p>Triple efecto que\u00a0fortalece los fol\u00edculos pilosos, mejora la\u00a0transferencia de nutritentes\u00a0y\u00a0estimula el crecimiento\u00a0del cabello.<\/p>\n<p>Con\u00a0complejo\u00a0PROCAPIL \u2122(biotinilo, \u00e1cido olean\u00f3lico y apigenina), extracto de salvia y \u00e1rnica.<\/p>\n<p>F\u00f3rmula de suave espuma que no contiene SLS, ni parabenos.<\/p>\n<p>93% ingredientes naturales y org\u00e1nicos.<\/p>\n<p>250ml<\/p>\n","protected":false},"featured_media":12101,"comment_status":"open","ping_status":"closed","template":"","meta":[],"product_brand":[],"product_cat":[2048],"product_tag":[2206],"class_list":{"0":"post-12100","1":"product","2":"type-product","3":"status-publish","4":"has-post-thumbnail","6":"product_cat-capilar-champus-certificados","7":"product_tag-champu-anticaida-del-cabello","9":"first","10":"instock","11":"taxable","12":"shipping-taxable","13":"purchasable","14":"product-type-simple"},"jetpack_sharing_enabled":true,"_links":{"self":[{"href":"https:\/\/www.sirabel.es\/tiendasirabel\/wp-json\/wp\/v2\/product\/12100","targetHints":{"allow":["GET"]}}],"collection":[{"href":"https:\/\/www.sirabel.es\/tiendasirabel\/wp-json\/wp\/v2\/product"}],"about":[{"href":"https:\/\/www.sirabel.es\/tiendasirabel\/wp-json\/wp\/v2\/types\/product"}],"replies":[{"embeddable":true,"href":"https:\/\/www.sirabel.es\/tiendasirabel\/wp-json\/wp\/v2\/comments?post=12100"}],"version-history":[{"count":0,"href":"https:\/\/www.sirabel.es\/tiendasirabel\/wp-json\/wp\/v2\/product\/12100\/revisions"}],"wp:featuredmedia":[{"embeddable":true,"href":"https:\/\/www.sirabel.es\/tiendasirabel\/wp-json\/wp\/v2\/media\/12101"}],"wp:attachment":[{"href":"https:\/\/www.sirabel.es\/tiendasirabel\/wp-json\/wp\/v2\/media?parent=12100"}],"wp:term":[{"taxonomy":"product_brand","embeddable":true,"href":"https:\/\/www.sirabel.es\/tiendasirabel\/wp-json\/wp\/v2\/product_brand?post=12100"},{"taxonomy":"product_cat","embeddable":true,"href":"https:\/\/www.sirabel.es\/tiendasirabel\/wp-json\/wp\/v2\/product_cat?post=12100"},{"taxonomy":"product_tag","embeddable":true,"href":"https:\/\/www.sirabel.es\/tiendasirabel\/wp-json\/wp\/v2\/product_tag?post=12100"}],"curies":[{"name":"wp","href":"https:\/\/api.w.org\/{rel}","templated":true}]}}