{"id":12114,"date":"2024-03-10T19:05:59","date_gmt":"2024-03-10T18:05:59","guid":{"rendered":"https:\/\/www.sirabel.es\/tiendasirabel\/?post_type=product&#038;p=12114"},"modified":"2024-03-10T19:15:10","modified_gmt":"2024-03-10T18:15:10","slug":"capilar-champu-organico-fortalecedor-y-anti-caida-del-cabello","status":"publish","type":"product","link":"https:\/\/www.sirabel.es\/tiendasirabel\/producto\/capilar-champu-organico-fortalecedor-y-anti-caida-del-cabello\/","title":{"rendered":"Champ\u00fa org\u00e1nico fortalecedor y anti-ca\u00edda del cabello."},"content":{"rendered":"<p>Champ\u00fa org\u00e1nico\u00a0fortalecedor\u00a0y\u00a0anti-ca\u00edda\u00a0del cabello.<\/p>\n","protected":false},"excerpt":{"rendered":"<p>Champ\u00fa org\u00e1nico\u00a0fortalecedor\u00a0y\u00a0anti-ca\u00edda\u00a0del cabello.<\/p>\n<p>Contiene\u00a0algas y aceite de citronela org\u00e1nico.<\/p>\n<p>Renueva la estructura del cabello y ayuda a fortalecer las ra\u00edces.<\/p>\n<p>Producto 98% de origen natural y vegano.<\/p>\n<p>Hecho con pl\u00e1stico reciclado.<\/p>\n<p><img decoding=\"async\" src=\"https:\/\/alcortesoap.com\/img\/cms\/sello-vegano.jpg\" alt=\"Crema corporal vegana\" width=\"80\" height=\"80\" \/><\/p>\n","protected":false},"featured_media":12116,"comment_status":"open","ping_status":"closed","template":"","meta":[],"product_brand":[],"product_cat":[2048],"product_tag":[2212],"class_list":{"0":"post-12114","1":"product","2":"type-product","3":"status-publish","4":"has-post-thumbnail","6":"product_cat-capilar-champus-certificados","7":"product_tag-champu-organico-fortalecedor-y-anti-caida-del-cabello","9":"first","10":"instock","11":"taxable","12":"shipping-taxable","13":"purchasable","14":"product-type-simple"},"jetpack_sharing_enabled":true,"_links":{"self":[{"href":"https:\/\/www.sirabel.es\/tiendasirabel\/wp-json\/wp\/v2\/product\/12114","targetHints":{"allow":["GET"]}}],"collection":[{"href":"https:\/\/www.sirabel.es\/tiendasirabel\/wp-json\/wp\/v2\/product"}],"about":[{"href":"https:\/\/www.sirabel.es\/tiendasirabel\/wp-json\/wp\/v2\/types\/product"}],"replies":[{"embeddable":true,"href":"https:\/\/www.sirabel.es\/tiendasirabel\/wp-json\/wp\/v2\/comments?post=12114"}],"version-history":[{"count":0,"href":"https:\/\/www.sirabel.es\/tiendasirabel\/wp-json\/wp\/v2\/product\/12114\/revisions"}],"wp:featuredmedia":[{"embeddable":true,"href":"https:\/\/www.sirabel.es\/tiendasirabel\/wp-json\/wp\/v2\/media\/12116"}],"wp:attachment":[{"href":"https:\/\/www.sirabel.es\/tiendasirabel\/wp-json\/wp\/v2\/media?parent=12114"}],"wp:term":[{"taxonomy":"product_brand","embeddable":true,"href":"https:\/\/www.sirabel.es\/tiendasirabel\/wp-json\/wp\/v2\/product_brand?post=12114"},{"taxonomy":"product_cat","embeddable":true,"href":"https:\/\/www.sirabel.es\/tiendasirabel\/wp-json\/wp\/v2\/product_cat?post=12114"},{"taxonomy":"product_tag","embeddable":true,"href":"https:\/\/www.sirabel.es\/tiendasirabel\/wp-json\/wp\/v2\/product_tag?post=12114"}],"curies":[{"name":"wp","href":"https:\/\/api.w.org\/{rel}","templated":true}]}}