{"id":12187,"date":"2024-03-11T06:37:26","date_gmt":"2024-03-11T05:37:26","guid":{"rendered":"https:\/\/www.sirabel.es\/tiendasirabel\/?post_type=product&#038;p=12187"},"modified":"2024-03-11T06:37:26","modified_gmt":"2024-03-11T05:37:26","slug":"serum-facialde-aceite-de-marula","status":"publish","type":"product","link":"https:\/\/www.sirabel.es\/tiendasirabel\/producto\/serum-facialde-aceite-de-marula\/","title":{"rendered":"Serum facialde Aceite de Marula"},"content":{"rendered":"<h4 class=\"name item_name  \">Serum facialde Aceite de Marula<\/h4>\n","protected":false},"excerpt":{"rendered":"<p>Serum Facial<\/p>\n<p>Te presentamos este maravilloso\u00a0Serum Facial.<\/p>\n<p>Como la mayor\u00eda de nuestros productos cosm\u00e9ticos est\u00e1 fabricado en Reino Unido.<\/p>\n<p>Los Serums Faciales est\u00e1n dise\u00f1ados para ser utilizados sobre la piel directamente y previamente a maquillajes o cremas.<\/p>\n<p>Se absorben r\u00e1pidamente por la piel y dependiendo del componente que tenga pueden, nutrir, hidratar, iluminar la piel e incluso tienen efecto efecto antiarrugas, por ejemplo el producto SERF-03 tiene vitamina C, mientras el SERF-04 aporta brillo.<\/p>\n<p>Se suministran en c\u00f3modos\u00a0botes de 30ml con tap\u00f3n cuentagotas.<\/p>\n","protected":false},"featured_media":12188,"comment_status":"open","ping_status":"closed","template":"","meta":[],"product_brand":[],"product_cat":[384],"product_tag":[2241],"class_list":{"0":"post-12187","1":"product","2":"type-product","3":"status-publish","4":"has-post-thumbnail","6":"product_cat-serum-facial","7":"product_tag-serum-facialde-aceite-de-marula","9":"first","10":"instock","11":"taxable","12":"shipping-taxable","13":"purchasable","14":"product-type-simple"},"jetpack_sharing_enabled":true,"_links":{"self":[{"href":"https:\/\/www.sirabel.es\/tiendasirabel\/wp-json\/wp\/v2\/product\/12187","targetHints":{"allow":["GET"]}}],"collection":[{"href":"https:\/\/www.sirabel.es\/tiendasirabel\/wp-json\/wp\/v2\/product"}],"about":[{"href":"https:\/\/www.sirabel.es\/tiendasirabel\/wp-json\/wp\/v2\/types\/product"}],"replies":[{"embeddable":true,"href":"https:\/\/www.sirabel.es\/tiendasirabel\/wp-json\/wp\/v2\/comments?post=12187"}],"version-history":[{"count":0,"href":"https:\/\/www.sirabel.es\/tiendasirabel\/wp-json\/wp\/v2\/product\/12187\/revisions"}],"wp:featuredmedia":[{"embeddable":true,"href":"https:\/\/www.sirabel.es\/tiendasirabel\/wp-json\/wp\/v2\/media\/12188"}],"wp:attachment":[{"href":"https:\/\/www.sirabel.es\/tiendasirabel\/wp-json\/wp\/v2\/media?parent=12187"}],"wp:term":[{"taxonomy":"product_brand","embeddable":true,"href":"https:\/\/www.sirabel.es\/tiendasirabel\/wp-json\/wp\/v2\/product_brand?post=12187"},{"taxonomy":"product_cat","embeddable":true,"href":"https:\/\/www.sirabel.es\/tiendasirabel\/wp-json\/wp\/v2\/product_cat?post=12187"},{"taxonomy":"product_tag","embeddable":true,"href":"https:\/\/www.sirabel.es\/tiendasirabel\/wp-json\/wp\/v2\/product_tag?post=12187"}],"curies":[{"name":"wp","href":"https:\/\/api.w.org\/{rel}","templated":true}]}}