{"id":12202,"date":"2024-03-11T14:05:22","date_gmt":"2024-03-11T13:05:22","guid":{"rendered":"https:\/\/www.sirabel.es\/tiendasirabel\/?post_type=product&#038;p=12202"},"modified":"2024-03-11T14:05:23","modified_gmt":"2024-03-11T13:05:23","slug":"mini-rodillo-de-piedras-preciosas-sodalita","status":"publish","type":"product","link":"https:\/\/www.sirabel.es\/tiendasirabel\/producto\/mini-rodillo-de-piedras-preciosas-sodalita\/","title":{"rendered":"Mini Rodillo de Piedras Preciosas &#8211; Sodalita"},"content":{"rendered":"<h4 class=\"name item_name small \">Mini Rodillo de Piedras Preciosas &#8211; Sodalita<\/h4>\n","protected":false},"excerpt":{"rendered":"<p>Rodillo Faciales de Piedras Preciosas<\/p>\n<p>Los\u00a0Rodillos de Faciales de Piedras Preciosas son el complemento perfecto para el cuidado de la piel Sirabel\u00a0dispone de un amplio cat\u00e1logo a tu disposici\u00f3n.<\/p>\n<p>Los rodillos faciales de piedras preciosas pueden ser herramientas incre\u00edbles para aliviar la tensi\u00f3n, aumentar la circulaci\u00f3n y minimizar la hinchaz\u00f3n.<\/p>\n<p>C\u00f3mo usarlo:\u00a0enrolle hacia arriba y hacia afuera hacia las mejillas desde la barbilla, o desde el medio hacia afuera en la frente, puede usar el rodillo peque\u00f1o para los ojos. Puede\u00a0usarse en combinaci\u00f3n con aceites esenciales de masaje\u00a0para un mejor resultado.<\/p>\n<p>Si desea agregar m\u00e1s valor a este producto, puede combinarlos con m\u00e1scaras de arcilla o esponjas Konjac.<\/p>\n<p>Nuestros rodillos est\u00e1n\u00a0hechos de jade, cuarzo, sodalita o amatista\u00a0para obtener energ\u00eda positiva.<\/p>\n<p>Cada rodillo facial viene con una bolsa de algod\u00f3n 100% para protegerlo.<\/p>\n","protected":false},"featured_media":12203,"comment_status":"open","ping_status":"closed","template":"","meta":[],"product_brand":[],"product_cat":[381],"product_tag":[2247],"class_list":{"0":"post-12202","1":"product","2":"type-product","3":"status-publish","4":"has-post-thumbnail","6":"product_cat-rodillos-faciales-piedras-preciosas","7":"product_tag-mini-rodillo-de-piedras-preciosas-sodalita","9":"first","10":"instock","11":"taxable","12":"shipping-taxable","13":"purchasable","14":"product-type-simple"},"jetpack_sharing_enabled":true,"_links":{"self":[{"href":"https:\/\/www.sirabel.es\/tiendasirabel\/wp-json\/wp\/v2\/product\/12202","targetHints":{"allow":["GET"]}}],"collection":[{"href":"https:\/\/www.sirabel.es\/tiendasirabel\/wp-json\/wp\/v2\/product"}],"about":[{"href":"https:\/\/www.sirabel.es\/tiendasirabel\/wp-json\/wp\/v2\/types\/product"}],"replies":[{"embeddable":true,"href":"https:\/\/www.sirabel.es\/tiendasirabel\/wp-json\/wp\/v2\/comments?post=12202"}],"version-history":[{"count":0,"href":"https:\/\/www.sirabel.es\/tiendasirabel\/wp-json\/wp\/v2\/product\/12202\/revisions"}],"wp:featuredmedia":[{"embeddable":true,"href":"https:\/\/www.sirabel.es\/tiendasirabel\/wp-json\/wp\/v2\/media\/12203"}],"wp:attachment":[{"href":"https:\/\/www.sirabel.es\/tiendasirabel\/wp-json\/wp\/v2\/media?parent=12202"}],"wp:term":[{"taxonomy":"product_brand","embeddable":true,"href":"https:\/\/www.sirabel.es\/tiendasirabel\/wp-json\/wp\/v2\/product_brand?post=12202"},{"taxonomy":"product_cat","embeddable":true,"href":"https:\/\/www.sirabel.es\/tiendasirabel\/wp-json\/wp\/v2\/product_cat?post=12202"},{"taxonomy":"product_tag","embeddable":true,"href":"https:\/\/www.sirabel.es\/tiendasirabel\/wp-json\/wp\/v2\/product_tag?post=12202"}],"curies":[{"name":"wp","href":"https:\/\/api.w.org\/{rel}","templated":true}]}}