{"id":12643,"date":"2024-03-15T06:13:33","date_gmt":"2024-03-15T05:13:33","guid":{"rendered":"https:\/\/www.sirabel.es\/tiendasirabel\/?post_type=product&#038;p=12643"},"modified":"2024-03-15T06:46:35","modified_gmt":"2024-03-15T05:46:35","slug":"no-576-eau-de-parfum-hombre-poderoso","status":"publish","type":"product","link":"https:\/\/www.sirabel.es\/tiendasirabel\/producto\/no-576-eau-de-parfum-hombre-poderoso\/","title":{"rendered":"EAU DE PARFUM &#8211; HOMBRE PODEROSO"},"content":{"rendered":"<p class=\"product_name \">EAU DE PARFUM &#8211; HOMBRE PODEROSO<\/p>\n","protected":false},"excerpt":{"rendered":"<p>Perfume formato viaje: Arom\u00e1tica Secret Collection<\/p>\n<p>Mini perfume tama\u00f1o viaje para\u00a0hombre<\/p>\n<p>El perfume que no puede faltar en tu bolso y neceser, en tu hogar en frasco entero y para llevar siempre contigo, en\u00a0formato de viaje en Roll-On\u00a0para disfrutar de esta\u00a0fragancia\u00a0exquisita y cautivadora\u00a0en cualquier momento y lugar.<\/p>\n<p>Eau De Parfum N.\u00ba 576:\u00a0Fragancia masculina\u00a0seductora y poderosa\u00a0que\u00a0gusta\u00a0a todas las narices. Fragancia cautivadora para un hombre decidido y atrevido, sus notas frescas, sutilmente picantes y seductoras aportan masculinidad y elegancia.<\/p>\n<p>Notas olfativas:\u00a0Notas de Salida, mandarina roja, toronja (pomelo) y menta; Notas de Coraz\u00f3n, canela, notas especiadas y rosa; Notas de Fondo, \u00e1mbar, cuero, notas amaderadas y pachul\u00ed hind\u00fa.<\/p>\n<p>Secret Collection te ofrece un mini perfume en envase de cristal c\u00f3modo y pr\u00e1ctico para aplicar suavemente sobre la\u00a0piel gracias a su esfera no porosa e higi\u00e9nica de acero inoxidable. Esta aplicaci\u00f3n en Roll-on\u00a0evita los cl\u00e1sicos derrames sobre la piel cuando quieres perfumar en zonas localizadas\u00a0del cuerpo. Adem\u00e1s, gracias a su\u00a0innovadora f\u00f3rmula especial\u00a0en gel, proporciona una f\u00e1cil aplicaci\u00f3n, suavidad y permanencia de la fragancia sobre la piel. No deja textura grasa, ni reseca la piel gracias a su f\u00f3rmula humectante.<\/p>\n<ul>\n<li>Sin derrames<\/li>\n<li>F\u00e1cil aplicaci\u00f3n<\/li>\n<li>Durabilidad y permanencia del perfume en la piel<\/li>\n<li>Suave\u00a0en la aplicaci\u00f3n<\/li>\n<li>F\u00f3rmula humectante<\/li>\n<\/ul>\n<p><img decoding=\"async\" src=\"https:\/\/alcortesoap.com\/img\/cms\/modo-de-uso.jpg\" alt=\"modo-de-uso.jpg\" width=\"256\" height=\"80\" \/><\/p>\n<p>Modo de uso:<\/p>\n<ul>\n<li>Desenrosque el tap\u00f3n del perfume<\/li>\n<li>Agite el contenido del envase<\/li>\n<li>Con movimientos circulares, aplique el perfume en la zona del cuello, detr\u00e1s de las orejas y mu\u00f1ecas.<\/li>\n<\/ul>\n","protected":false},"featured_media":12644,"comment_status":"open","ping_status":"closed","template":"","meta":[],"product_brand":[],"product_cat":[2315],"product_tag":[2341],"class_list":{"0":"post-12643","1":"product","2":"type-product","3":"status-publish","4":"has-post-thumbnail","6":"product_cat-perfumes-roll-on","7":"product_tag-eau-de-parfum-hombre-poderoso","9":"first","10":"instock","11":"taxable","12":"shipping-taxable","13":"purchasable","14":"product-type-simple"},"jetpack_sharing_enabled":true,"_links":{"self":[{"href":"https:\/\/www.sirabel.es\/tiendasirabel\/wp-json\/wp\/v2\/product\/12643","targetHints":{"allow":["GET"]}}],"collection":[{"href":"https:\/\/www.sirabel.es\/tiendasirabel\/wp-json\/wp\/v2\/product"}],"about":[{"href":"https:\/\/www.sirabel.es\/tiendasirabel\/wp-json\/wp\/v2\/types\/product"}],"replies":[{"embeddable":true,"href":"https:\/\/www.sirabel.es\/tiendasirabel\/wp-json\/wp\/v2\/comments?post=12643"}],"version-history":[{"count":0,"href":"https:\/\/www.sirabel.es\/tiendasirabel\/wp-json\/wp\/v2\/product\/12643\/revisions"}],"wp:featuredmedia":[{"embeddable":true,"href":"https:\/\/www.sirabel.es\/tiendasirabel\/wp-json\/wp\/v2\/media\/12644"}],"wp:attachment":[{"href":"https:\/\/www.sirabel.es\/tiendasirabel\/wp-json\/wp\/v2\/media?parent=12643"}],"wp:term":[{"taxonomy":"product_brand","embeddable":true,"href":"https:\/\/www.sirabel.es\/tiendasirabel\/wp-json\/wp\/v2\/product_brand?post=12643"},{"taxonomy":"product_cat","embeddable":true,"href":"https:\/\/www.sirabel.es\/tiendasirabel\/wp-json\/wp\/v2\/product_cat?post=12643"},{"taxonomy":"product_tag","embeddable":true,"href":"https:\/\/www.sirabel.es\/tiendasirabel\/wp-json\/wp\/v2\/product_tag?post=12643"}],"curies":[{"name":"wp","href":"https:\/\/api.w.org\/{rel}","templated":true}]}}