{"id":12794,"date":"2024-03-15T22:50:21","date_gmt":"2024-03-15T21:50:21","guid":{"rendered":"https:\/\/www.sirabel.es\/tiendasirabel\/?post_type=product&#038;p=12794"},"modified":"2024-03-22T19:50:08","modified_gmt":"2024-03-22T18:50:08","slug":"fragancia-lampara-catalitica-provence-breeze","status":"publish","type":"product","link":"https:\/\/www.sirabel.es\/tiendasirabel\/producto\/fragancia-lampara-catalitica-provence-breeze\/","title":{"rendered":"FRAGANCIA L\u00c1MPARA CATAL\u00cdTICA PROVENCE BREEZE"},"content":{"rendered":"<p class=\"product_name \">FRAGANCIA L\u00c1MPARA CATAL\u00cdTICA PROVENCE BREEZE<\/p>\n","protected":false},"excerpt":{"rendered":"<p>Propiedades antibacterianas por sus caracter\u00edsticas seg\u00fan mediciones y test de laboratorios:<\/p>\n<p>\u00c1caros en el ambiente: Elimina hasta un 89%. Son destruidos pasadas 3-4 horas.<br \/>\nE. Coli: El 89% de estas bacterias son destruidas despu\u00e9s de 3 horas de funcionamiento.<br \/>\nEsporas de moho: hasta un 89,9% son destruidas despu\u00e9s de 3 horas.<br \/>\nHumo de tabaco: Elimina hasta el 99,9% de las part\u00edculas del humo del tabaco despues de 30 minutos.<br \/>\nPosibilidad de venta de recargas a granel en formatos econ\u00f3micos para mayor cantidad. Cons\u00faltenos.<\/p>\n<p>Modo de uso:<\/p>\n<p>1. Llene la l\u00e1mpara a 3\/4 de su capacidad e introduzca la mecha sin encender dej\u00e1ndola empapar unos 15 minutos.<\/p>\n<p>2. Encienda la mecha con un mechero. Mantenga la llama por dos minutos.<\/p>\n<p>3. Al cabo de dos minutos (la llama reducir\u00e1 considerablemente su tama\u00f1o) sople la llama para apagarla.<\/p>\n<p>4. Ponga el cabezal agujereado decorativo de capuch\u00f3n (cabezal protector)<\/p>\n<p>5. Cuando se desee apagar, ponga el capuch\u00f3n de metal cerrado para ahogar la combusti\u00f3n.<\/p>\n<p>6. Se aconseja un uso continuado de 20-30 minutos. Despu\u00e9s apagar para evitar gasto innecesario.<\/p>\n<p>Tenga especial cuidado:<\/p>\n<p>No deje la l\u00e1mpara llena al alcance de los ni\u00f1os ni de las mascotas.<\/p>\n<p>Aleje la l\u00e1mpara de fuentes de calor y evite situarla encima de radiadores o fuentes t\u00e9rmicas. Contiene alcohol isoprop\u00edlico de base.<\/p>\n","protected":false},"featured_media":12795,"comment_status":"open","ping_status":"closed","template":"","meta":[],"product_brand":[],"product_cat":[2380],"product_tag":[2389],"class_list":{"0":"post-12794","1":"product","2":"type-product","3":"status-publish","4":"has-post-thumbnail","6":"product_cat-fragancias-cataliticas","7":"product_tag-fragancia-lampara-catalitica-provence-breeze","9":"first","10":"instock","11":"taxable","12":"shipping-taxable","13":"purchasable","14":"product-type-simple"},"jetpack_sharing_enabled":true,"_links":{"self":[{"href":"https:\/\/www.sirabel.es\/tiendasirabel\/wp-json\/wp\/v2\/product\/12794","targetHints":{"allow":["GET"]}}],"collection":[{"href":"https:\/\/www.sirabel.es\/tiendasirabel\/wp-json\/wp\/v2\/product"}],"about":[{"href":"https:\/\/www.sirabel.es\/tiendasirabel\/wp-json\/wp\/v2\/types\/product"}],"replies":[{"embeddable":true,"href":"https:\/\/www.sirabel.es\/tiendasirabel\/wp-json\/wp\/v2\/comments?post=12794"}],"version-history":[{"count":0,"href":"https:\/\/www.sirabel.es\/tiendasirabel\/wp-json\/wp\/v2\/product\/12794\/revisions"}],"wp:featuredmedia":[{"embeddable":true,"href":"https:\/\/www.sirabel.es\/tiendasirabel\/wp-json\/wp\/v2\/media\/12795"}],"wp:attachment":[{"href":"https:\/\/www.sirabel.es\/tiendasirabel\/wp-json\/wp\/v2\/media?parent=12794"}],"wp:term":[{"taxonomy":"product_brand","embeddable":true,"href":"https:\/\/www.sirabel.es\/tiendasirabel\/wp-json\/wp\/v2\/product_brand?post=12794"},{"taxonomy":"product_cat","embeddable":true,"href":"https:\/\/www.sirabel.es\/tiendasirabel\/wp-json\/wp\/v2\/product_cat?post=12794"},{"taxonomy":"product_tag","embeddable":true,"href":"https:\/\/www.sirabel.es\/tiendasirabel\/wp-json\/wp\/v2\/product_tag?post=12794"}],"curies":[{"name":"wp","href":"https:\/\/api.w.org\/{rel}","templated":true}]}}