{"id":12831,"date":"2024-03-16T08:37:49","date_gmt":"2024-03-16T07:37:49","guid":{"rendered":"https:\/\/www.sirabel.es\/tiendasirabel\/?post_type=product&#038;p=12831"},"modified":"2024-03-16T09:07:15","modified_gmt":"2024-03-16T08:07:15","slug":"exfoliante-para-cejas-nutre-y-fortalece","status":"publish","type":"product","link":"https:\/\/www.sirabel.es\/tiendasirabel\/producto\/exfoliante-para-cejas-nutre-y-fortalece\/","title":{"rendered":"Exfoliante Para Cejas Nutre Y Fortalece"},"content":{"rendered":"<p>Exfoliante Para Cejas Nutre Y Fortalece<\/p>\n","protected":false},"excerpt":{"rendered":"<p>Exfoliante\u00a0para cejas.<\/p>\n<p>Exfolia y\u00a0evita los vellos encarnados.<\/p>\n<p>Nutren y fortalecen las ra\u00edces\u00a0del pelo de las cejas.<\/p>\n<p>Con\u00a0polvo de bamb\u00fa, aceite de ricino y vitamina E.<\/p>\n<p>F\u00f3rmula que No contiene SLS, Ni parabenos.<\/p>\n<p>99% ingredientes naturales y org\u00e1nicos.<\/p>\n<p>15ml.<\/p>\n<p>Las part\u00edculas de bamb\u00fa natural exfolian la piel, evitan los vellos encarnados y la hacen m\u00e1s luminosa. El aceite de ricino y la vitamina E nutren, fortalecen las ra\u00edces y estimulan el crecimiento de cabello nuevo.<\/p>\n<p>Modo de empleo:\u00a0Humedecer la zona y\u00a0aplicar el exfoliante en la ceja, por encima y por debajo de la ceja, masajear suavemente con movimientos circulares. Luego, l\u00edmpielo con un algod\u00f3n h\u00famedo. Use 1-2 veces por semana.<\/p>\n","protected":false},"featured_media":12832,"comment_status":"open","ping_status":"closed","template":"","meta":[],"product_brand":[],"product_cat":[2316,2408],"product_tag":[2401],"class_list":{"0":"post-12831","1":"product","2":"type-product","3":"status-publish","4":"has-post-thumbnail","6":"product_cat-exfoliantes-veganos","7":"product_cat-exfoliantes-veganos-facial","8":"product_tag-exfoliante-para-cejas-nutre-y-fortalece","10":"first","11":"instock","12":"taxable","13":"shipping-taxable","14":"purchasable","15":"product-type-simple"},"jetpack_sharing_enabled":true,"_links":{"self":[{"href":"https:\/\/www.sirabel.es\/tiendasirabel\/wp-json\/wp\/v2\/product\/12831","targetHints":{"allow":["GET"]}}],"collection":[{"href":"https:\/\/www.sirabel.es\/tiendasirabel\/wp-json\/wp\/v2\/product"}],"about":[{"href":"https:\/\/www.sirabel.es\/tiendasirabel\/wp-json\/wp\/v2\/types\/product"}],"replies":[{"embeddable":true,"href":"https:\/\/www.sirabel.es\/tiendasirabel\/wp-json\/wp\/v2\/comments?post=12831"}],"version-history":[{"count":0,"href":"https:\/\/www.sirabel.es\/tiendasirabel\/wp-json\/wp\/v2\/product\/12831\/revisions"}],"wp:featuredmedia":[{"embeddable":true,"href":"https:\/\/www.sirabel.es\/tiendasirabel\/wp-json\/wp\/v2\/media\/12832"}],"wp:attachment":[{"href":"https:\/\/www.sirabel.es\/tiendasirabel\/wp-json\/wp\/v2\/media?parent=12831"}],"wp:term":[{"taxonomy":"product_brand","embeddable":true,"href":"https:\/\/www.sirabel.es\/tiendasirabel\/wp-json\/wp\/v2\/product_brand?post=12831"},{"taxonomy":"product_cat","embeddable":true,"href":"https:\/\/www.sirabel.es\/tiendasirabel\/wp-json\/wp\/v2\/product_cat?post=12831"},{"taxonomy":"product_tag","embeddable":true,"href":"https:\/\/www.sirabel.es\/tiendasirabel\/wp-json\/wp\/v2\/product_tag?post=12831"}],"curies":[{"name":"wp","href":"https:\/\/api.w.org\/{rel}","templated":true}]}}