{"id":13087,"date":"2024-03-17T09:59:14","date_gmt":"2024-03-17T08:59:14","guid":{"rendered":"https:\/\/www.sirabel.es\/tiendasirabel\/?post_type=product&#038;p=13087"},"modified":"2024-03-17T09:59:14","modified_gmt":"2024-03-17T08:59:14","slug":"exfoliante-corporal-lifting-mango-y-cafe","status":"publish","type":"product","link":"https:\/\/www.sirabel.es\/tiendasirabel\/producto\/exfoliante-corporal-lifting-mango-y-cafe\/","title":{"rendered":"Exfoliante Corporal Lifting Mango y Caf\u00e9"},"content":{"rendered":"<p>Exfoliante Corporal Lifting Mango y Caf\u00e9<\/p>\n","protected":false},"excerpt":{"rendered":"<p>Exfoliante Corporal Lifting<\/p>\n<p>&#8211; Exfoliante corporal suave y flexible, elaborado con preciados ingredientes naturales<br \/>\n&#8211; Los granos exfoliantes naturales de az\u00facar y sal marina eliminan suavemente las c\u00e9lulas cut\u00e1neas sobrantes para dejar la piel m\u00e1s suave y refinada<br \/>\n&#8211; La manteca de mango org\u00e1nica hidrata y nutre la piel con vitaminas, dej\u00e1ndola aterciopelada y suave<br \/>\n&#8211; El aceite de caf\u00e9 verde tonifica y reafirma la piel, mejorando su elasticidad y contorno<\/p>\n<p>250 g<\/p>\n","protected":false},"featured_media":13088,"comment_status":"open","ping_status":"closed","template":"","meta":[],"product_brand":[],"product_cat":[2316,2409],"product_tag":[2483],"class_list":{"0":"post-13087","1":"product","2":"type-product","3":"status-publish","4":"has-post-thumbnail","6":"product_cat-exfoliantes-veganos","7":"product_cat-exfoliante-vegano-corporal","8":"product_tag-exfoliante-corporal-lifting-mango-y-cafe","10":"first","11":"instock","12":"taxable","13":"shipping-taxable","14":"purchasable","15":"product-type-simple"},"jetpack_sharing_enabled":true,"_links":{"self":[{"href":"https:\/\/www.sirabel.es\/tiendasirabel\/wp-json\/wp\/v2\/product\/13087","targetHints":{"allow":["GET"]}}],"collection":[{"href":"https:\/\/www.sirabel.es\/tiendasirabel\/wp-json\/wp\/v2\/product"}],"about":[{"href":"https:\/\/www.sirabel.es\/tiendasirabel\/wp-json\/wp\/v2\/types\/product"}],"replies":[{"embeddable":true,"href":"https:\/\/www.sirabel.es\/tiendasirabel\/wp-json\/wp\/v2\/comments?post=13087"}],"version-history":[{"count":0,"href":"https:\/\/www.sirabel.es\/tiendasirabel\/wp-json\/wp\/v2\/product\/13087\/revisions"}],"wp:featuredmedia":[{"embeddable":true,"href":"https:\/\/www.sirabel.es\/tiendasirabel\/wp-json\/wp\/v2\/media\/13088"}],"wp:attachment":[{"href":"https:\/\/www.sirabel.es\/tiendasirabel\/wp-json\/wp\/v2\/media?parent=13087"}],"wp:term":[{"taxonomy":"product_brand","embeddable":true,"href":"https:\/\/www.sirabel.es\/tiendasirabel\/wp-json\/wp\/v2\/product_brand?post=13087"},{"taxonomy":"product_cat","embeddable":true,"href":"https:\/\/www.sirabel.es\/tiendasirabel\/wp-json\/wp\/v2\/product_cat?post=13087"},{"taxonomy":"product_tag","embeddable":true,"href":"https:\/\/www.sirabel.es\/tiendasirabel\/wp-json\/wp\/v2\/product_tag?post=13087"}],"curies":[{"name":"wp","href":"https:\/\/api.w.org\/{rel}","templated":true}]}}