{"id":13093,"date":"2024-03-17T10:03:35","date_gmt":"2024-03-17T09:03:35","guid":{"rendered":"https:\/\/www.sirabel.es\/tiendasirabel\/?post_type=product&#038;p=13093"},"modified":"2024-03-17T10:03:35","modified_gmt":"2024-03-17T09:03:35","slug":"exfoliante-corporal-organico-hidratante-coco-azucar","status":"publish","type":"product","link":"https:\/\/www.sirabel.es\/tiendasirabel\/producto\/exfoliante-corporal-organico-hidratante-coco-azucar\/","title":{"rendered":"Exfoliante corporal org\u00e1nico \u00abHidratante\u00bb Coco &#038; az\u00facar"},"content":{"rendered":"<p>Exfoliante corporal org\u00e1nico \u00abHidratante\u00bb Coco &amp; az\u00facar<\/p>\n","protected":false},"excerpt":{"rendered":"<p>Nuevo exfoliante\u00a0corporal\u00a0hidratante con\u00a0aceite de coco org\u00e1nico\u00a0y az\u00facar\u00a0natural.<\/p>\n<p>Renueva, hidrata eficazmente y deja la piel aterciopelada.<\/p>\n<p>Producto 99% de origen natural<\/p>\n<p>250ml<\/p>\n<h2><img decoding=\"async\" src=\"https:\/\/alcortesoap.com\/img\/cms\/cosmos-natural.jpg\" alt=\"exfoliante corporal natural certificado\" width=\"151\" height=\"78\" \/><img decoding=\"async\" src=\"https:\/\/alcortesoap.com\/img\/cms\/sello-vegano.jpg\" alt=\"Exfoliante organic shop certificado vegano\" width=\"80\" height=\"80\" \/><\/h2>\n<p class=\"p1\">Exfoliante de az\u00facar suave que ayuda a renovar la piel y la hidrata. El aceite de coco org\u00e1nico hidrata eficazmente la piel y restablece su equilibrio natural mientras el az\u00facar natural la exfolia suavemente, dej\u00e1ndola suave y aterciopelada.<\/p>\n<p>Modo de empleo: Aplicar una peque\u00f1a cantidad de producto\u00a0sobre la piel h\u00fameda, masajeando suavemente en forma de c\u00edrculos, luego enjuague.\u00a0Usar de dos a tres veces por semana para obtener los mejores resultados.<\/p>\n<p>Producto 99% de origen natural<br \/>\nCertificaci\u00f3n\u00a0BDIH (Cosmos Natural) y Vegan Society (UK)<\/p>\n<p>El certificado BDIH confirma los est\u00e1ndares m\u00e1s estrictos\u00a0alemanes de calidad para los cosm\u00e9ticos naturales y org\u00e1nicos.<\/p>\n<p>Sin\u00a0SLS, sin parabenos, Sin\u00a0SILICONA<\/p>\n","protected":false},"featured_media":13094,"comment_status":"open","ping_status":"closed","template":"","meta":[],"product_brand":[],"product_cat":[2316,2409],"product_tag":[2485],"class_list":{"0":"post-13093","1":"product","2":"type-product","3":"status-publish","4":"has-post-thumbnail","6":"product_cat-exfoliantes-veganos","7":"product_cat-exfoliante-vegano-corporal","8":"product_tag-exfoliante-corporal-organico-hidratante-coco-azucar","10":"first","11":"instock","12":"taxable","13":"shipping-taxable","14":"purchasable","15":"product-type-simple"},"jetpack_sharing_enabled":true,"_links":{"self":[{"href":"https:\/\/www.sirabel.es\/tiendasirabel\/wp-json\/wp\/v2\/product\/13093","targetHints":{"allow":["GET"]}}],"collection":[{"href":"https:\/\/www.sirabel.es\/tiendasirabel\/wp-json\/wp\/v2\/product"}],"about":[{"href":"https:\/\/www.sirabel.es\/tiendasirabel\/wp-json\/wp\/v2\/types\/product"}],"replies":[{"embeddable":true,"href":"https:\/\/www.sirabel.es\/tiendasirabel\/wp-json\/wp\/v2\/comments?post=13093"}],"version-history":[{"count":0,"href":"https:\/\/www.sirabel.es\/tiendasirabel\/wp-json\/wp\/v2\/product\/13093\/revisions"}],"wp:featuredmedia":[{"embeddable":true,"href":"https:\/\/www.sirabel.es\/tiendasirabel\/wp-json\/wp\/v2\/media\/13094"}],"wp:attachment":[{"href":"https:\/\/www.sirabel.es\/tiendasirabel\/wp-json\/wp\/v2\/media?parent=13093"}],"wp:term":[{"taxonomy":"product_brand","embeddable":true,"href":"https:\/\/www.sirabel.es\/tiendasirabel\/wp-json\/wp\/v2\/product_brand?post=13093"},{"taxonomy":"product_cat","embeddable":true,"href":"https:\/\/www.sirabel.es\/tiendasirabel\/wp-json\/wp\/v2\/product_cat?post=13093"},{"taxonomy":"product_tag","embeddable":true,"href":"https:\/\/www.sirabel.es\/tiendasirabel\/wp-json\/wp\/v2\/product_tag?post=13093"}],"curies":[{"name":"wp","href":"https:\/\/api.w.org\/{rel}","templated":true}]}}