{"id":13104,"date":"2024-03-17T12:27:27","date_gmt":"2024-03-17T11:27:27","guid":{"rendered":"https:\/\/www.sirabel.es\/tiendasirabel\/?post_type=product&#038;p=13104"},"modified":"2024-03-17T12:27:28","modified_gmt":"2024-03-17T11:27:28","slug":"exfoliante-corporal-antiedad","status":"publish","type":"product","link":"https:\/\/www.sirabel.es\/tiendasirabel\/producto\/exfoliante-corporal-antiedad\/","title":{"rendered":"Exfoliante Corporal Antiedad"},"content":{"rendered":"<p>Exfoliante Corporal Antiedad<\/p>\n","protected":false},"excerpt":{"rendered":"<p>Exfoliante corporal vegano\u00a0antiedad.<\/p>\n<p>Limpia, nutre, tonifica y fortalece ayudando a rejuvenecer la piel.<\/p>\n<p>Exfoliante antiedad que\u00a0hidrata profundamente\u00a0la piel dej\u00e1ndola\u00a0suave y tersa.<\/p>\n<p>Ingredientes activos: manteca de karit\u00e9, extracto de bayas de Acai y Aloe vera y aceites de almendras, pomelo y bergamota.<\/p>\n<p>Apto para todo tipo de pieles.<\/p>\n<p>Producto 97,2% de origen org\u00e1nico<\/p>\n<p>250g.<\/p>\n<p>Exfoliante corporal que tonifica y rejuvenece la piel<\/p>\n<p>Exfoliante corporal vegano anti edad que contiene ingredientes naturales y org\u00e1nicos activos como: manteca de karit\u00e9 y aceite de almendras org\u00e1nicos\u00a0que nutren, hidratan y suavizan la piel.\u00a0Extracto de bayas de Acai\u00a0que nutre la piel con vitaminas, tonific\u00e1ndola y fortaleci\u00e9ndola.\u00a0Extracto de Aloe Vera\u00a0que hidrata profundamente la piel.\u00a0Aceite esencial\u00a0de bergamota\u00a0tonifica e hidrata la piel, dej\u00e1ndola suave y tersa.\u00a0Aceite de pomelo\u00a0nutre y rejuvenece la piel.<\/p>\n<p>Modo de uso:<\/p>\n<p>Aplicar sobre la piel h\u00fameda, masajear suavemente y enjuagar con agua tibia. S\u00f3lo para uso externo.<\/p>\n<p>Producto 97,2% de origen natural<\/p>\n<p>Sin parabenos, Sin siliconas, Sin SLS<\/p>\n","protected":false},"featured_media":13105,"comment_status":"open","ping_status":"closed","template":"","meta":[],"product_brand":[],"product_cat":[2316,2409],"product_tag":[2489],"class_list":{"0":"post-13104","1":"product","2":"type-product","3":"status-publish","4":"has-post-thumbnail","6":"product_cat-exfoliantes-veganos","7":"product_cat-exfoliante-vegano-corporal","8":"product_tag-exfoliante-corporal-antiedad","10":"first","11":"instock","12":"taxable","13":"shipping-taxable","14":"purchasable","15":"product-type-simple"},"jetpack_sharing_enabled":true,"_links":{"self":[{"href":"https:\/\/www.sirabel.es\/tiendasirabel\/wp-json\/wp\/v2\/product\/13104","targetHints":{"allow":["GET"]}}],"collection":[{"href":"https:\/\/www.sirabel.es\/tiendasirabel\/wp-json\/wp\/v2\/product"}],"about":[{"href":"https:\/\/www.sirabel.es\/tiendasirabel\/wp-json\/wp\/v2\/types\/product"}],"replies":[{"embeddable":true,"href":"https:\/\/www.sirabel.es\/tiendasirabel\/wp-json\/wp\/v2\/comments?post=13104"}],"version-history":[{"count":0,"href":"https:\/\/www.sirabel.es\/tiendasirabel\/wp-json\/wp\/v2\/product\/13104\/revisions"}],"wp:featuredmedia":[{"embeddable":true,"href":"https:\/\/www.sirabel.es\/tiendasirabel\/wp-json\/wp\/v2\/media\/13105"}],"wp:attachment":[{"href":"https:\/\/www.sirabel.es\/tiendasirabel\/wp-json\/wp\/v2\/media?parent=13104"}],"wp:term":[{"taxonomy":"product_brand","embeddable":true,"href":"https:\/\/www.sirabel.es\/tiendasirabel\/wp-json\/wp\/v2\/product_brand?post=13104"},{"taxonomy":"product_cat","embeddable":true,"href":"https:\/\/www.sirabel.es\/tiendasirabel\/wp-json\/wp\/v2\/product_cat?post=13104"},{"taxonomy":"product_tag","embeddable":true,"href":"https:\/\/www.sirabel.es\/tiendasirabel\/wp-json\/wp\/v2\/product_tag?post=13104"}],"curies":[{"name":"wp","href":"https:\/\/api.w.org\/{rel}","templated":true}]}}