{"id":13109,"date":"2024-03-17T12:34:49","date_gmt":"2024-03-17T11:34:49","guid":{"rendered":"https:\/\/www.sirabel.es\/tiendasirabel\/?post_type=product&#038;p=13109"},"modified":"2024-03-17T12:34:49","modified_gmt":"2024-03-17T11:34:49","slug":"exfoliante-corporal-reafirmante","status":"publish","type":"product","link":"https:\/\/www.sirabel.es\/tiendasirabel\/producto\/exfoliante-corporal-reafirmante\/","title":{"rendered":"Exfoliante Corporal Reafirmante"},"content":{"rendered":"<p>Exfoliante Corporal Reafirmante<\/p>\n","protected":false},"excerpt":{"rendered":"<p>Exfoliante corporal vegano\u00a0<strong>Firming<\/strong>.<\/p>\n<p><strong>Tonifica, reduce y mejora la firmeza y elasticidad<\/strong>\u00a0de la piel.<\/p>\n<p>Exfoliante reafirmante que\u00a0<strong>hidrata\u00a0<\/strong>la piel dej\u00e1ndola<strong>\u00a0suave y tersa<\/strong>.<\/p>\n<p>Ingredientes activos: aceite de romero y extracto de salvia.<\/p>\n<p>Apto para todo tipo de pieles.<\/p>\n<p>Producto 98,7% de origen org\u00e1nico<\/p>\n<p>300g.<\/p>\n<h3>Exfoliante corporal que mejora la firmeza de la piel<\/h3>\n<p>Exfoliante corporal vegano reafirmante que contiene ingredientes naturales y org\u00e1nicos activos como:\u00a0aceite de romero org\u00e1nico\u00a0que tiene un efecto antis\u00e9ptico y estimula los procesos metab\u00f3licos en las c\u00e9lulas.\u00a0Extracto de salvia\u00a0que tiene un efecto calmante y la piel se vuelve firme y el\u00e1stica.<\/p>\n<p>Modo de uso:<\/p>\n<p>Aplicar sobre la piel h\u00fameda, masajear suavemente y enjuagar con agua tibia. S\u00f3lo para uso externo.<\/p>\n<p>Producto 98,7% de origen natural<\/p>\n<p>Sin parabenos, Sin siliconas, Sin SLS<\/p>\n","protected":false},"featured_media":13110,"comment_status":"open","ping_status":"closed","template":"","meta":[],"product_brand":[],"product_cat":[2316,2409],"product_tag":[2491],"class_list":{"0":"post-13109","1":"product","2":"type-product","3":"status-publish","4":"has-post-thumbnail","6":"product_cat-exfoliantes-veganos","7":"product_cat-exfoliante-vegano-corporal","8":"product_tag-exfoliante-corporal-reafirmante","10":"first","11":"instock","12":"taxable","13":"shipping-taxable","14":"purchasable","15":"product-type-simple"},"jetpack_sharing_enabled":true,"_links":{"self":[{"href":"https:\/\/www.sirabel.es\/tiendasirabel\/wp-json\/wp\/v2\/product\/13109","targetHints":{"allow":["GET"]}}],"collection":[{"href":"https:\/\/www.sirabel.es\/tiendasirabel\/wp-json\/wp\/v2\/product"}],"about":[{"href":"https:\/\/www.sirabel.es\/tiendasirabel\/wp-json\/wp\/v2\/types\/product"}],"replies":[{"embeddable":true,"href":"https:\/\/www.sirabel.es\/tiendasirabel\/wp-json\/wp\/v2\/comments?post=13109"}],"version-history":[{"count":0,"href":"https:\/\/www.sirabel.es\/tiendasirabel\/wp-json\/wp\/v2\/product\/13109\/revisions"}],"wp:featuredmedia":[{"embeddable":true,"href":"https:\/\/www.sirabel.es\/tiendasirabel\/wp-json\/wp\/v2\/media\/13110"}],"wp:attachment":[{"href":"https:\/\/www.sirabel.es\/tiendasirabel\/wp-json\/wp\/v2\/media?parent=13109"}],"wp:term":[{"taxonomy":"product_brand","embeddable":true,"href":"https:\/\/www.sirabel.es\/tiendasirabel\/wp-json\/wp\/v2\/product_brand?post=13109"},{"taxonomy":"product_cat","embeddable":true,"href":"https:\/\/www.sirabel.es\/tiendasirabel\/wp-json\/wp\/v2\/product_cat?post=13109"},{"taxonomy":"product_tag","embeddable":true,"href":"https:\/\/www.sirabel.es\/tiendasirabel\/wp-json\/wp\/v2\/product_tag?post=13109"}],"curies":[{"name":"wp","href":"https:\/\/api.w.org\/{rel}","templated":true}]}}