{"id":13112,"date":"2024-03-17T12:37:22","date_gmt":"2024-03-17T11:37:22","guid":{"rendered":"https:\/\/www.sirabel.es\/tiendasirabel\/?post_type=product&#038;p=13112"},"modified":"2024-03-17T12:37:22","modified_gmt":"2024-03-17T11:37:22","slug":"exfoliante-corporal-renovador","status":"publish","type":"product","link":"https:\/\/www.sirabel.es\/tiendasirabel\/producto\/exfoliante-corporal-renovador\/","title":{"rendered":"Exfoliante Corporal Renovador"},"content":{"rendered":"<p>Exfoliante Corporal Renovador<\/p>\n","protected":false},"excerpt":{"rendered":"<p>Exfoliante corporal vegano\u00a0Renewing.<\/p>\n<p>Renueva, reduce la apariencia de la celulitis y tonifica\u00a0la piel.<\/p>\n<p>Rico en\u00a0cafe\u00edna natural\u00a0y teobromina que\u00a0reduce los signos de envejecimiento.<\/p>\n<p>Hidratante, nutritivo y suavizante con\u00a0aroma a caf\u00e9.<\/p>\n<p>Ingredientes activos: caf\u00e9, aceites de coco y baobab, extractos de nuez de cola y rooibos.<\/p>\n<p>Apto para todo tipo de pieles.<\/p>\n<p>Producto 97,2% de origen org\u00e1nico.<\/p>\n<p>Exfoliante corporal vegano que contiene ingredientes naturales y org\u00e1nicos activos como:\u00a0caf\u00e9\u00a0que mejora el flujo sangu\u00edneo, reduce la apariencia de la celulitis y le da a la piel un tono m\u00e1s suave y un agradable aroma a caf\u00e9.\u00a0Aceites de coco y baobab\u00a0que eliminan la sequedad, nutren, hidratan, suavizan la piel, tienen un claro efecto antiinflamatorio y antienvejecimiento.\u00a0Extractos de nuez de cola y Rooibos\u00a0que son ricos en cafe\u00edna natural y teobromina\u00a0y aceleran el metabolismo en las c\u00e9lulas de la piel.<\/p>\n<p>Modo de uso:<\/p>\n<p>Aplicar sobre la piel h\u00fameda, masajear suavemente y enjuagar con agua tibia. S\u00f3lo para uso externo.<\/p>\n<p>Producto 97,2% de origen natural<\/p>\n<p>Sin parabenos, Sin siliconas, Sin SLS<\/p>\n<p>250g<\/p>\n","protected":false},"featured_media":13113,"comment_status":"open","ping_status":"closed","template":"","meta":[],"product_brand":[],"product_cat":[2316,2409],"product_tag":[2492],"class_list":{"0":"post-13112","1":"product","2":"type-product","3":"status-publish","4":"has-post-thumbnail","6":"product_cat-exfoliantes-veganos","7":"product_cat-exfoliante-vegano-corporal","8":"product_tag-exfoliante-corporal-renovador","10":"first","11":"instock","12":"taxable","13":"shipping-taxable","14":"purchasable","15":"product-type-simple"},"jetpack_sharing_enabled":true,"_links":{"self":[{"href":"https:\/\/www.sirabel.es\/tiendasirabel\/wp-json\/wp\/v2\/product\/13112","targetHints":{"allow":["GET"]}}],"collection":[{"href":"https:\/\/www.sirabel.es\/tiendasirabel\/wp-json\/wp\/v2\/product"}],"about":[{"href":"https:\/\/www.sirabel.es\/tiendasirabel\/wp-json\/wp\/v2\/types\/product"}],"replies":[{"embeddable":true,"href":"https:\/\/www.sirabel.es\/tiendasirabel\/wp-json\/wp\/v2\/comments?post=13112"}],"version-history":[{"count":0,"href":"https:\/\/www.sirabel.es\/tiendasirabel\/wp-json\/wp\/v2\/product\/13112\/revisions"}],"wp:featuredmedia":[{"embeddable":true,"href":"https:\/\/www.sirabel.es\/tiendasirabel\/wp-json\/wp\/v2\/media\/13113"}],"wp:attachment":[{"href":"https:\/\/www.sirabel.es\/tiendasirabel\/wp-json\/wp\/v2\/media?parent=13112"}],"wp:term":[{"taxonomy":"product_brand","embeddable":true,"href":"https:\/\/www.sirabel.es\/tiendasirabel\/wp-json\/wp\/v2\/product_brand?post=13112"},{"taxonomy":"product_cat","embeddable":true,"href":"https:\/\/www.sirabel.es\/tiendasirabel\/wp-json\/wp\/v2\/product_cat?post=13112"},{"taxonomy":"product_tag","embeddable":true,"href":"https:\/\/www.sirabel.es\/tiendasirabel\/wp-json\/wp\/v2\/product_tag?post=13112"}],"curies":[{"name":"wp","href":"https:\/\/api.w.org\/{rel}","templated":true}]}}