{"id":13128,"date":"2024-03-17T15:50:35","date_gmt":"2024-03-17T14:50:35","guid":{"rendered":"https:\/\/www.sirabel.es\/tiendasirabel\/?post_type=product&#038;p=13128"},"modified":"2024-03-17T15:50:35","modified_gmt":"2024-03-17T14:50:35","slug":"body-peeling-red-boost-berrisimo","status":"publish","type":"product","link":"https:\/\/www.sirabel.es\/tiendasirabel\/producto\/body-peeling-red-boost-berrisimo\/","title":{"rendered":"Body Peeling Red Boost Berrisimo"},"content":{"rendered":"<p>Body Peeling Red Boost Berrisimo<\/p>\n","protected":false},"excerpt":{"rendered":"<div id=\"product-description-short-3202\" class=\"product-description-short mb-3 truncate_block st_showless_block_0 truncate_cate_desc_0\">\n<div class=\"st_read_more_box\">\n<p>Limpia, hidrata, suaviza, nutre e ilumina.<\/p>\n<p>Efecto piel luminosa, radiante y hermosa.<\/p>\n<p>Mezcla de\u00a0sal marina, az\u00facar, manteca de karit\u00e9, extracto de granada, extracto de grosella roja y ar\u00e1ndanos.<\/p>\n<p>Contiene mantecas nutritivas y bayas jugosas con part\u00edculas naturales.<\/p>\n<p>No contiene SLS, SLES, parabenos, aceites minerales y micropl\u00e1sticos.<\/p>\n<p>Body\u00a0peeling &#8211; Red Boost.<\/p>\n<p>Vegan friendly<\/p>\n<p>300g<\/p>\n<\/div>\n<\/div>\n","protected":false},"featured_media":13129,"comment_status":"open","ping_status":"closed","template":"","meta":[],"product_brand":[],"product_cat":[2316,2409],"product_tag":[2497],"class_list":{"0":"post-13128","1":"product","2":"type-product","3":"status-publish","4":"has-post-thumbnail","6":"product_cat-exfoliantes-veganos","7":"product_cat-exfoliante-vegano-corporal","8":"product_tag-body-peeling-red-boost-berrisimo","10":"first","11":"instock","12":"taxable","13":"shipping-taxable","14":"purchasable","15":"product-type-simple"},"jetpack_sharing_enabled":true,"_links":{"self":[{"href":"https:\/\/www.sirabel.es\/tiendasirabel\/wp-json\/wp\/v2\/product\/13128","targetHints":{"allow":["GET"]}}],"collection":[{"href":"https:\/\/www.sirabel.es\/tiendasirabel\/wp-json\/wp\/v2\/product"}],"about":[{"href":"https:\/\/www.sirabel.es\/tiendasirabel\/wp-json\/wp\/v2\/types\/product"}],"replies":[{"embeddable":true,"href":"https:\/\/www.sirabel.es\/tiendasirabel\/wp-json\/wp\/v2\/comments?post=13128"}],"version-history":[{"count":0,"href":"https:\/\/www.sirabel.es\/tiendasirabel\/wp-json\/wp\/v2\/product\/13128\/revisions"}],"wp:featuredmedia":[{"embeddable":true,"href":"https:\/\/www.sirabel.es\/tiendasirabel\/wp-json\/wp\/v2\/media\/13129"}],"wp:attachment":[{"href":"https:\/\/www.sirabel.es\/tiendasirabel\/wp-json\/wp\/v2\/media?parent=13128"}],"wp:term":[{"taxonomy":"product_brand","embeddable":true,"href":"https:\/\/www.sirabel.es\/tiendasirabel\/wp-json\/wp\/v2\/product_brand?post=13128"},{"taxonomy":"product_cat","embeddable":true,"href":"https:\/\/www.sirabel.es\/tiendasirabel\/wp-json\/wp\/v2\/product_cat?post=13128"},{"taxonomy":"product_tag","embeddable":true,"href":"https:\/\/www.sirabel.es\/tiendasirabel\/wp-json\/wp\/v2\/product_tag?post=13128"}],"curies":[{"name":"wp","href":"https:\/\/api.w.org\/{rel}","templated":true}]}}