{"id":13150,"date":"2024-03-17T17:43:23","date_gmt":"2024-03-17T16:43:23","guid":{"rendered":"https:\/\/www.sirabel.es\/tiendasirabel\/?post_type=product&#038;p=13150"},"modified":"2024-03-17T17:43:23","modified_gmt":"2024-03-17T16:43:23","slug":"exfoliante-corporal-reafirmante-2","status":"publish","type":"product","link":"https:\/\/www.sirabel.es\/tiendasirabel\/producto\/exfoliante-corporal-reafirmante-2\/","title":{"rendered":"Exfoliante Corporal Reafirmante"},"content":{"rendered":"<p>Exfoliante Corporal Reafirmante<\/p>\n","protected":false},"excerpt":{"rendered":"<p>Exfolia y suaviza\u00a0la piel.<\/p>\n<p>Alimenta a la piel con\u00a0\u00e1cidos grasos y antioxidantes\u00a0para mantener la piel joven.<\/p>\n<p>Nutre e hidrata\u00a0la piel despu\u00e9s de un entrenamiento intensivo.<\/p>\n<p>Con\u00a0az\u00facar de ca\u00f1a, sal marina, manteca de cacao y karit\u00e9.<\/p>\n<p>F\u00f3rmula que No contiene SLS, Ni parabenos.<\/p>\n<p>97% ingredientes naturales y org\u00e1nicos.<\/p>\n<p>200g<\/p>\n","protected":false},"featured_media":13151,"comment_status":"open","ping_status":"closed","template":"","meta":[],"product_brand":[],"product_cat":[2316,2409],"product_tag":[2491],"class_list":{"0":"post-13150","1":"product","2":"type-product","3":"status-publish","4":"has-post-thumbnail","6":"product_cat-exfoliantes-veganos","7":"product_cat-exfoliante-vegano-corporal","8":"product_tag-exfoliante-corporal-reafirmante","10":"first","11":"instock","12":"taxable","13":"shipping-taxable","14":"purchasable","15":"product-type-simple"},"jetpack_sharing_enabled":true,"_links":{"self":[{"href":"https:\/\/www.sirabel.es\/tiendasirabel\/wp-json\/wp\/v2\/product\/13150","targetHints":{"allow":["GET"]}}],"collection":[{"href":"https:\/\/www.sirabel.es\/tiendasirabel\/wp-json\/wp\/v2\/product"}],"about":[{"href":"https:\/\/www.sirabel.es\/tiendasirabel\/wp-json\/wp\/v2\/types\/product"}],"replies":[{"embeddable":true,"href":"https:\/\/www.sirabel.es\/tiendasirabel\/wp-json\/wp\/v2\/comments?post=13150"}],"version-history":[{"count":0,"href":"https:\/\/www.sirabel.es\/tiendasirabel\/wp-json\/wp\/v2\/product\/13150\/revisions"}],"wp:featuredmedia":[{"embeddable":true,"href":"https:\/\/www.sirabel.es\/tiendasirabel\/wp-json\/wp\/v2\/media\/13151"}],"wp:attachment":[{"href":"https:\/\/www.sirabel.es\/tiendasirabel\/wp-json\/wp\/v2\/media?parent=13150"}],"wp:term":[{"taxonomy":"product_brand","embeddable":true,"href":"https:\/\/www.sirabel.es\/tiendasirabel\/wp-json\/wp\/v2\/product_brand?post=13150"},{"taxonomy":"product_cat","embeddable":true,"href":"https:\/\/www.sirabel.es\/tiendasirabel\/wp-json\/wp\/v2\/product_cat?post=13150"},{"taxonomy":"product_tag","embeddable":true,"href":"https:\/\/www.sirabel.es\/tiendasirabel\/wp-json\/wp\/v2\/product_tag?post=13150"}],"curies":[{"name":"wp","href":"https:\/\/api.w.org\/{rel}","templated":true}]}}