{"id":13664,"date":"2024-03-27T09:11:02","date_gmt":"2024-03-27T08:11:02","guid":{"rendered":"https:\/\/www.sirabel.es\/tiendasirabel\/?post_type=product&#038;p=13664"},"modified":"2024-03-27T09:11:03","modified_gmt":"2024-03-27T08:11:03","slug":"serum-facial-de-noche-con-retinol","status":"publish","type":"product","link":"https:\/\/www.sirabel.es\/tiendasirabel\/producto\/serum-facial-de-noche-con-retinol\/","title":{"rendered":"S\u00e9rum facial de noche con retinol"},"content":{"rendered":"<p>S\u00e9rum facial de noche con retinol<\/p>\n","protected":false},"excerpt":{"rendered":"<p>El poder del retinol para un cuidado eficaz de la piel contra el envejecimiento.<\/p>\n<p>El s\u00e9rum facial de noche con retinol (vitamina A) est\u00e1 creado para actuar contra las l\u00edneas de expresi\u00f3n y las arrugas profundas.<\/p>\n<p>30 ml<\/p>\n","protected":false},"featured_media":13665,"comment_status":"open","ping_status":"closed","template":"","meta":[],"product_brand":[],"product_cat":[2213],"product_tag":[2652],"class_list":{"0":"post-13664","1":"product","2":"type-product","3":"status-publish","4":"has-post-thumbnail","6":"product_cat-cosmetica-facial-natural","7":"product_tag-serum-facial-de-noche-con-retinol","9":"first","10":"instock","11":"taxable","12":"shipping-taxable","13":"purchasable","14":"product-type-simple"},"jetpack_sharing_enabled":true,"_links":{"self":[{"href":"https:\/\/www.sirabel.es\/tiendasirabel\/wp-json\/wp\/v2\/product\/13664","targetHints":{"allow":["GET"]}}],"collection":[{"href":"https:\/\/www.sirabel.es\/tiendasirabel\/wp-json\/wp\/v2\/product"}],"about":[{"href":"https:\/\/www.sirabel.es\/tiendasirabel\/wp-json\/wp\/v2\/types\/product"}],"replies":[{"embeddable":true,"href":"https:\/\/www.sirabel.es\/tiendasirabel\/wp-json\/wp\/v2\/comments?post=13664"}],"version-history":[{"count":0,"href":"https:\/\/www.sirabel.es\/tiendasirabel\/wp-json\/wp\/v2\/product\/13664\/revisions"}],"wp:featuredmedia":[{"embeddable":true,"href":"https:\/\/www.sirabel.es\/tiendasirabel\/wp-json\/wp\/v2\/media\/13665"}],"wp:attachment":[{"href":"https:\/\/www.sirabel.es\/tiendasirabel\/wp-json\/wp\/v2\/media?parent=13664"}],"wp:term":[{"taxonomy":"product_brand","embeddable":true,"href":"https:\/\/www.sirabel.es\/tiendasirabel\/wp-json\/wp\/v2\/product_brand?post=13664"},{"taxonomy":"product_cat","embeddable":true,"href":"https:\/\/www.sirabel.es\/tiendasirabel\/wp-json\/wp\/v2\/product_cat?post=13664"},{"taxonomy":"product_tag","embeddable":true,"href":"https:\/\/www.sirabel.es\/tiendasirabel\/wp-json\/wp\/v2\/product_tag?post=13664"}],"curies":[{"name":"wp","href":"https:\/\/api.w.org\/{rel}","templated":true}]}}