{"id":14428,"date":"2024-06-11T08:42:59","date_gmt":"2024-06-11T06:42:59","guid":{"rendered":"https:\/\/www.sirabel.es\/tiendasirabel\/?post_type=product&#038;p=14428"},"modified":"2024-09-02T22:13:01","modified_gmt":"2024-09-02T20:13:01","slug":"agua-micelar-2","status":"publish","type":"product","link":"https:\/\/www.sirabel.es\/tiendasirabel\/producto\/agua-micelar-2\/","title":{"rendered":"Agua Micelar"},"content":{"rendered":"<p>Para todo tipo de pieles.<\/p>\n<p>Agua micelar<\/p>\n<p>Contiene alanto\u00edna, que favorece la regeneraci\u00f3n celular, y pantenol, que hidrata eficazmente.<\/p>\n<p>91% Ingredientes de origen natural.<\/p>\n<p>250\u00a0ml<\/p>\n<p>Las micelas -peque\u00f1as mol\u00e9culas de aceite- son las reinas de la limpieza. Elimina el maquillaje y las preocupaciones del d\u00eda de forma r\u00e1pida y eficaz. Cierre los ojos, inspire, abra los ojos y sonr\u00eda. Una emocionante sensaci\u00f3n de limpieza y ligereza &#8211; un verdadero momento kilig. El Agua Limpiadora Micelar se complementa con alanto\u00edna, que favorece la regeneraci\u00f3n celular, y pantenol que hidrata eficazmente. Probada por dermat\u00f3logos y oftalm\u00f3logos.<\/p>\n","protected":false},"excerpt":{"rendered":"<p>Agua Micelar<\/p>\n","protected":false},"featured_media":14429,"comment_status":"open","ping_status":"closed","template":"","meta":[],"product_brand":[],"product_cat":[2050],"product_tag":[2660],"class_list":{"0":"post-14428","1":"product","2":"type-product","3":"status-publish","4":"has-post-thumbnail","6":"product_cat-aguas-desmaquillantes-certificadas","7":"product_tag-agua-micelar","9":"first","10":"instock","11":"taxable","12":"shipping-taxable","13":"purchasable","14":"product-type-simple"},"jetpack_sharing_enabled":true,"_links":{"self":[{"href":"https:\/\/www.sirabel.es\/tiendasirabel\/wp-json\/wp\/v2\/product\/14428","targetHints":{"allow":["GET"]}}],"collection":[{"href":"https:\/\/www.sirabel.es\/tiendasirabel\/wp-json\/wp\/v2\/product"}],"about":[{"href":"https:\/\/www.sirabel.es\/tiendasirabel\/wp-json\/wp\/v2\/types\/product"}],"replies":[{"embeddable":true,"href":"https:\/\/www.sirabel.es\/tiendasirabel\/wp-json\/wp\/v2\/comments?post=14428"}],"version-history":[{"count":0,"href":"https:\/\/www.sirabel.es\/tiendasirabel\/wp-json\/wp\/v2\/product\/14428\/revisions"}],"wp:featuredmedia":[{"embeddable":true,"href":"https:\/\/www.sirabel.es\/tiendasirabel\/wp-json\/wp\/v2\/media\/14429"}],"wp:attachment":[{"href":"https:\/\/www.sirabel.es\/tiendasirabel\/wp-json\/wp\/v2\/media?parent=14428"}],"wp:term":[{"taxonomy":"product_brand","embeddable":true,"href":"https:\/\/www.sirabel.es\/tiendasirabel\/wp-json\/wp\/v2\/product_brand?post=14428"},{"taxonomy":"product_cat","embeddable":true,"href":"https:\/\/www.sirabel.es\/tiendasirabel\/wp-json\/wp\/v2\/product_cat?post=14428"},{"taxonomy":"product_tag","embeddable":true,"href":"https:\/\/www.sirabel.es\/tiendasirabel\/wp-json\/wp\/v2\/product_tag?post=14428"}],"curies":[{"name":"wp","href":"https:\/\/api.w.org\/{rel}","templated":true}]}}