{"id":14529,"date":"2024-06-22T08:43:52","date_gmt":"2024-06-22T06:43:52","guid":{"rendered":"https:\/\/www.sirabel.es\/tiendasirabel\/?post_type=product&#038;p=14529"},"modified":"2024-09-02T21:56:54","modified_gmt":"2024-09-02T19:56:54","slug":"balsamo-capilar-nutricion-y-recuperacion-coco-ecologico","status":"publish","type":"product","link":"https:\/\/www.sirabel.es\/tiendasirabel\/producto\/balsamo-capilar-nutricion-y-recuperacion-coco-ecologico\/","title":{"rendered":"B\u00e1lsamo Capilar Fuerza Y Volumen"},"content":{"rendered":"<p>B\u00e1lsamo Capilar Nutrici\u00f3n y Recuperaci\u00f3n Coco Ecol\u00f3gico<\/p>\n<p>Cuida el cabello, bloquea la humedad y suaviza<\/p>\n<p>Aceite de coco<\/p>\n<p>Prote\u00ednas vegetales<\/p>\n<p>Agua de Ylang-ylang<\/p>\n<p>Amino\u00e1cidos<\/p>\n<p>98 % de ingredientes\u00a0de origen natural vegano<\/p>\n<p><img decoding=\"async\" src=\"https:\/\/alcortesoap.com\/img\/cms\/sello-vegano.jpg\" alt=\"\" width=\"95\" height=\"95\" \/><\/p>\n<p>250 ml<\/p>\n","protected":false},"excerpt":{"rendered":"<p>B\u00e1lsamo Capilar Nutrici\u00f3n y Recuperaci\u00f3n Coco Ecol\u00f3gico<\/p>\n","protected":false},"featured_media":14530,"comment_status":"open","ping_status":"closed","template":"","meta":[],"product_brand":[],"product_cat":[2049],"product_tag":[2747],"class_list":{"0":"post-14529","1":"product","2":"type-product","3":"status-publish","4":"has-post-thumbnail","6":"product_cat-balsamos-capilares-certificados","7":"product_tag-balsamo-capilar-nutricion-y-recuperacion-coco-ecologico","9":"first","10":"instock","11":"taxable","12":"shipping-taxable","13":"purchasable","14":"product-type-simple"},"jetpack_sharing_enabled":true,"_links":{"self":[{"href":"https:\/\/www.sirabel.es\/tiendasirabel\/wp-json\/wp\/v2\/product\/14529","targetHints":{"allow":["GET"]}}],"collection":[{"href":"https:\/\/www.sirabel.es\/tiendasirabel\/wp-json\/wp\/v2\/product"}],"about":[{"href":"https:\/\/www.sirabel.es\/tiendasirabel\/wp-json\/wp\/v2\/types\/product"}],"replies":[{"embeddable":true,"href":"https:\/\/www.sirabel.es\/tiendasirabel\/wp-json\/wp\/v2\/comments?post=14529"}],"version-history":[{"count":0,"href":"https:\/\/www.sirabel.es\/tiendasirabel\/wp-json\/wp\/v2\/product\/14529\/revisions"}],"wp:featuredmedia":[{"embeddable":true,"href":"https:\/\/www.sirabel.es\/tiendasirabel\/wp-json\/wp\/v2\/media\/14530"}],"wp:attachment":[{"href":"https:\/\/www.sirabel.es\/tiendasirabel\/wp-json\/wp\/v2\/media?parent=14529"}],"wp:term":[{"taxonomy":"product_brand","embeddable":true,"href":"https:\/\/www.sirabel.es\/tiendasirabel\/wp-json\/wp\/v2\/product_brand?post=14529"},{"taxonomy":"product_cat","embeddable":true,"href":"https:\/\/www.sirabel.es\/tiendasirabel\/wp-json\/wp\/v2\/product_cat?post=14529"},{"taxonomy":"product_tag","embeddable":true,"href":"https:\/\/www.sirabel.es\/tiendasirabel\/wp-json\/wp\/v2\/product_tag?post=14529"}],"curies":[{"name":"wp","href":"https:\/\/api.w.org\/{rel}","templated":true}]}}