{"id":14543,"date":"2024-06-22T09:18:08","date_gmt":"2024-06-22T07:18:08","guid":{"rendered":"https:\/\/www.sirabel.es\/tiendasirabel\/?post_type=product&#038;p=14543"},"modified":"2024-09-02T21:54:35","modified_gmt":"2024-09-02T19:54:35","slug":"balsamo-para-el-cabello-revitalizacion-profunda-argan-ecologico","status":"publish","type":"product","link":"https:\/\/www.sirabel.es\/tiendasirabel\/producto\/balsamo-para-el-cabello-revitalizacion-profunda-argan-ecologico\/","title":{"rendered":"B\u00e1lsamo para el cabello Revitalizaci\u00f3n profunda Arg\u00e1n Ecol\u00f3gico"},"content":{"rendered":"<p>B\u00e1lsamo para el cabello Revitalizaci\u00f3n profunda Arg\u00e1n Ecol\u00f3gico<\/p>\n<p>Ingredientes org\u00e1nicos<\/p>\n<p>Aceite de arg\u00e1n<\/p>\n<p>Aceite de almendras<\/p>\n<p>Estracto de hibisco<\/p>\n<p>Complejo de biol\u00edpidos<\/p>\n<p>97 % de ingredientes\u00a0de origen natural vegano<\/p>\n<p><img decoding=\"async\" src=\"https:\/\/alcortesoap.com\/img\/cms\/sello-vegano.jpg\" alt=\"\" width=\"95\" height=\"95\" \/><\/p>\n<p>250 ml<\/p>\n","protected":false},"excerpt":{"rendered":"<p>B\u00e1lsamo para el cabello Revitalizaci\u00f3n profunda Arg\u00e1n Ecol\u00f3gico<\/p>\n<p>El B\u00e1lsamo ECOLATIER\u00ae Arg\u00e1n Org\u00e1nico con una f\u00f3rmula \u00fanica e ingredientes org\u00e1nicos, cuida el cabello, bloquea la humedad y suaviza incluso los tipos de cabello rebeldes. Ayuda a optimizar el equilibrio de hidrataci\u00f3n para un cabello de aspecto sano y previene futuras roturas.<\/p>\n<p>Seguro para todo tipo de cabellos, ingredientes sin preocupaciones y apto para veganos<\/p>\n<p>Ingrediente org\u00e1nico: El aceite de arg\u00e1n org\u00e1nico prensado en fr\u00edo es rico en \u00e1cidos grasos insaturados y vitamina E, favorece la salud del cabello. Restaura intensamente el cabello debilitado y seco, dej\u00e1ndolo sano y brillante<\/p>\n<p>Ingredientes activos: El Aceite de Almendras hidrata profundamente el cabello y estimula la regeneraci\u00f3n celular<\/p>\n<p>El extracto de hibisco fortalece y estimula el crecimiento del cabello<\/p>\n<p>El complejo de biol\u00edpidos restaura el equilibrio de la microbiota y apoya la actividad vital de la microflora saludable del cuero cabelludo, el cabello bien cepillado, se vuelve suave y con un brillo saludable<\/p>\n<p>MODO DE EMPLEO:<strong><br \/>\n<\/strong>Aplicar sobre el cabello mojado. Dejar actuar 1-2 minutos, aclarar con agua tibia. S\u00f3lo para uso externo<\/p>\n<p>250 ml<\/p>\n","protected":false},"featured_media":14544,"comment_status":"open","ping_status":"closed","template":"","meta":[],"product_brand":[],"product_cat":[2049],"product_tag":[2748],"class_list":{"0":"post-14543","1":"product","2":"type-product","3":"status-publish","4":"has-post-thumbnail","6":"product_cat-balsamos-capilares-certificados","7":"product_tag-balsamo-para-el-cabello-revitalizacion-profunda-argan-ecologico","9":"first","10":"instock","11":"taxable","12":"shipping-taxable","13":"purchasable","14":"product-type-simple"},"jetpack_sharing_enabled":true,"_links":{"self":[{"href":"https:\/\/www.sirabel.es\/tiendasirabel\/wp-json\/wp\/v2\/product\/14543","targetHints":{"allow":["GET"]}}],"collection":[{"href":"https:\/\/www.sirabel.es\/tiendasirabel\/wp-json\/wp\/v2\/product"}],"about":[{"href":"https:\/\/www.sirabel.es\/tiendasirabel\/wp-json\/wp\/v2\/types\/product"}],"replies":[{"embeddable":true,"href":"https:\/\/www.sirabel.es\/tiendasirabel\/wp-json\/wp\/v2\/comments?post=14543"}],"version-history":[{"count":0,"href":"https:\/\/www.sirabel.es\/tiendasirabel\/wp-json\/wp\/v2\/product\/14543\/revisions"}],"wp:featuredmedia":[{"embeddable":true,"href":"https:\/\/www.sirabel.es\/tiendasirabel\/wp-json\/wp\/v2\/media\/14544"}],"wp:attachment":[{"href":"https:\/\/www.sirabel.es\/tiendasirabel\/wp-json\/wp\/v2\/media?parent=14543"}],"wp:term":[{"taxonomy":"product_brand","embeddable":true,"href":"https:\/\/www.sirabel.es\/tiendasirabel\/wp-json\/wp\/v2\/product_brand?post=14543"},{"taxonomy":"product_cat","embeddable":true,"href":"https:\/\/www.sirabel.es\/tiendasirabel\/wp-json\/wp\/v2\/product_cat?post=14543"},{"taxonomy":"product_tag","embeddable":true,"href":"https:\/\/www.sirabel.es\/tiendasirabel\/wp-json\/wp\/v2\/product_tag?post=14543"}],"curies":[{"name":"wp","href":"https:\/\/api.w.org\/{rel}","templated":true}]}}