{"id":14671,"date":"2024-07-07T11:24:52","date_gmt":"2024-07-07T09:24:52","guid":{"rendered":"https:\/\/www.sirabel.es\/tiendasirabel\/?post_type=product&#038;p=14671"},"modified":"2024-09-02T21:42:27","modified_gmt":"2024-09-02T19:42:27","slug":"locion-corporal-cereza","status":"publish","type":"product","link":"https:\/\/www.sirabel.es\/tiendasirabel\/producto\/locion-corporal-cereza\/","title":{"rendered":"LOCI\u00d3N CORPORAL CEREZA"},"content":{"rendered":"<p>Loci\u00f3n corporal\u00a0hidratante, nutritiva y protectora.<\/p>\n<p>Textura\u00a0suave y ligera.<\/p>\n<p>Intensa fragancia afruatda\u00a0de r\u00e1pida absorci\u00f3n.<\/p>\n<p>Contiene\u00a0Aloe vera, aceite de\u00a0girasol,\u00a0almendras,\u00a0soja\u00a0y manteca de\u00a0karit\u00e9.<\/p>\n<p>Apto para todo tipo de piel\u00a0(Consulte inci para m\u00e1s info).<\/p>\n<p>Sin parabenos, sin lauryl sulfato, sin qu\u00edmica agresiva.<\/p>\n<p>Apto para Veganos<\/p>\n<p>250ml<\/p>\n","protected":false},"excerpt":{"rendered":"<p>Crema hidratante ligera con aroma a Cereza<\/p>\n<p>Loci\u00f3n corporal de bubbles &amp; colors, una crema hidratante ligera que adem\u00e1s nutre y protege la piel gracias a su f\u00f3rmula m\u00e1s natural que contiene extracto de Aloe vera, aceite de girasol, aceite de almendras dulces, aceite de soja y manteca de karit\u00e9.<\/p>\n<p>Crema corporal de r\u00e1pida absorci\u00f3n que deja la piel ligeramente perfumada de tu fragancia favorita.<\/p>\n","protected":false},"featured_media":14672,"comment_status":"open","ping_status":"closed","template":"","meta":[],"product_brand":[],"product_cat":[2070],"product_tag":[2759],"class_list":{"0":"post-14671","1":"product","2":"type-product","3":"status-publish","4":"has-post-thumbnail","6":"product_cat-body-milk-artesano-vegano","7":"product_tag-locion-corporal-cereza","9":"first","10":"instock","11":"taxable","12":"shipping-taxable","13":"purchasable","14":"product-type-simple"},"jetpack_sharing_enabled":true,"_links":{"self":[{"href":"https:\/\/www.sirabel.es\/tiendasirabel\/wp-json\/wp\/v2\/product\/14671","targetHints":{"allow":["GET"]}}],"collection":[{"href":"https:\/\/www.sirabel.es\/tiendasirabel\/wp-json\/wp\/v2\/product"}],"about":[{"href":"https:\/\/www.sirabel.es\/tiendasirabel\/wp-json\/wp\/v2\/types\/product"}],"replies":[{"embeddable":true,"href":"https:\/\/www.sirabel.es\/tiendasirabel\/wp-json\/wp\/v2\/comments?post=14671"}],"version-history":[{"count":0,"href":"https:\/\/www.sirabel.es\/tiendasirabel\/wp-json\/wp\/v2\/product\/14671\/revisions"}],"wp:featuredmedia":[{"embeddable":true,"href":"https:\/\/www.sirabel.es\/tiendasirabel\/wp-json\/wp\/v2\/media\/14672"}],"wp:attachment":[{"href":"https:\/\/www.sirabel.es\/tiendasirabel\/wp-json\/wp\/v2\/media?parent=14671"}],"wp:term":[{"taxonomy":"product_brand","embeddable":true,"href":"https:\/\/www.sirabel.es\/tiendasirabel\/wp-json\/wp\/v2\/product_brand?post=14671"},{"taxonomy":"product_cat","embeddable":true,"href":"https:\/\/www.sirabel.es\/tiendasirabel\/wp-json\/wp\/v2\/product_cat?post=14671"},{"taxonomy":"product_tag","embeddable":true,"href":"https:\/\/www.sirabel.es\/tiendasirabel\/wp-json\/wp\/v2\/product_tag?post=14671"}],"curies":[{"name":"wp","href":"https:\/\/api.w.org\/{rel}","templated":true}]}}