{"id":14978,"date":"2024-09-04T06:51:33","date_gmt":"2024-09-04T04:51:33","guid":{"rendered":"https:\/\/www.sirabel.es\/tiendasirabel\/?post_type=product&#038;p=14978"},"modified":"2024-09-04T06:51:34","modified_gmt":"2024-09-04T04:51:34","slug":"colonia-manzana-de-5-litros","status":"publish","type":"product","link":"https:\/\/www.sirabel.es\/tiendasirabel\/producto\/colonia-manzana-de-5-litros\/","title":{"rendered":"Colonia Manzana de 5 Litros"},"content":{"rendered":"<p>Colonia Manzana de 5 Litros<\/p>\n","protected":false},"excerpt":{"rendered":"<p>Descubre la esencia fresca y tropical de nuestra Colonia para mascotas de Manzana de 5 Litros. \ud83c\udf3f<\/p>\n<p>Formulada cuidadosamente para perros y gatos, esta agua de colonia suave garantiza un aroma delicado que respeta la piel y las propiedades olfativas de tus queridos animales.<\/p>\n<p>Sin alcohol y con un pH neutro, nuestra colonia es completamente segura, evitando cualquier efecto irritante. \ud83d\udeab<\/p>\n<p>\ud83d\udd25 Dale a tu mascota el toque de frescura tropical que se merece. \ud83c\udf34<\/p>\n<p>\ud83d\uded2 \u00a1C\u00f3mprala ahora y reg\u00e1lale a tu peludo amigo una experiencia refrescante que ambos disfrutar\u00e1n! \ud83d\udecd\ufe0f\ud83d\udc3e<\/p>\n","protected":false},"featured_media":14979,"comment_status":"open","ping_status":"closed","template":"","meta":[],"product_brand":[],"product_cat":[2768],"product_tag":[2794],"class_list":{"0":"post-14978","1":"product","2":"type-product","3":"status-publish","4":"has-post-thumbnail","6":"product_cat-mascotas-higiene-y-salud","7":"product_tag-colonia-manzana-de-5-litros","9":"first","10":"instock","11":"taxable","12":"shipping-taxable","13":"purchasable","14":"product-type-simple"},"jetpack_sharing_enabled":true,"_links":{"self":[{"href":"https:\/\/www.sirabel.es\/tiendasirabel\/wp-json\/wp\/v2\/product\/14978","targetHints":{"allow":["GET"]}}],"collection":[{"href":"https:\/\/www.sirabel.es\/tiendasirabel\/wp-json\/wp\/v2\/product"}],"about":[{"href":"https:\/\/www.sirabel.es\/tiendasirabel\/wp-json\/wp\/v2\/types\/product"}],"replies":[{"embeddable":true,"href":"https:\/\/www.sirabel.es\/tiendasirabel\/wp-json\/wp\/v2\/comments?post=14978"}],"version-history":[{"count":0,"href":"https:\/\/www.sirabel.es\/tiendasirabel\/wp-json\/wp\/v2\/product\/14978\/revisions"}],"wp:featuredmedia":[{"embeddable":true,"href":"https:\/\/www.sirabel.es\/tiendasirabel\/wp-json\/wp\/v2\/media\/14979"}],"wp:attachment":[{"href":"https:\/\/www.sirabel.es\/tiendasirabel\/wp-json\/wp\/v2\/media?parent=14978"}],"wp:term":[{"taxonomy":"product_brand","embeddable":true,"href":"https:\/\/www.sirabel.es\/tiendasirabel\/wp-json\/wp\/v2\/product_brand?post=14978"},{"taxonomy":"product_cat","embeddable":true,"href":"https:\/\/www.sirabel.es\/tiendasirabel\/wp-json\/wp\/v2\/product_cat?post=14978"},{"taxonomy":"product_tag","embeddable":true,"href":"https:\/\/www.sirabel.es\/tiendasirabel\/wp-json\/wp\/v2\/product_tag?post=14978"}],"curies":[{"name":"wp","href":"https:\/\/api.w.org\/{rel}","templated":true}]}}