{"id":14981,"date":"2024-09-04T06:53:05","date_gmt":"2024-09-04T04:53:05","guid":{"rendered":"https:\/\/www.sirabel.es\/tiendasirabel\/?post_type=product&#038;p=14981"},"modified":"2024-09-04T06:53:06","modified_gmt":"2024-09-04T04:53:06","slug":"colonia-coco-de-5-litros","status":"publish","type":"product","link":"https:\/\/www.sirabel.es\/tiendasirabel\/producto\/colonia-coco-de-5-litros\/","title":{"rendered":"Colonia Coco de 5 Litros"},"content":{"rendered":"<p>Colonia Coco de 5 Litros<\/p>\n","protected":false},"excerpt":{"rendered":"<p>Descubre la esencia fresca y tropical de nuestra Colonia para mascotas de Coco de 5 Litros.<\/p>\n<p>\ud83c\udf3f Formulada cuidadosamente para perros y gatos, esta agua de colonia suave garantiza un aroma delicado que respeta la piel y las propiedades olfativas de tus queridos animales.<\/p>\n<p>Sin alcohol y con un pH neutro, nuestra colonia es completamente segura, evitando cualquier efecto irritante. \ud83d\udeab<\/p>\n<p>\ud83d\udd25 Dale a tu mascota el toque de frescura tropical que se merece. \ud83c\udf34<\/p>\n<p>\ud83d\uded2 \u00a1C\u00f3mprala ahora y reg\u00e1lale a tu peludo amigo una experiencia refrescante que ambos disfrutar\u00e1n! \ud83d\udecd\ufe0f\ud83d\udc3e<\/p>\n","protected":false},"featured_media":14982,"comment_status":"open","ping_status":"closed","template":"","meta":[],"product_brand":[],"product_cat":[2768],"product_tag":[2795],"class_list":{"0":"post-14981","1":"product","2":"type-product","3":"status-publish","4":"has-post-thumbnail","6":"product_cat-mascotas-higiene-y-salud","7":"product_tag-colonia-coco-de-5-litros","9":"first","10":"instock","11":"taxable","12":"shipping-taxable","13":"purchasable","14":"product-type-simple"},"jetpack_sharing_enabled":true,"_links":{"self":[{"href":"https:\/\/www.sirabel.es\/tiendasirabel\/wp-json\/wp\/v2\/product\/14981","targetHints":{"allow":["GET"]}}],"collection":[{"href":"https:\/\/www.sirabel.es\/tiendasirabel\/wp-json\/wp\/v2\/product"}],"about":[{"href":"https:\/\/www.sirabel.es\/tiendasirabel\/wp-json\/wp\/v2\/types\/product"}],"replies":[{"embeddable":true,"href":"https:\/\/www.sirabel.es\/tiendasirabel\/wp-json\/wp\/v2\/comments?post=14981"}],"version-history":[{"count":0,"href":"https:\/\/www.sirabel.es\/tiendasirabel\/wp-json\/wp\/v2\/product\/14981\/revisions"}],"wp:featuredmedia":[{"embeddable":true,"href":"https:\/\/www.sirabel.es\/tiendasirabel\/wp-json\/wp\/v2\/media\/14982"}],"wp:attachment":[{"href":"https:\/\/www.sirabel.es\/tiendasirabel\/wp-json\/wp\/v2\/media?parent=14981"}],"wp:term":[{"taxonomy":"product_brand","embeddable":true,"href":"https:\/\/www.sirabel.es\/tiendasirabel\/wp-json\/wp\/v2\/product_brand?post=14981"},{"taxonomy":"product_cat","embeddable":true,"href":"https:\/\/www.sirabel.es\/tiendasirabel\/wp-json\/wp\/v2\/product_cat?post=14981"},{"taxonomy":"product_tag","embeddable":true,"href":"https:\/\/www.sirabel.es\/tiendasirabel\/wp-json\/wp\/v2\/product_tag?post=14981"}],"curies":[{"name":"wp","href":"https:\/\/api.w.org\/{rel}","templated":true}]}}