{"id":14984,"date":"2024-09-04T06:56:30","date_gmt":"2024-09-04T04:56:30","guid":{"rendered":"https:\/\/www.sirabel.es\/tiendasirabel\/?post_type=product&#038;p=14984"},"modified":"2024-09-04T07:02:15","modified_gmt":"2024-09-04T05:02:15","slug":"deslanador-peine-para-perros-y-gatos","status":"publish","type":"product","link":"https:\/\/www.sirabel.es\/tiendasirabel\/producto\/deslanador-peine-para-perros-y-gatos\/","title":{"rendered":"Deslanador peine para perros y gatos"},"content":{"rendered":"<p>Deslanador peine para perros y gatos<\/p>\n","protected":false},"excerpt":{"rendered":"<p>Reduce la Ca\u00edda de Pelo Hasta un 95% \ud83d\udee1\ufe0f, acompa\u00f1ado de un debilitamiento sutil y ligero, en tan solo 15 minutos de sesi\u00f3n (la mayor\u00eda del tiempo en menos) \u23f1\ufe0f.<\/p>\n<p>As\u00ed que no se tiene que preocupar por pelaje antiest\u00e9tico o pelo por toda su casa, muebles o coche \ud83d\udeab\ud83c\udfe0\ud83d\ude97.<\/p>\n<p>RECOMANDADO por Veterinarios y Peluqueros caninos\u00a0\ud83e\ude7a\u2728.<\/p>\n<p>Sorpr\u00e9ndase con los resultados en tanto Gatos como Perros de TODOS LOS TAMA\u00d1OS Y FORMAS &#8211; Peque\u00f1os, Medianos y Grandes &#8211; Gatos y Perros que tienen pelo corto, medio o largo \ud83d\udc31\ud83d\udc36.<\/p>\n<p>Ideal para razas como Golden Retriever, Chihuahua, Labrador, Malinois, Galgo, Ragdoll, Pastor Alem\u00e1n, Jack Russel, etc.<\/p>\n<p>Dise\u00f1ado Pensando en el Bienestar de Perros y Gatos\u00a0\ud83d\udc96\ud83d\udc3e:<\/p>\n<p>Alivia el estr\u00e9s de sus mascotas por el exceso de pelo, aumenta el v\u00ednculo entre usted y sus mascotas y le mantiene a usted y a su familia seguros y saludables al mantener a distancia las alergias al pelo \ud83c\udf1f.<\/p>\n<p>SUAVE con la piel de su mascota\u00a0y apropiado para mascotas con pelajes simples o dobles, cepillar har\u00e1 que su mascota tenga la piel saludable y pelaje brillante \u2728\ud83d\udc3e.<\/p>\n<p>Ergon\u00f3mico y F\u00e1cil de Usar \ud83d\udd27\ud83d\udd90\ufe0f<\/p>\n<p>Mangos de goma antideslizantes que est\u00e1n dise\u00f1ados ergon\u00f3micamente para un agarre c\u00f3modo y aseguran una experiencia de pelado segura para usted y su perro o gato.<\/p>\n<p>Simplemente peine suavemente el pelaje de su perro o gato, en segundos tendr\u00e1 un pu\u00f1ado de pelo y en minutos se sorprender\u00e1 de la cantidad de pelo que se ha eliminado \ud83e\uddf9\ud83d\udc3e.<\/p>\n<p>El Peine Deslanador de Confianza\u00a0\ud83c\udf1f\ud83d\udee0\ufe0f.<\/p>\n","protected":false},"featured_media":14985,"comment_status":"open","ping_status":"closed","template":"","meta":[],"product_brand":[],"product_cat":[2769],"product_tag":[2796],"class_list":{"0":"post-14984","1":"product","2":"type-product","3":"status-publish","4":"has-post-thumbnail","6":"product_cat-mascotas-accesorios","7":"product_tag-deslanador-peine-para-perros-y-gatos","9":"first","10":"instock","11":"taxable","12":"shipping-taxable","13":"purchasable","14":"product-type-simple"},"jetpack_sharing_enabled":true,"_links":{"self":[{"href":"https:\/\/www.sirabel.es\/tiendasirabel\/wp-json\/wp\/v2\/product\/14984","targetHints":{"allow":["GET"]}}],"collection":[{"href":"https:\/\/www.sirabel.es\/tiendasirabel\/wp-json\/wp\/v2\/product"}],"about":[{"href":"https:\/\/www.sirabel.es\/tiendasirabel\/wp-json\/wp\/v2\/types\/product"}],"replies":[{"embeddable":true,"href":"https:\/\/www.sirabel.es\/tiendasirabel\/wp-json\/wp\/v2\/comments?post=14984"}],"version-history":[{"count":0,"href":"https:\/\/www.sirabel.es\/tiendasirabel\/wp-json\/wp\/v2\/product\/14984\/revisions"}],"wp:featuredmedia":[{"embeddable":true,"href":"https:\/\/www.sirabel.es\/tiendasirabel\/wp-json\/wp\/v2\/media\/14985"}],"wp:attachment":[{"href":"https:\/\/www.sirabel.es\/tiendasirabel\/wp-json\/wp\/v2\/media?parent=14984"}],"wp:term":[{"taxonomy":"product_brand","embeddable":true,"href":"https:\/\/www.sirabel.es\/tiendasirabel\/wp-json\/wp\/v2\/product_brand?post=14984"},{"taxonomy":"product_cat","embeddable":true,"href":"https:\/\/www.sirabel.es\/tiendasirabel\/wp-json\/wp\/v2\/product_cat?post=14984"},{"taxonomy":"product_tag","embeddable":true,"href":"https:\/\/www.sirabel.es\/tiendasirabel\/wp-json\/wp\/v2\/product_tag?post=14984"}],"curies":[{"name":"wp","href":"https:\/\/api.w.org\/{rel}","templated":true}]}}