{"id":15002,"date":"2024-09-04T11:50:09","date_gmt":"2024-09-04T09:50:09","guid":{"rendered":"https:\/\/www.sirabel.es\/tiendasirabel\/?post_type=product&#038;p=15002"},"modified":"2024-09-04T11:50:10","modified_gmt":"2024-09-04T09:50:10","slug":"parasital-pipetas-perros-medianos-10-25-kg","status":"publish","type":"product","link":"https:\/\/www.sirabel.es\/tiendasirabel\/producto\/parasital-pipetas-perros-medianos-10-25-kg\/","title":{"rendered":"PARASITAL Pipetas Perros Medianos 10-25 kg"},"content":{"rendered":"<p>PARASITAL Pipetas Perros Medianos 10-25 kg<\/p>\n","protected":false},"excerpt":{"rendered":"<p><strong>PARASITAL\u00ae Pipetas perros medianos 10-25 kg<\/strong>, gracias a su composici\u00f3n a base de ingredientes activos\u00a0naturales, act\u00faa con eficacia contra los eternos enemigos de nuestras\u00a0mascotas: los\u00a0<strong>par\u00e1sitos externos<\/strong>.<\/p>\n<p>Garrapatas, pulgas, moscas e incluso el\u00a0mosquito transmisor de la Leishmaniasis, dejar\u00e1n de ser un problema,\u00a0proporcionando bienestar y tranquilidad tanto a due\u00f1os como a mascotas<\/p>\n<h2>Indicaciones<\/h2>\n<p>Los productos de la gama\u00a0PARASITAL\u00ae est\u00e1n indicados para evitar las molestias causadas por par\u00e1sitos externos.<\/p>\n<p>Con una alta capacidad repelente y persistencia, la gama\u00a0PARASITAL\u00ae cuida a los animales de forma natural, proporcionando confort y bienestar a nuestro perro, haci\u00e9ndole la vida m\u00e1s f\u00e1cil.<\/p>\n<p>Laboratorios independientes, homologados, garantizan la eficacia y persistencia de los ingredientes empleados.<\/p>\n<p>Estudios experimentales han demostrados tambi\u00e9n su eficacia repelente frente a mosquitos del g\u00e9nero\u00a0<em>Phlebotomus<\/em>, transmisores de la Leishmaniasis. PARASITAL\u00ae Pipetas perros medianos 10-25 kg es adem\u00e1s un repelente eficaz, para evitar los ataques, de pulgas, garrapatas, moscas y mosquitos.<\/p>\n<h2>Modo de empleo<\/h2>\n<p>Usar sobre perros no infestados aplicando el contenido de la pipeta en la zona de uni\u00f3n entre el cuello y la espalda, as\u00ed como en la base de la cola.<\/p>\n<p>Levantar el pelo del animal para que el contenido de la pipeta entre en contacto con la piel.<\/p>\n<p>Para una protecci\u00f3n continua debe aplicarse una vez al mes. En lugares o momentos del a\u00f1o con gran cantidad de insectos se recomienda aplicar 3 o 4 semanas antes del comienzo de actividad de los insectos.<\/p>\n<ul>\n<li><strong>Resistencia al agua:<\/strong>\u00a0las pipetas repelentes para perros medianos\u00a0PARASITAL\u00ae contin\u00faan protegiendo a nuestro perro cuando se moja. Si ha aplicado champ\u00fa seco o le ha ba\u00f1ado es necesario volver a aplicar la pipeta una vez limpio y seco.<\/li>\n<li><strong>En casa:\u00a0<\/strong>las pipetas repelentes para perros medianos\u00a0PARASITAL\u00ae protegen a su perro frente a nuevas pulgas, garrapatas y mosquitos, pero no eliminan una infestaci\u00f3n previa. Si su perro tiene p\u00e1rasitos, o est\u00e1n presentes en su casa, antes de utilizar las pipetas debe aplicar un tratamiento para la eliminaci\u00f3n de los par\u00e1sitos.<\/li>\n<\/ul>\n","protected":false},"featured_media":15003,"comment_status":"open","ping_status":"closed","template":"","meta":[],"product_brand":[],"product_cat":[2770],"product_tag":[2802],"class_list":{"0":"post-15002","1":"product","2":"type-product","3":"status-publish","4":"has-post-thumbnail","6":"product_cat-mascotas-antiparasitos","7":"product_tag-parasital-pipetas-perros-medianos-10-25-kg","9":"first","10":"instock","11":"taxable","12":"shipping-taxable","13":"purchasable","14":"product-type-simple"},"jetpack_sharing_enabled":true,"_links":{"self":[{"href":"https:\/\/www.sirabel.es\/tiendasirabel\/wp-json\/wp\/v2\/product\/15002","targetHints":{"allow":["GET"]}}],"collection":[{"href":"https:\/\/www.sirabel.es\/tiendasirabel\/wp-json\/wp\/v2\/product"}],"about":[{"href":"https:\/\/www.sirabel.es\/tiendasirabel\/wp-json\/wp\/v2\/types\/product"}],"replies":[{"embeddable":true,"href":"https:\/\/www.sirabel.es\/tiendasirabel\/wp-json\/wp\/v2\/comments?post=15002"}],"version-history":[{"count":0,"href":"https:\/\/www.sirabel.es\/tiendasirabel\/wp-json\/wp\/v2\/product\/15002\/revisions"}],"wp:featuredmedia":[{"embeddable":true,"href":"https:\/\/www.sirabel.es\/tiendasirabel\/wp-json\/wp\/v2\/media\/15003"}],"wp:attachment":[{"href":"https:\/\/www.sirabel.es\/tiendasirabel\/wp-json\/wp\/v2\/media?parent=15002"}],"wp:term":[{"taxonomy":"product_brand","embeddable":true,"href":"https:\/\/www.sirabel.es\/tiendasirabel\/wp-json\/wp\/v2\/product_brand?post=15002"},{"taxonomy":"product_cat","embeddable":true,"href":"https:\/\/www.sirabel.es\/tiendasirabel\/wp-json\/wp\/v2\/product_cat?post=15002"},{"taxonomy":"product_tag","embeddable":true,"href":"https:\/\/www.sirabel.es\/tiendasirabel\/wp-json\/wp\/v2\/product_tag?post=15002"}],"curies":[{"name":"wp","href":"https:\/\/api.w.org\/{rel}","templated":true}]}}