{"id":15005,"date":"2024-09-04T11:53:05","date_gmt":"2024-09-04T09:53:05","guid":{"rendered":"https:\/\/www.sirabel.es\/tiendasirabel\/?post_type=product&#038;p=15005"},"modified":"2024-09-04T11:53:05","modified_gmt":"2024-09-04T09:53:05","slug":"parasital-collar-antiparasitario-perros-grandes","status":"publish","type":"product","link":"https:\/\/www.sirabel.es\/tiendasirabel\/producto\/parasital-collar-antiparasitario-perros-grandes\/","title":{"rendered":"PARASITAL Collar Antiparasitario Perros Grandes"},"content":{"rendered":"<p>PARASITAL Collar Antiparasitario Perros Grandes<\/p>\n","protected":false},"excerpt":{"rendered":"<p>PARASITAL Collar antiparasitario\u00a0para\u00a0perros grandes\u00a0indicado para repeler los ataques de pulgas, garrapatas, moscas y mosquitos sobre nuestra mascota.<\/p>\n<h5>Indicaciones<\/h5>\n<p>Los productos de la gama\u00a0PARASITAL\u00ae\u00a0est\u00e1n indicados para acabar con las molestias causadas por los insectos y \u00e1caros, tan comunes en la vida diaria de nuestras mascotas.<\/p>\n<p>Posee una\u00a0alta capacidad de repelencia y persistencia,\u00a0cuida a nuestra mascota de forma natural.<\/p>\n<p>Laboratorios independientes homologados garantizan la extraordinaria eficacia y persistencia de los ingredientes activos.<\/p>\n<p>As\u00ed, act\u00faa eficazmente como repelente de los mosquitos del g\u00e9nero Phlebotomus, transmisores de la Leishmaniosis.<\/p>\n<p>PARASITAL\u00ae Collar antiparasitario\u00a0para\u00a0perros grandes\u00a0proporciona un grado de confortabilidad y bienestar necesarios que hacen m\u00e1s f\u00e1cil la vida diaria del animal y de su propietario.<\/p>\n<h5>Modo de empleo<\/h5>\n<p>Este collar antiparasitario para perros grandes ofrece una protecci\u00f3n completa frente a los insectos. Basta con colocar el collar antiparasitiario alrededor del cuello del animal para protegerlo durante 3 meses.<\/p>\n<p>Su eficacia ha sido testada.<\/p>\n","protected":false},"featured_media":15006,"comment_status":"open","ping_status":"closed","template":"","meta":[],"product_brand":[],"product_cat":[2770],"product_tag":[2803],"class_list":{"0":"post-15005","1":"product","2":"type-product","3":"status-publish","4":"has-post-thumbnail","6":"product_cat-mascotas-antiparasitos","7":"product_tag-parasital-collar-antiparasitario-perros-grandes","9":"first","10":"instock","11":"taxable","12":"shipping-taxable","13":"purchasable","14":"product-type-simple"},"jetpack_sharing_enabled":true,"_links":{"self":[{"href":"https:\/\/www.sirabel.es\/tiendasirabel\/wp-json\/wp\/v2\/product\/15005","targetHints":{"allow":["GET"]}}],"collection":[{"href":"https:\/\/www.sirabel.es\/tiendasirabel\/wp-json\/wp\/v2\/product"}],"about":[{"href":"https:\/\/www.sirabel.es\/tiendasirabel\/wp-json\/wp\/v2\/types\/product"}],"replies":[{"embeddable":true,"href":"https:\/\/www.sirabel.es\/tiendasirabel\/wp-json\/wp\/v2\/comments?post=15005"}],"version-history":[{"count":0,"href":"https:\/\/www.sirabel.es\/tiendasirabel\/wp-json\/wp\/v2\/product\/15005\/revisions"}],"wp:featuredmedia":[{"embeddable":true,"href":"https:\/\/www.sirabel.es\/tiendasirabel\/wp-json\/wp\/v2\/media\/15006"}],"wp:attachment":[{"href":"https:\/\/www.sirabel.es\/tiendasirabel\/wp-json\/wp\/v2\/media?parent=15005"}],"wp:term":[{"taxonomy":"product_brand","embeddable":true,"href":"https:\/\/www.sirabel.es\/tiendasirabel\/wp-json\/wp\/v2\/product_brand?post=15005"},{"taxonomy":"product_cat","embeddable":true,"href":"https:\/\/www.sirabel.es\/tiendasirabel\/wp-json\/wp\/v2\/product_cat?post=15005"},{"taxonomy":"product_tag","embeddable":true,"href":"https:\/\/www.sirabel.es\/tiendasirabel\/wp-json\/wp\/v2\/product_tag?post=15005"}],"curies":[{"name":"wp","href":"https:\/\/api.w.org\/{rel}","templated":true}]}}