{"id":15008,"date":"2024-09-04T14:45:52","date_gmt":"2024-09-04T12:45:52","guid":{"rendered":"https:\/\/www.sirabel.es\/tiendasirabel\/?post_type=product&#038;p=15008"},"modified":"2024-09-04T14:45:53","modified_gmt":"2024-09-04T12:45:53","slug":"parasital-pipeta-perros-grandes","status":"publish","type":"product","link":"https:\/\/www.sirabel.es\/tiendasirabel\/producto\/parasital-pipeta-perros-grandes\/","title":{"rendered":"PARASITAL Pipeta Perros Grandes"},"content":{"rendered":"<p>PARASITAL Pipeta Perros Grandes<\/p>\n","protected":false},"excerpt":{"rendered":"<p>PARASITAL\u00ae Pipeta Perros Grandes\u00a0gracias a su composici\u00f3n con ingredientes activos de origen natural, act\u00faa con eficacia contra los\u00a0par\u00e1sitos externos.<\/p>\n<p>Es eficaz para la prevenci\u00f3n de infestaciones de pulgas, garrapatas y act\u00faa como repelente del mosquito transmisor de la\u00a0Leishmaniosis.<\/p>\n<h5>Indicaciones<\/h5>\n<p>Las pipetas antipar\u00e1sitos para perros grandes\u00a0PARASITAL\u00ae est\u00e1n indicadas para evitar las molestias causadas por insectos y \u00e1caros, par\u00e1sitos comunes de nuestras mascotas. Puede ser utilizado para repeler los ataques de pulgas, garrapatas, moscas y mosquitos.<\/p>\n<p>PARASITAL\u00ae Pipeta Perros Grandes posee una alta repelencia y persistencia, cuidando a nuestros perros sin ingredientes qu\u00edmicos.<\/p>\n<p>Laboratorios independientes homologados garantizan la eficacia y persistencia de los ingredientes empleados.<\/p>\n<p>Los estudios experimentales realizados demuestran su eficacia como repelente de los mosquitos del g\u00e9nero\u00a0<em>Phlebotomus<\/em>, transmisores de la Leishmaniasis.<\/p>\n<h5>Modo de empleo<\/h5>\n<p>Aplicar el contenido de la pipeta en la zona de uni\u00f3n entre cuello y espalda, as\u00ed como en la base de la cola, levantando el pelo del perro para que el l\u00edquido contacte con la piel.<\/p>\n<p>Aplicar al menos una vez al mes para garantizar una protecci\u00f3n continua.<\/p>\n<p>En lugares donde los insectos sean un problema estacional aplicar con m\u00e1s frecuencia si es necesaria, recomendamos aplicar 3 o 4 semanas antes del comienza de actividad de los insectos.<\/p>\n<ul>\n<li>Resistencia al agua:\u00a0las pipetas antipar\u00e1sitos para perros grandes\u00a0PARASITAL\u00ae contin\u00faan protegiendo al perro si se moja.<\/li>\n<li>En caso de ba\u00f1arle o al aplicar champ\u00fa en seco debe volverse a aplicar la pipeta, una vez limpio y seco.<\/li>\n<li>En casa:\u00a0las pipetas antipar\u00e1sitos para perros grandes\u00a0PARASITAL\u00ae previenen la infestaci\u00f3n de pulgas, garrapatas, moscas y mosquitos pero no eliminan los existentes. Si su perro tiene pulgas o garrapatas, o si se encuentran en su casa o en el entorno del animal, debe realizar un tratamiento de desparasitaci\u00f3n previo.<\/li>\n<\/ul>\n","protected":false},"featured_media":15009,"comment_status":"open","ping_status":"closed","template":"","meta":[],"product_brand":[],"product_cat":[2770],"product_tag":[2804],"class_list":{"0":"post-15008","1":"product","2":"type-product","3":"status-publish","4":"has-post-thumbnail","6":"product_cat-mascotas-antiparasitos","7":"product_tag-parasital-pipeta-perros-grandes","9":"first","10":"instock","11":"taxable","12":"shipping-taxable","13":"purchasable","14":"product-type-simple"},"jetpack_sharing_enabled":true,"_links":{"self":[{"href":"https:\/\/www.sirabel.es\/tiendasirabel\/wp-json\/wp\/v2\/product\/15008","targetHints":{"allow":["GET"]}}],"collection":[{"href":"https:\/\/www.sirabel.es\/tiendasirabel\/wp-json\/wp\/v2\/product"}],"about":[{"href":"https:\/\/www.sirabel.es\/tiendasirabel\/wp-json\/wp\/v2\/types\/product"}],"replies":[{"embeddable":true,"href":"https:\/\/www.sirabel.es\/tiendasirabel\/wp-json\/wp\/v2\/comments?post=15008"}],"version-history":[{"count":0,"href":"https:\/\/www.sirabel.es\/tiendasirabel\/wp-json\/wp\/v2\/product\/15008\/revisions"}],"wp:featuredmedia":[{"embeddable":true,"href":"https:\/\/www.sirabel.es\/tiendasirabel\/wp-json\/wp\/v2\/media\/15009"}],"wp:attachment":[{"href":"https:\/\/www.sirabel.es\/tiendasirabel\/wp-json\/wp\/v2\/media?parent=15008"}],"wp:term":[{"taxonomy":"product_brand","embeddable":true,"href":"https:\/\/www.sirabel.es\/tiendasirabel\/wp-json\/wp\/v2\/product_brand?post=15008"},{"taxonomy":"product_cat","embeddable":true,"href":"https:\/\/www.sirabel.es\/tiendasirabel\/wp-json\/wp\/v2\/product_cat?post=15008"},{"taxonomy":"product_tag","embeddable":true,"href":"https:\/\/www.sirabel.es\/tiendasirabel\/wp-json\/wp\/v2\/product_tag?post=15008"}],"curies":[{"name":"wp","href":"https:\/\/api.w.org\/{rel}","templated":true}]}}