{"id":15035,"date":"2024-09-04T19:08:19","date_gmt":"2024-09-04T17:08:19","guid":{"rendered":"https:\/\/www.sirabel.es\/tiendasirabel\/?post_type=product&#038;p=15035"},"modified":"2024-09-04T19:08:20","modified_gmt":"2024-09-04T17:08:20","slug":"crema-facial-hidratante-almendras-y-acido-hialuronico","status":"publish","type":"product","link":"https:\/\/www.sirabel.es\/tiendasirabel\/producto\/crema-facial-hidratante-almendras-y-acido-hialuronico\/","title":{"rendered":"Crema facial Hidratante &#8211; Almendras y \u00c1cido Hialur\u00f3nico"},"content":{"rendered":"<p>Crema facial Hidratante &#8211; Almendras y \u00c1cido Hialur\u00f3nico<\/p>\n","protected":false},"excerpt":{"rendered":"<div id=\"product-description-short-3896\" class=\"product-description-short mb-3 truncate_block st_showless_block_0 truncate_cate_desc_0\">\n<div class=\"st_read_more_box\">\n<p>Crema facial hidratante\u00a0WATERFUL.<\/p>\n<p>Nutre y mejora la condici\u00f3n de la piel seca.<\/p>\n<p>Protege, mantiene\u00a0el nivel de humedad y\u00a0restaura\u00a0la elasticidad de la piel.<\/p>\n<p>Con aceite de almendras dulces, \u00e1cido hialur\u00f3nico y aceite de jojoba<\/p>\n<p>F\u00f3rmula que no contiene SLS, ni parabenos.<\/p>\n<p>95% ingredientes naturales y org\u00e1nicos.<\/p>\n<p>60ml<\/p>\n<\/div>\n<\/div>\n<div class=\"steasy_divider between_short_and_price\"><\/div>\n","protected":false},"featured_media":15036,"comment_status":"open","ping_status":"closed","template":"","meta":[],"product_brand":[],"product_cat":[2213,2044],"product_tag":[2813],"class_list":{"0":"post-15035","1":"product","2":"type-product","3":"status-publish","4":"has-post-thumbnail","6":"product_cat-cosmetica-facial-natural","7":"product_cat-cosmetica-organica-vegana","8":"product_tag-crema-facial-hidratante-almendras-y-acido-hialuronico","10":"first","11":"instock","12":"taxable","13":"shipping-taxable","14":"purchasable","15":"product-type-simple"},"jetpack_sharing_enabled":true,"_links":{"self":[{"href":"https:\/\/www.sirabel.es\/tiendasirabel\/wp-json\/wp\/v2\/product\/15035","targetHints":{"allow":["GET"]}}],"collection":[{"href":"https:\/\/www.sirabel.es\/tiendasirabel\/wp-json\/wp\/v2\/product"}],"about":[{"href":"https:\/\/www.sirabel.es\/tiendasirabel\/wp-json\/wp\/v2\/types\/product"}],"replies":[{"embeddable":true,"href":"https:\/\/www.sirabel.es\/tiendasirabel\/wp-json\/wp\/v2\/comments?post=15035"}],"version-history":[{"count":0,"href":"https:\/\/www.sirabel.es\/tiendasirabel\/wp-json\/wp\/v2\/product\/15035\/revisions"}],"wp:featuredmedia":[{"embeddable":true,"href":"https:\/\/www.sirabel.es\/tiendasirabel\/wp-json\/wp\/v2\/media\/15036"}],"wp:attachment":[{"href":"https:\/\/www.sirabel.es\/tiendasirabel\/wp-json\/wp\/v2\/media?parent=15035"}],"wp:term":[{"taxonomy":"product_brand","embeddable":true,"href":"https:\/\/www.sirabel.es\/tiendasirabel\/wp-json\/wp\/v2\/product_brand?post=15035"},{"taxonomy":"product_cat","embeddable":true,"href":"https:\/\/www.sirabel.es\/tiendasirabel\/wp-json\/wp\/v2\/product_cat?post=15035"},{"taxonomy":"product_tag","embeddable":true,"href":"https:\/\/www.sirabel.es\/tiendasirabel\/wp-json\/wp\/v2\/product_tag?post=15035"}],"curies":[{"name":"wp","href":"https:\/\/api.w.org\/{rel}","templated":true}]}}