{"id":15085,"date":"2024-09-04T20:57:24","date_gmt":"2024-09-04T18:57:24","guid":{"rendered":"https:\/\/www.sirabel.es\/tiendasirabel\/?post_type=product&#038;p=15085"},"modified":"2024-09-04T20:57:24","modified_gmt":"2024-09-04T18:57:24","slug":"neutralizador-de-olores-especial-mascotas-750ml","status":"publish","type":"product","link":"https:\/\/www.sirabel.es\/tiendasirabel\/producto\/neutralizador-de-olores-especial-mascotas-750ml\/","title":{"rendered":"Neutralizador de olores, especial mascotas 750ml"},"content":{"rendered":"<p>Neutralizador de olores, especial mascotas 750ml<\/p>\n","protected":false},"excerpt":{"rendered":"<p>Elimina el olor, de forma instant\u00e1nea.<\/p>\n<p>Fuerte limpiador enzim\u00e1tico para orina de perros y gatos impregnados en sof\u00e1s, cortinas, alfombras, c\u00e9sped artificial, etc.<\/p>\n<p>En lugar de disfrazar el olor con perfume lo erradica completamente.<\/p>\n<p>Neutralizador de olores, limpia y elimina micciones y orina de perros y gatos atacando la fuente del olor.<\/p>\n","protected":false},"featured_media":15086,"comment_status":"open","ping_status":"closed","template":"","meta":[],"product_brand":[],"product_cat":[2768],"product_tag":[2817,2816],"class_list":{"0":"post-15085","1":"product","2":"type-product","3":"status-publish","4":"has-post-thumbnail","6":"product_cat-mascotas-higiene-y-salud","7":"product_tag-especial-mascotas-750ml","8":"product_tag-neutralizador-de-olores","10":"first","11":"instock","12":"taxable","13":"shipping-taxable","14":"purchasable","15":"product-type-simple"},"jetpack_sharing_enabled":true,"_links":{"self":[{"href":"https:\/\/www.sirabel.es\/tiendasirabel\/wp-json\/wp\/v2\/product\/15085","targetHints":{"allow":["GET"]}}],"collection":[{"href":"https:\/\/www.sirabel.es\/tiendasirabel\/wp-json\/wp\/v2\/product"}],"about":[{"href":"https:\/\/www.sirabel.es\/tiendasirabel\/wp-json\/wp\/v2\/types\/product"}],"replies":[{"embeddable":true,"href":"https:\/\/www.sirabel.es\/tiendasirabel\/wp-json\/wp\/v2\/comments?post=15085"}],"version-history":[{"count":0,"href":"https:\/\/www.sirabel.es\/tiendasirabel\/wp-json\/wp\/v2\/product\/15085\/revisions"}],"wp:featuredmedia":[{"embeddable":true,"href":"https:\/\/www.sirabel.es\/tiendasirabel\/wp-json\/wp\/v2\/media\/15086"}],"wp:attachment":[{"href":"https:\/\/www.sirabel.es\/tiendasirabel\/wp-json\/wp\/v2\/media?parent=15085"}],"wp:term":[{"taxonomy":"product_brand","embeddable":true,"href":"https:\/\/www.sirabel.es\/tiendasirabel\/wp-json\/wp\/v2\/product_brand?post=15085"},{"taxonomy":"product_cat","embeddable":true,"href":"https:\/\/www.sirabel.es\/tiendasirabel\/wp-json\/wp\/v2\/product_cat?post=15085"},{"taxonomy":"product_tag","embeddable":true,"href":"https:\/\/www.sirabel.es\/tiendasirabel\/wp-json\/wp\/v2\/product_tag?post=15085"}],"curies":[{"name":"wp","href":"https:\/\/api.w.org\/{rel}","templated":true}]}}