{"id":15237,"date":"2024-10-27T16:01:17","date_gmt":"2024-10-27T15:01:17","guid":{"rendered":"https:\/\/www.sirabel.es\/tiendasirabel\/?post_type=product&#038;p=15237"},"modified":"2024-10-27T16:01:17","modified_gmt":"2024-10-27T15:01:17","slug":"gel-contorno-de-ojos-antioxidante","status":"publish","type":"product","link":"https:\/\/www.sirabel.es\/tiendasirabel\/producto\/gel-contorno-de-ojos-antioxidante\/","title":{"rendered":"Gel contorno de ojos antioxidante"},"content":{"rendered":"<p>Gel contorno de ojos antioxidante<\/p>\n","protected":false},"excerpt":{"rendered":"<p>Tus ojos brillar\u00e1n m\u00e1s en esos momentos kilig.\u00a0Con una fuente de vitamina C, la piel estar\u00e1 hidratada alrededor de los ojos, mientras que los niveles \u00f3ptimos de vitamina C aseguran que la piel permanezca firme y el\u00e1stica, que se reduzcan las l\u00edneas finas de expresi\u00f3n y las arrugas. Revela una piel m\u00e1s suave y radiante alrededor de los ojos.<\/p>\n<p><strong>Ingredientes principales:<\/strong><\/p>\n<ul>\n<li>Vitamina C &#8211; Ilumina la piel y estimula la producci\u00f3n de col\u00e1geno.<\/li>\n<li>Vitamina E &#8211; Act\u00faa como un potente antioxidante e hidrata la piel.<\/li>\n<\/ul>\n<p><strong>Effectos en test:<\/strong><\/p>\n<ul>\n<li>96% casos con piel m\u00e1s brillante y con m\u00e1s tono e hidrataci\u00f3n.<\/li>\n<li>100% casos confirma que el producto no tiene textura grasa, de r\u00e1pida absorci\u00f3n y con buena capacidad de aplicaci\u00f3n.<\/li>\n<li>M\u00e1s del 80% confirmaron que reduc\u00edan el tono oscuro de ojeras.<\/li>\n<\/ul>\n<p><strong>Resultados testados por pruebas de eficiencia.<\/strong><\/p>\n<p><strong>Modo de empleo:<\/strong><\/p>\n<p>Aplicar sobre la piel limpia y seca.<\/p>\n<p><strong>Producto 89% de origen natural.<\/strong><\/p>\n<p>15\u00a0ml<\/p>\n","protected":false},"featured_media":15238,"comment_status":"open","ping_status":"closed","template":"","meta":[],"product_brand":[],"product_cat":[2845],"product_tag":[2849],"class_list":{"0":"post-15237","1":"product","2":"type-product","3":"status-publish","4":"has-post-thumbnail","6":"product_cat-cuidado-vegano-vitamina-c","7":"product_tag-gel-contorno-de-ojos-antioxidante","9":"first","10":"instock","11":"taxable","12":"shipping-taxable","13":"purchasable","14":"product-type-simple"},"jetpack_sharing_enabled":true,"_links":{"self":[{"href":"https:\/\/www.sirabel.es\/tiendasirabel\/wp-json\/wp\/v2\/product\/15237","targetHints":{"allow":["GET"]}}],"collection":[{"href":"https:\/\/www.sirabel.es\/tiendasirabel\/wp-json\/wp\/v2\/product"}],"about":[{"href":"https:\/\/www.sirabel.es\/tiendasirabel\/wp-json\/wp\/v2\/types\/product"}],"replies":[{"embeddable":true,"href":"https:\/\/www.sirabel.es\/tiendasirabel\/wp-json\/wp\/v2\/comments?post=15237"}],"version-history":[{"count":0,"href":"https:\/\/www.sirabel.es\/tiendasirabel\/wp-json\/wp\/v2\/product\/15237\/revisions"}],"wp:featuredmedia":[{"embeddable":true,"href":"https:\/\/www.sirabel.es\/tiendasirabel\/wp-json\/wp\/v2\/media\/15238"}],"wp:attachment":[{"href":"https:\/\/www.sirabel.es\/tiendasirabel\/wp-json\/wp\/v2\/media?parent=15237"}],"wp:term":[{"taxonomy":"product_brand","embeddable":true,"href":"https:\/\/www.sirabel.es\/tiendasirabel\/wp-json\/wp\/v2\/product_brand?post=15237"},{"taxonomy":"product_cat","embeddable":true,"href":"https:\/\/www.sirabel.es\/tiendasirabel\/wp-json\/wp\/v2\/product_cat?post=15237"},{"taxonomy":"product_tag","embeddable":true,"href":"https:\/\/www.sirabel.es\/tiendasirabel\/wp-json\/wp\/v2\/product_tag?post=15237"}],"curies":[{"name":"wp","href":"https:\/\/api.w.org\/{rel}","templated":true}]}}