{"id":15261,"date":"2024-10-27T17:10:19","date_gmt":"2024-10-27T16:10:19","guid":{"rendered":"https:\/\/www.sirabel.es\/tiendasirabel\/?post_type=product&#038;p=15261"},"modified":"2026-03-18T19:26:29","modified_gmt":"2026-03-18T18:26:29","slug":"crema-facial-de-noche-con-cannabis-ecolatier","status":"publish","type":"product","link":"https:\/\/www.sirabel.es\/tiendasirabel\/producto\/crema-facial-de-noche-con-cannabis-ecolatier\/","title":{"rendered":"Crema Facial de Noche con Cannabis Ecolatier"},"content":{"rendered":"<p>Crema Facial\u00a0de Noche con Cannabis Ecolatier<\/p>\n","protected":false},"excerpt":{"rendered":"<p>Ser \u00abECOLATIER\u00bb significa que todo lo que hacemos no hace da\u00f1o. Significa trabajar incansablemente para desarrollar los productos de una manera sostenible que permita prosperar tanto al planeta como a su sociedad.<\/p>\n<p>Crema facial de noche-mascarilla Reafirmante de la piel ECOLATIER\u00ae Org\u00e1nica de Cannabis es alimentado por ingredientes naturales y org\u00e1nicos, la relajaci\u00f3n y la recuperaci\u00f3n durante el sue\u00f1o. Estimula los procesos naturales de rejuvenecimiento, reduce las l\u00edneas de expresi\u00f3n y tonifica la piel<\/p>\n<p>Ingrediente org\u00e1nico: El Aceite de Cannabis Ecol\u00f3gico obtenido por presi\u00f3n en fr\u00edo es extremadamente rico en \u00e1cidos grasos omega y vitaminas. Su f\u00f3rmula ligera y no grasa se absorbe r\u00e1pidamente en la piel, no obstruye los poros, satura las c\u00e9lulas con elementos \u00fatiles y favorece una barrera cut\u00e1nea y una turgencia saludables<\/p>\n<p>Ingredientes activos: El extracto de ra\u00edz de maca reafirma la piel, aumenta la s\u00edntesis de col\u00e1geno y mejora la estructura de la epidermis.<\/p>\n<p>El aceite esencial de lavanda nutre, relaja y revitaliza la piel cansada<\/p>\n<p><strong>MODO DE EMPLEO:<\/strong><br \/>\nAplicar por la noche sobre la piel limpia evitando el contorno de los ojos. No retirar el exceso. Lavar la cara por la ma\u00f1ana. S\u00f3lo para uso externo<\/p>\n<p>50 ml<\/p>\n","protected":false},"featured_media":15262,"comment_status":"open","ping_status":"closed","template":"","meta":[],"product_brand":[],"product_cat":[2213],"product_tag":[2854],"class_list":{"0":"post-15261","1":"product","2":"type-product","3":"status-publish","4":"has-post-thumbnail","6":"product_cat-cosmetica-facial-natural","7":"product_tag-crema-facial-de-noche-con-cannabis-ecolatier","9":"first","10":"instock","11":"featured","12":"taxable","13":"shipping-taxable","14":"purchasable","15":"product-type-simple"},"jetpack_sharing_enabled":true,"_links":{"self":[{"href":"https:\/\/www.sirabel.es\/tiendasirabel\/wp-json\/wp\/v2\/product\/15261","targetHints":{"allow":["GET"]}}],"collection":[{"href":"https:\/\/www.sirabel.es\/tiendasirabel\/wp-json\/wp\/v2\/product"}],"about":[{"href":"https:\/\/www.sirabel.es\/tiendasirabel\/wp-json\/wp\/v2\/types\/product"}],"replies":[{"embeddable":true,"href":"https:\/\/www.sirabel.es\/tiendasirabel\/wp-json\/wp\/v2\/comments?post=15261"}],"version-history":[{"count":0,"href":"https:\/\/www.sirabel.es\/tiendasirabel\/wp-json\/wp\/v2\/product\/15261\/revisions"}],"wp:featuredmedia":[{"embeddable":true,"href":"https:\/\/www.sirabel.es\/tiendasirabel\/wp-json\/wp\/v2\/media\/15262"}],"wp:attachment":[{"href":"https:\/\/www.sirabel.es\/tiendasirabel\/wp-json\/wp\/v2\/media?parent=15261"}],"wp:term":[{"taxonomy":"product_brand","embeddable":true,"href":"https:\/\/www.sirabel.es\/tiendasirabel\/wp-json\/wp\/v2\/product_brand?post=15261"},{"taxonomy":"product_cat","embeddable":true,"href":"https:\/\/www.sirabel.es\/tiendasirabel\/wp-json\/wp\/v2\/product_cat?post=15261"},{"taxonomy":"product_tag","embeddable":true,"href":"https:\/\/www.sirabel.es\/tiendasirabel\/wp-json\/wp\/v2\/product_tag?post=15261"}],"curies":[{"name":"wp","href":"https:\/\/api.w.org\/{rel}","templated":true}]}}