{"id":3847,"date":"2023-12-16T19:45:01","date_gmt":"2023-12-16T18:45:01","guid":{"rendered":"https:\/\/www.sirabel.es\/tiendasirabel\/?post_type=product&#038;p=3847"},"modified":"2026-03-18T20:52:05","modified_gmt":"2026-03-18T19:52:05","slug":"aceite-esencial-arbol-de-te","status":"publish","type":"product","link":"https:\/\/www.sirabel.es\/tiendasirabel\/producto\/aceite-esencial-arbol-de-te\/","title":{"rendered":"Aceite Esencial \u00c1rbol de t\u00e9"},"content":{"rendered":"<p>Aceite Esencial \u00c1rbol de t\u00e9<\/p>\n<p>Todos nuestros Aceites Esenciales est\u00e1n estudiados y seleccionados cuidadosamente, su pureza esta cient\u00edficamente probada, adem\u00e1s de pasar por rigurosos controles de calidad.<\/p>\n<p>Hemos fabricado y embotellado al por mayor aceites esenciales durante m\u00e1s de 22 a\u00f1os, poco a poco hemos eliminando las l\u00edneas menos fiables y siempre esforz\u00e1ndonos por mejorar su calidad.<\/p>\n<p>Creemos que nuestros aceites esenciales hoy en d\u00eda ofrecen la mejor calidad \/ precio en el mercado.<\/p>\n","protected":false},"excerpt":{"rendered":"<p>Nombre Latino:\u00a0Malaleuca Alternifolia<\/p>\n<p>Parte de la planta utilizada:\u00a0hojas y ramitas<\/p>\n<p>Origen:\u00a0Australia<\/p>\n<p>M\u00e9todo de extracci\u00f3n:\u00a0destilaci\u00f3n al vapor<\/p>\n<p>En los primeros tiempos, parece que las hojas de este \u00e1rbol se infunden para hacer t\u00e9, que es como surgi\u00f3 el nombre. El aceite esencial de \u00e1rbol de t\u00e9 son los compuestos l\u00edquidos concentrados destilados al vapor de las hojas del \u00e1rbol Melaleuca alternifolia, que es nativo de la costa noreste de Nueva Gales del Sur, Australia. Se afirma que el aceite tiene valiosas propiedades antis\u00e9pticas y antif\u00fangicas debido a los componentes llamados terpenoides, y actualmente se usa en muchos productos y medicamentos para el cuidado personal.<\/p>\n<p>Se dice que el aceite esencial de \u00e1rbol de t\u00e9 es bueno para aliviar la congesti\u00f3n, el resfriado, la tos y la gripe. Se ha utilizado para curar el acn\u00e9, infecciones f\u00fangicas, caspa, infecciones vaginales, hemorroides, pie de atleta, y se cree que alivia los m\u00fasculos doloridos y las lesiones en las articulaciones. Cuando se agrega al agua del ba\u00f1o, ayuda a controlar las bacterias. El aceite de \u00e1rbol de t\u00e9 no debe tomarse internamente. Por lo general, se usa solo en adultos y debe mantenerse alejado de los ni\u00f1os y las mascotas. No lo use si est\u00e1 embarazada o lactando.<\/p>\n<p>El \u00e1rbol del t\u00e9\u00a0es conocido por sus propiedades medicinales desde la antig\u00fcedad en el este de Australia. Se sabe que los abor\u00edgenes australianos han estado utilizando las hojas trituradas para curar cortes, quemaduras, llagas e infecciones durante cientos de a\u00f1os. Inhalaron los aceites de las hojas trituradas para aliviar la tos y los resfriados. Rociaron este aceite sobre las heridas y le aplicaron una cataplasma. Infundieron las hojas e hicieron t\u00e9 para calmar el dolor de garganta. Fue entre 1920 y 1930 que el aceite esencial de este \u00e1rbol comenz\u00f3 a ser conocido y utilizado por sus propiedades antimicrobianas en Europa.<\/p>\n","protected":false},"featured_media":3848,"comment_status":"open","ping_status":"closed","template":"","meta":[],"product_brand":[],"product_cat":[312],"product_tag":[1123],"class_list":{"0":"post-3847","1":"product","2":"type-product","3":"status-publish","4":"has-post-thumbnail","6":"product_cat-aceites-esenciales-10-ml","7":"product_tag-aceite-esencial-arbol-de-te","9":"first","10":"instock","11":"featured","12":"taxable","13":"shipping-taxable","14":"purchasable","15":"product-type-simple"},"jetpack_sharing_enabled":true,"_links":{"self":[{"href":"https:\/\/www.sirabel.es\/tiendasirabel\/wp-json\/wp\/v2\/product\/3847","targetHints":{"allow":["GET"]}}],"collection":[{"href":"https:\/\/www.sirabel.es\/tiendasirabel\/wp-json\/wp\/v2\/product"}],"about":[{"href":"https:\/\/www.sirabel.es\/tiendasirabel\/wp-json\/wp\/v2\/types\/product"}],"replies":[{"embeddable":true,"href":"https:\/\/www.sirabel.es\/tiendasirabel\/wp-json\/wp\/v2\/comments?post=3847"}],"version-history":[{"count":0,"href":"https:\/\/www.sirabel.es\/tiendasirabel\/wp-json\/wp\/v2\/product\/3847\/revisions"}],"wp:featuredmedia":[{"embeddable":true,"href":"https:\/\/www.sirabel.es\/tiendasirabel\/wp-json\/wp\/v2\/media\/3848"}],"wp:attachment":[{"href":"https:\/\/www.sirabel.es\/tiendasirabel\/wp-json\/wp\/v2\/media?parent=3847"}],"wp:term":[{"taxonomy":"product_brand","embeddable":true,"href":"https:\/\/www.sirabel.es\/tiendasirabel\/wp-json\/wp\/v2\/product_brand?post=3847"},{"taxonomy":"product_cat","embeddable":true,"href":"https:\/\/www.sirabel.es\/tiendasirabel\/wp-json\/wp\/v2\/product_cat?post=3847"},{"taxonomy":"product_tag","embeddable":true,"href":"https:\/\/www.sirabel.es\/tiendasirabel\/wp-json\/wp\/v2\/product_tag?post=3847"}],"curies":[{"name":"wp","href":"https:\/\/api.w.org\/{rel}","templated":true}]}}