{"id":5701,"date":"2024-01-09T22:42:03","date_gmt":"2024-01-09T21:42:03","guid":{"rendered":"https:\/\/www.sirabel.es\/tiendasirabel\/?post_type=product&#038;p=5701"},"modified":"2024-04-27T10:10:53","modified_gmt":"2024-04-27T08:10:53","slug":"jabon-natural-karite-porcion-individual","status":"publish","type":"product","link":"https:\/\/www.sirabel.es\/tiendasirabel\/producto\/jabon-natural-karite-porcion-individual\/","title":{"rendered":"Jab\u00f3n Natural Karit\u00e9 &#8211; Porci\u00f3n Individual"},"content":{"rendered":"<p>Jab\u00f3n Natural Karit\u00e9 &#8211; Porci\u00f3n Individual<\/p>\n","protected":false},"excerpt":{"rendered":"<p>El Karit\u00e9, significado \u00ab\u00e1rbol de mantequilla\u00bb, es un \u00e1rbol que tiene origen en \u00c1frica occidental.<\/p>\n<p>Beneficios:<\/p>\n<p>&#8211; El jab\u00f3n artesanal de karit\u00e9 contiene vitamina e y ayuda a mejorar la elasticidad de la piel.<\/p>\n<p>&#8211; Se suele aconsejar el uso de este jab\u00f3n a personas que tiene pieles irritadas. Calma la piel y puede ayudar a minimizar las cicatrices.<\/p>\n<p>&#8211; Es un buen regenerador celular y puede prevenir el envejecimiento y las arrugas.<\/p>\n<p>Peso porci\u00f3n 100 Gramos \/Unidad<br \/>\nEste jab\u00f3n no contiene SLS y ni parabenos. Es totalmente vegetal<\/p>\n","protected":false},"featured_media":5699,"comment_status":"open","ping_status":"closed","template":"","meta":[],"product_brand":[],"product_cat":[100],"product_tag":[258],"class_list":{"0":"post-5701","1":"product","2":"type-product","3":"status-publish","4":"has-post-thumbnail","6":"product_cat-jabones-artesanales-individuales-con-aceite-vegetal-100-gramos","7":"product_tag-jabon-natural-karite","9":"first","10":"instock","11":"taxable","12":"shipping-taxable","13":"purchasable","14":"product-type-simple"},"jetpack_sharing_enabled":true,"_links":{"self":[{"href":"https:\/\/www.sirabel.es\/tiendasirabel\/wp-json\/wp\/v2\/product\/5701","targetHints":{"allow":["GET"]}}],"collection":[{"href":"https:\/\/www.sirabel.es\/tiendasirabel\/wp-json\/wp\/v2\/product"}],"about":[{"href":"https:\/\/www.sirabel.es\/tiendasirabel\/wp-json\/wp\/v2\/types\/product"}],"replies":[{"embeddable":true,"href":"https:\/\/www.sirabel.es\/tiendasirabel\/wp-json\/wp\/v2\/comments?post=5701"}],"version-history":[{"count":0,"href":"https:\/\/www.sirabel.es\/tiendasirabel\/wp-json\/wp\/v2\/product\/5701\/revisions"}],"wp:featuredmedia":[{"embeddable":true,"href":"https:\/\/www.sirabel.es\/tiendasirabel\/wp-json\/wp\/v2\/media\/5699"}],"wp:attachment":[{"href":"https:\/\/www.sirabel.es\/tiendasirabel\/wp-json\/wp\/v2\/media?parent=5701"}],"wp:term":[{"taxonomy":"product_brand","embeddable":true,"href":"https:\/\/www.sirabel.es\/tiendasirabel\/wp-json\/wp\/v2\/product_brand?post=5701"},{"taxonomy":"product_cat","embeddable":true,"href":"https:\/\/www.sirabel.es\/tiendasirabel\/wp-json\/wp\/v2\/product_cat?post=5701"},{"taxonomy":"product_tag","embeddable":true,"href":"https:\/\/www.sirabel.es\/tiendasirabel\/wp-json\/wp\/v2\/product_tag?post=5701"}],"curies":[{"name":"wp","href":"https:\/\/api.w.org\/{rel}","templated":true}]}}