{"id":5737,"date":"2024-01-10T08:00:10","date_gmt":"2024-01-10T07:00:10","guid":{"rendered":"https:\/\/www.sirabel.es\/tiendasirabel\/?post_type=product&#038;p=5737"},"modified":"2024-04-28T10:52:56","modified_gmt":"2024-04-28T08:52:56","slug":"jabon-natural-romero-porcion-individual","status":"publish","type":"product","link":"https:\/\/www.sirabel.es\/tiendasirabel\/producto\/jabon-natural-romero-porcion-individual\/","title":{"rendered":"Jab\u00f3n Natural Romero &#8211; Porci\u00f3n Individual"},"content":{"rendered":"<p>Jab\u00f3n Natural Romero &#8211; Porci\u00f3n Individual<\/p>\n","protected":false},"excerpt":{"rendered":"<p>El romero es antiinflamatorio, calmante y mejora la piel. Adem\u00e1s, se usa para tratar dolores musculares.<\/p>\n<p>El romero se ha utilizado a lo largo de la historia como remedio natural y es un elemento esencial en el mundo de la aromaterapia.<\/p>\n<p>Beneficios:<\/p>\n<p>&#8211; El romero tiene propiedades antioxidantes y antinflamatorias.<\/p>\n<p>&#8211; Este jab\u00f3n de romero artesanal con aceite de oliva limpia en profundidad.<\/p>\n<p>Este jab\u00f3n artesanal est\u00e1 hecho a mano y se utiliz\u00f3 el m\u00e9todo tradicional de fabricaci\u00f3n en fr\u00edo, adem\u00e1s estos jabones se elaboran con aceite de oliva y aceite de coco que posee propiedades de beneficiosas para la piel.<\/p>\n<p>Peso porci\u00f3n 100 Gramos \/Unidad<br \/>\nEste jab\u00f3n no contiene SLS y ni parabenos. Es totalmente vegetal<\/p>\n<p>&nbsp;<\/p>\n","protected":false},"featured_media":14150,"comment_status":"open","ping_status":"closed","template":"","meta":[],"product_brand":[],"product_cat":[100],"product_tag":[261],"class_list":{"0":"post-5737","1":"product","2":"type-product","3":"status-publish","4":"has-post-thumbnail","6":"product_cat-jabones-artesanales-individuales-con-aceite-vegetal-100-gramos","7":"product_tag-jabon-natural-romero","9":"first","10":"instock","11":"taxable","12":"shipping-taxable","13":"purchasable","14":"product-type-simple"},"jetpack_sharing_enabled":true,"_links":{"self":[{"href":"https:\/\/www.sirabel.es\/tiendasirabel\/wp-json\/wp\/v2\/product\/5737","targetHints":{"allow":["GET"]}}],"collection":[{"href":"https:\/\/www.sirabel.es\/tiendasirabel\/wp-json\/wp\/v2\/product"}],"about":[{"href":"https:\/\/www.sirabel.es\/tiendasirabel\/wp-json\/wp\/v2\/types\/product"}],"replies":[{"embeddable":true,"href":"https:\/\/www.sirabel.es\/tiendasirabel\/wp-json\/wp\/v2\/comments?post=5737"}],"version-history":[{"count":0,"href":"https:\/\/www.sirabel.es\/tiendasirabel\/wp-json\/wp\/v2\/product\/5737\/revisions"}],"wp:featuredmedia":[{"embeddable":true,"href":"https:\/\/www.sirabel.es\/tiendasirabel\/wp-json\/wp\/v2\/media\/14150"}],"wp:attachment":[{"href":"https:\/\/www.sirabel.es\/tiendasirabel\/wp-json\/wp\/v2\/media?parent=5737"}],"wp:term":[{"taxonomy":"product_brand","embeddable":true,"href":"https:\/\/www.sirabel.es\/tiendasirabel\/wp-json\/wp\/v2\/product_brand?post=5737"},{"taxonomy":"product_cat","embeddable":true,"href":"https:\/\/www.sirabel.es\/tiendasirabel\/wp-json\/wp\/v2\/product_cat?post=5737"},{"taxonomy":"product_tag","embeddable":true,"href":"https:\/\/www.sirabel.es\/tiendasirabel\/wp-json\/wp\/v2\/product_tag?post=5737"}],"curies":[{"name":"wp","href":"https:\/\/api.w.org\/{rel}","templated":true}]}}