{"id":5846,"date":"2024-01-11T12:57:36","date_gmt":"2024-01-11T11:57:36","guid":{"rendered":"https:\/\/www.sirabel.es\/tiendasirabel\/?post_type=product&#038;p=5846"},"modified":"2024-01-23T19:36:30","modified_gmt":"2024-01-23T18:36:30","slug":"aceite-mentha-piperita","status":"publish","type":"product","link":"https:\/\/www.sirabel.es\/tiendasirabel\/producto\/aceite-mentha-piperita\/","title":{"rendered":"Aceite Mentha Piperita"},"content":{"rendered":"<p>Aceite Mentha Piperita<\/p>\n","protected":false},"excerpt":{"rendered":"<p>Bote de 10 ML de capacidad en contenido.<\/p>\n<p>Parte de la planta utilizada: hierba floreciente<\/p>\n<p>M\u00e9todo de extracci\u00f3n: destilaci\u00f3n al vapor<\/p>\n<p>Se dice que el aceite esencial org\u00e1nico de menta es bueno para dolencias como asma, c\u00f3lico, fiebre, flatulencia, dolor de cabeza, n\u00e1useas, congesti\u00f3n en el pecho y v\u00e9rtigo. Se supone que este aceite es excelente para la fatiga mental y la depresi\u00f3n, refrescante y estimulante con su contenido de mentol. Es bueno para la piel y se usa en lociones para tratar quemaduras solares, picaz\u00f3n o inflamaci\u00f3n de la piel. Ayuda a combatir el mal aliento y las infecciones de las enc\u00edas cuando se usa en enjuagues bucales. Cuando se usa en un quemador de aceite, no solo es terap\u00e9utico, sino que tambi\u00e9n mantiene alejados a los mosquitos y otros insectos.<\/p>\n","protected":false},"featured_media":5847,"comment_status":"open","ping_status":"closed","template":"","meta":[],"product_brand":[],"product_cat":[312],"product_tag":[283],"class_list":{"0":"post-5846","1":"product","2":"type-product","3":"status-publish","4":"has-post-thumbnail","6":"product_cat-aceites-esenciales-10-ml","7":"product_tag-aceite-mentha-piperita","9":"first","10":"instock","11":"taxable","12":"shipping-taxable","13":"purchasable","14":"product-type-simple"},"jetpack_sharing_enabled":true,"_links":{"self":[{"href":"https:\/\/www.sirabel.es\/tiendasirabel\/wp-json\/wp\/v2\/product\/5846","targetHints":{"allow":["GET"]}}],"collection":[{"href":"https:\/\/www.sirabel.es\/tiendasirabel\/wp-json\/wp\/v2\/product"}],"about":[{"href":"https:\/\/www.sirabel.es\/tiendasirabel\/wp-json\/wp\/v2\/types\/product"}],"replies":[{"embeddable":true,"href":"https:\/\/www.sirabel.es\/tiendasirabel\/wp-json\/wp\/v2\/comments?post=5846"}],"version-history":[{"count":0,"href":"https:\/\/www.sirabel.es\/tiendasirabel\/wp-json\/wp\/v2\/product\/5846\/revisions"}],"wp:featuredmedia":[{"embeddable":true,"href":"https:\/\/www.sirabel.es\/tiendasirabel\/wp-json\/wp\/v2\/media\/5847"}],"wp:attachment":[{"href":"https:\/\/www.sirabel.es\/tiendasirabel\/wp-json\/wp\/v2\/media?parent=5846"}],"wp:term":[{"taxonomy":"product_brand","embeddable":true,"href":"https:\/\/www.sirabel.es\/tiendasirabel\/wp-json\/wp\/v2\/product_brand?post=5846"},{"taxonomy":"product_cat","embeddable":true,"href":"https:\/\/www.sirabel.es\/tiendasirabel\/wp-json\/wp\/v2\/product_cat?post=5846"},{"taxonomy":"product_tag","embeddable":true,"href":"https:\/\/www.sirabel.es\/tiendasirabel\/wp-json\/wp\/v2\/product_tag?post=5846"}],"curies":[{"name":"wp","href":"https:\/\/api.w.org\/{rel}","templated":true}]}}