{"id":5936,"date":"2024-01-13T19:45:15","date_gmt":"2024-01-13T18:45:15","guid":{"rendered":"https:\/\/www.sirabel.es\/tiendasirabel\/?post_type=product&#038;p=5936"},"modified":"2024-01-22T20:50:26","modified_gmt":"2024-01-22T19:50:26","slug":"3x-bomba-de-bano-party-girl","status":"publish","type":"product","link":"https:\/\/www.sirabel.es\/tiendasirabel\/producto\/3x-bomba-de-bano-party-girl\/","title":{"rendered":"3x Bomba de Ba\u00f1o Party Girl"},"content":{"rendered":"<p>3x Bomba de Ba\u00f1o Party Girl<\/p>\n","protected":false},"excerpt":{"rendered":"<p>Si buscas un tratamiento relajante, \u00a1no busques m\u00e1s! Nuestras bombas de ba\u00f1o son ideales para cualquiera que busque una adici\u00f3n de ba\u00f1o de alta calidad que se vea y huela muy bien.<\/p>\n<p>\u00a1Tambi\u00e9n son un gran valor! Cada bomba pesa m\u00e1s de 180 gramos y contiene manteca de karit\u00e9 para suavizar su piel.<\/p>\n<p>Tenemos una gama de fragancias fant\u00e1sticas para elegir, cada uno en su propio color distintivo.<\/p>\n","protected":false},"featured_media":5937,"comment_status":"open","ping_status":"closed","template":"","meta":[],"product_brand":[],"product_cat":[407],"product_tag":[740],"class_list":{"0":"post-5936","1":"product","2":"type-product","3":"status-publish","4":"has-post-thumbnail","6":"product_cat-bombas-jumbo-caja-de-3","7":"product_tag-3x-bomba-de-bano-party-girl","9":"first","10":"instock","11":"taxable","12":"shipping-taxable","13":"purchasable","14":"product-type-simple"},"jetpack_sharing_enabled":true,"_links":{"self":[{"href":"https:\/\/www.sirabel.es\/tiendasirabel\/wp-json\/wp\/v2\/product\/5936","targetHints":{"allow":["GET"]}}],"collection":[{"href":"https:\/\/www.sirabel.es\/tiendasirabel\/wp-json\/wp\/v2\/product"}],"about":[{"href":"https:\/\/www.sirabel.es\/tiendasirabel\/wp-json\/wp\/v2\/types\/product"}],"replies":[{"embeddable":true,"href":"https:\/\/www.sirabel.es\/tiendasirabel\/wp-json\/wp\/v2\/comments?post=5936"}],"version-history":[{"count":0,"href":"https:\/\/www.sirabel.es\/tiendasirabel\/wp-json\/wp\/v2\/product\/5936\/revisions"}],"wp:featuredmedia":[{"embeddable":true,"href":"https:\/\/www.sirabel.es\/tiendasirabel\/wp-json\/wp\/v2\/media\/5937"}],"wp:attachment":[{"href":"https:\/\/www.sirabel.es\/tiendasirabel\/wp-json\/wp\/v2\/media?parent=5936"}],"wp:term":[{"taxonomy":"product_brand","embeddable":true,"href":"https:\/\/www.sirabel.es\/tiendasirabel\/wp-json\/wp\/v2\/product_brand?post=5936"},{"taxonomy":"product_cat","embeddable":true,"href":"https:\/\/www.sirabel.es\/tiendasirabel\/wp-json\/wp\/v2\/product_cat?post=5936"},{"taxonomy":"product_tag","embeddable":true,"href":"https:\/\/www.sirabel.es\/tiendasirabel\/wp-json\/wp\/v2\/product_tag?post=5936"}],"curies":[{"name":"wp","href":"https:\/\/api.w.org\/{rel}","templated":true}]}}