{"id":6018,"date":"2024-01-13T21:06:56","date_gmt":"2024-01-13T20:06:56","guid":{"rendered":"https:\/\/www.sirabel.es\/tiendasirabel\/?post_type=product&#038;p=6018"},"modified":"2024-01-22T19:48:55","modified_gmt":"2024-01-22T18:48:55","slug":"set-de-3-bombas-de-bano-mojito","status":"publish","type":"product","link":"https:\/\/www.sirabel.es\/tiendasirabel\/producto\/set-de-3-bombas-de-bano-mojito\/","title":{"rendered":"Set de 3 bombas de ba\u00f1o mojito"},"content":{"rendered":"<p>Es incre\u00edble pero cierto ahora realmente puedes relajarte en un ba\u00f1o de c\u00f3ctel con burbujas. Sum\u00e9rjase totalmente, arrojando una bomba de ba\u00f1o Mojito.<\/p>\n<p>Estas bombas de ba\u00f1o de c\u00f3ctel contienen los mejores aromas de todas sus bebidas mixtas favoritas. Cada paquete de regalo contiene tres bombas de bebida tem\u00e1ticas.<\/p>\n<p>Cada variaci\u00f3n viene con su propio aroma y color \u00fanicos, lo que hace que el ba\u00f1o huela y se vea como el verdadero c\u00f3ctel.<\/p>\n<p>Estas bombas de ba\u00f1o son un lujo puro, con todos los beneficios adicionales de una bomba de ba\u00f1o: \u00a1se sentir\u00e1 limpio, relajado y feliz de haberse ba\u00f1ado en un c\u00f3ctel!<\/p>\n<p>Aromas creados especialmente para Ancient Wisdom por una de las mejores casas de fragancias del Reino Unido.<\/p>\n","protected":false},"excerpt":{"rendered":"<p>Bombas de Ba\u00f1o Cocktail te podr\u00e1s dar un burbujeante y embriagador ba\u00f1o, sumergi\u00e9ndose totalmente en el agua y dejando caer una\u00a0bomba de ba\u00f1o G&amp;T o de Mojito.<\/p>\n<p>Estas bombas de ba\u00f1o de c\u00f3ctel,\u00a0contienen los mejores aromas de todas sus bebidas favoritas.<\/p>\n<p>Es un\u00a0regalo perfecto para el amante de estos c\u00f3cteles\u00a0e ideal para bodas, cumplea\u00f1os, Navidad, o para cualquier celebraci\u00f3n.<\/p>\n<p>Cada paquete contiene\u00a0tres bombas inspiradas en famosos combinados, empaquetadas en una\u00a0lujosa caja,\u00a0tiene un\u00a0detallado dise\u00f1o \u00fanico\u00a0para cada modelo que tiene una ventana para poder admirar los\u00a0vibrantes colores\u00a0de sus bombas de ba\u00f1o.<\/p>\n<p>Cada una tiene un peso de\u00a0150 g\u00a0aproximadamente.<\/p>\n<p>En definitiva, un\u00a0regalo original, divertido y que no dejar\u00e1 a nadie indiferente.<\/p>\n","protected":false},"featured_media":6019,"comment_status":"open","ping_status":"closed","template":"","meta":[],"product_brand":[],"product_cat":[416],"product_tag":[718],"class_list":{"0":"post-6018","1":"product","2":"type-product","3":"status-publish","4":"has-post-thumbnail","6":"product_cat-bombas-cocktail","7":"product_tag-set-de-3-bombas-de-bano-mojito","9":"first","10":"instock","11":"taxable","12":"shipping-taxable","13":"purchasable","14":"product-type-simple"},"jetpack_sharing_enabled":true,"_links":{"self":[{"href":"https:\/\/www.sirabel.es\/tiendasirabel\/wp-json\/wp\/v2\/product\/6018","targetHints":{"allow":["GET"]}}],"collection":[{"href":"https:\/\/www.sirabel.es\/tiendasirabel\/wp-json\/wp\/v2\/product"}],"about":[{"href":"https:\/\/www.sirabel.es\/tiendasirabel\/wp-json\/wp\/v2\/types\/product"}],"replies":[{"embeddable":true,"href":"https:\/\/www.sirabel.es\/tiendasirabel\/wp-json\/wp\/v2\/comments?post=6018"}],"version-history":[{"count":0,"href":"https:\/\/www.sirabel.es\/tiendasirabel\/wp-json\/wp\/v2\/product\/6018\/revisions"}],"wp:featuredmedia":[{"embeddable":true,"href":"https:\/\/www.sirabel.es\/tiendasirabel\/wp-json\/wp\/v2\/media\/6019"}],"wp:attachment":[{"href":"https:\/\/www.sirabel.es\/tiendasirabel\/wp-json\/wp\/v2\/media?parent=6018"}],"wp:term":[{"taxonomy":"product_brand","embeddable":true,"href":"https:\/\/www.sirabel.es\/tiendasirabel\/wp-json\/wp\/v2\/product_brand?post=6018"},{"taxonomy":"product_cat","embeddable":true,"href":"https:\/\/www.sirabel.es\/tiendasirabel\/wp-json\/wp\/v2\/product_cat?post=6018"},{"taxonomy":"product_tag","embeddable":true,"href":"https:\/\/www.sirabel.es\/tiendasirabel\/wp-json\/wp\/v2\/product_tag?post=6018"}],"curies":[{"name":"wp","href":"https:\/\/api.w.org\/{rel}","templated":true}]}}