{"id":6063,"date":"2024-01-13T21:23:36","date_gmt":"2024-01-13T20:23:36","guid":{"rendered":"https:\/\/www.sirabel.es\/tiendasirabel\/?post_type=product&#038;p=6063"},"modified":"2024-01-22T14:44:28","modified_gmt":"2024-01-22T13:44:28","slug":"3x-bomba-de-bano-paraiso-tropical-kiwi","status":"publish","type":"product","link":"https:\/\/www.sirabel.es\/tiendasirabel\/producto\/3x-bomba-de-bano-paraiso-tropical-kiwi\/","title":{"rendered":"3x Bomba de Ba\u00f1o Para\u00edso Tropical &#8211; Kiwi"},"content":{"rendered":"<p><strong>El kiwi, tradicionalmente llamado grosella espinosa china, tiene un aroma intensamente floral, casi a vino que es deliciosamente picante.<\/strong><\/p>\n<p>Cada bomba pesa 180 gramos y contiene una generosa porci\u00f3n de manteca de coco para suavizar su piel, con exfoliantes de jab\u00f3n coloridos que ayudan a crear una espuma sedosa y limpiar el cuerpo mientras est\u00e1 teniendo una experiencia de ba\u00f1o tropical.<\/p>\n","protected":false},"excerpt":{"rendered":"<p>Bombas Tropicales y\u00a0t\u00f3mate un momento para cerrar los ojos y ser transportado a un para\u00edso ex\u00f3tico, similar a la\u00a0esencia de un tentador c\u00f3ctel tropical, que te transporta a una paradisiaca playa, de la que tus clientes no querr\u00e1n salir.<\/p>\n<p>Es una\u00a0gama incre\u00edblemente dulce y refrescante\u00a0de frutas tropicales ex\u00f3ticas, incluyendo la Fruta de Drag\u00f3n, la Papaya y el Mangost\u00e1n p\u00farpura, est\u00e1n\u00a0realizadas artesanalmente\u00a0en Reino Unido, con las mejores materias primas disponibles.<\/p>\n<p>Cada caja trae\u00a03 Bombas de Ba\u00f1o Tropical\u00a0que individualmente\u00a0pesan\u00a0180 gramos\u00a0y contienen una\u00a0generosa porci\u00f3n de mantequilla de coco\u00a0para que sea m\u00e1s suave en la piel.<\/p>\n<p>Adem\u00e1s, cada bomba de ba\u00f1o contiene virutas de jab\u00f3n de colores que ayuda a crear una sedosa espuma a la vez que limpia el cuerpo, mientras te relajas en un ba\u00f1o tropical.<\/p>\n","protected":false},"featured_media":6064,"comment_status":"open","ping_status":"closed","template":"","meta":[],"product_brand":[],"product_cat":[408],"product_tag":[703],"class_list":{"0":"post-6063","1":"product","2":"type-product","3":"status-publish","4":"has-post-thumbnail","6":"product_cat-bombas-paraiso-tropical","7":"product_tag-3x-bomba-de-bano-paraiso-tropical-kiwi","9":"first","10":"instock","11":"taxable","12":"shipping-taxable","13":"purchasable","14":"product-type-simple"},"jetpack_sharing_enabled":true,"_links":{"self":[{"href":"https:\/\/www.sirabel.es\/tiendasirabel\/wp-json\/wp\/v2\/product\/6063","targetHints":{"allow":["GET"]}}],"collection":[{"href":"https:\/\/www.sirabel.es\/tiendasirabel\/wp-json\/wp\/v2\/product"}],"about":[{"href":"https:\/\/www.sirabel.es\/tiendasirabel\/wp-json\/wp\/v2\/types\/product"}],"replies":[{"embeddable":true,"href":"https:\/\/www.sirabel.es\/tiendasirabel\/wp-json\/wp\/v2\/comments?post=6063"}],"version-history":[{"count":0,"href":"https:\/\/www.sirabel.es\/tiendasirabel\/wp-json\/wp\/v2\/product\/6063\/revisions"}],"wp:featuredmedia":[{"embeddable":true,"href":"https:\/\/www.sirabel.es\/tiendasirabel\/wp-json\/wp\/v2\/media\/6064"}],"wp:attachment":[{"href":"https:\/\/www.sirabel.es\/tiendasirabel\/wp-json\/wp\/v2\/media?parent=6063"}],"wp:term":[{"taxonomy":"product_brand","embeddable":true,"href":"https:\/\/www.sirabel.es\/tiendasirabel\/wp-json\/wp\/v2\/product_brand?post=6063"},{"taxonomy":"product_cat","embeddable":true,"href":"https:\/\/www.sirabel.es\/tiendasirabel\/wp-json\/wp\/v2\/product_cat?post=6063"},{"taxonomy":"product_tag","embeddable":true,"href":"https:\/\/www.sirabel.es\/tiendasirabel\/wp-json\/wp\/v2\/product_tag?post=6063"}],"curies":[{"name":"wp","href":"https:\/\/api.w.org\/{rel}","templated":true}]}}