{"id":6108,"date":"2024-01-13T21:42:15","date_gmt":"2024-01-13T20:42:15","guid":{"rendered":"https:\/\/www.sirabel.es\/tiendasirabel\/?post_type=product&#038;p=6108"},"modified":"2024-01-22T10:54:40","modified_gmt":"2024-01-22T09:54:40","slug":"bomba-de-bano-de-reno-y-nariz-roja-toffee-y-caramelo","status":"publish","type":"product","link":"https:\/\/www.sirabel.es\/tiendasirabel\/producto\/bomba-de-bano-de-reno-y-nariz-roja-toffee-y-caramelo\/","title":{"rendered":"Bomba de ba\u00f1o de Reno y Nariz Roja &#8211; Toffee y Caramelo"},"content":{"rendered":"<p>Bomba de ba\u00f1o de Reno y Nariz Roja &#8211; Toffee y Caramelo<\/p>\n<p>Sodium Bicarbonate,\u00a0Citric Acid,\u00a0Aqua,\u00a0Parfum,\u00a0Butyrospermum Parkii Butter,\u00a0Sucrose,\u00a0Oryza Sativa (Rice) Flour,\u00a0Theobroma Cacao powder,\u00a0Brassica Campestris Seed Oil,\u00a0Tragacanth,\u00a0CI 15985,\u00a0CI 19140,\u00a0CI 77499<\/p>\n","protected":false},"excerpt":{"rendered":"<p>Estas\u00a0Bombas de Ba\u00f1o con Sorpresa\u00a0est\u00e1n hechas con los mejores ingredientes, y cada bomba de ba\u00f1o con un peso de m\u00e1s de\u00a0180 gramos, estas bombas de ba\u00f1o son realmente\u00a0originales y divertidas.<\/p>\n<p>Tenemos una gran selecci\u00f3n para que elijas, todas ellas deliciosamente perfumadas y lujosamente decoradas.<\/p>\n<p>Son ideales para regalar o simplemente para comprar como un peque\u00f1o capricho, \u00a1 les encantan \u00a0tanto a los ni\u00f1os como a los adultos!.<\/p>\n<p>Cada variaci\u00f3n viene con su propio aroma y color \u00fanico, lo que hace que el ba\u00f1o huela de maravilla.<\/p>\n<p>Los productos de ba\u00f1o siempre son una gran venta, \u00bfa qui\u00e9n no le gusta un buen ba\u00f1o?<\/p>\n<p>Cada bomba de ba\u00f1o est\u00e1 envuelta individualmente para garantizar frescura y fragancia.<\/p>\n<p>Fabricadas artesanalmente\u00a0con\u00a0impresionantes dise\u00f1os y aromas<\/p>\n","protected":false},"featured_media":6109,"comment_status":"open","ping_status":"closed","template":"","meta":[],"product_brand":[],"product_cat":[406],"product_tag":[688],"class_list":{"0":"post-6108","1":"product","2":"type-product","3":"status-publish","4":"has-post-thumbnail","6":"product_cat-bombas-con-sorpresa","7":"product_tag-bomba-de-bano-de-reno-y-nariz-roja-toffee-y-caramelo","9":"first","10":"instock","11":"taxable","12":"shipping-taxable","13":"purchasable","14":"product-type-simple"},"jetpack_sharing_enabled":true,"_links":{"self":[{"href":"https:\/\/www.sirabel.es\/tiendasirabel\/wp-json\/wp\/v2\/product\/6108","targetHints":{"allow":["GET"]}}],"collection":[{"href":"https:\/\/www.sirabel.es\/tiendasirabel\/wp-json\/wp\/v2\/product"}],"about":[{"href":"https:\/\/www.sirabel.es\/tiendasirabel\/wp-json\/wp\/v2\/types\/product"}],"replies":[{"embeddable":true,"href":"https:\/\/www.sirabel.es\/tiendasirabel\/wp-json\/wp\/v2\/comments?post=6108"}],"version-history":[{"count":0,"href":"https:\/\/www.sirabel.es\/tiendasirabel\/wp-json\/wp\/v2\/product\/6108\/revisions"}],"wp:featuredmedia":[{"embeddable":true,"href":"https:\/\/www.sirabel.es\/tiendasirabel\/wp-json\/wp\/v2\/media\/6109"}],"wp:attachment":[{"href":"https:\/\/www.sirabel.es\/tiendasirabel\/wp-json\/wp\/v2\/media?parent=6108"}],"wp:term":[{"taxonomy":"product_brand","embeddable":true,"href":"https:\/\/www.sirabel.es\/tiendasirabel\/wp-json\/wp\/v2\/product_brand?post=6108"},{"taxonomy":"product_cat","embeddable":true,"href":"https:\/\/www.sirabel.es\/tiendasirabel\/wp-json\/wp\/v2\/product_cat?post=6108"},{"taxonomy":"product_tag","embeddable":true,"href":"https:\/\/www.sirabel.es\/tiendasirabel\/wp-json\/wp\/v2\/product_tag?post=6108"}],"curies":[{"name":"wp","href":"https:\/\/api.w.org\/{rel}","templated":true}]}}