{"id":6184,"date":"2024-01-13T22:13:29","date_gmt":"2024-01-13T21:13:29","guid":{"rendered":"https:\/\/www.sirabel.es\/tiendasirabel\/?post_type=product&#038;p=6184"},"modified":"2024-01-22T00:28:30","modified_gmt":"2024-01-21T23:28:30","slug":"bomba-de-bano-dinosaurio-80g","status":"publish","type":"product","link":"https:\/\/www.sirabel.es\/tiendasirabel\/producto\/bomba-de-bano-dinosaurio-80g\/","title":{"rendered":"Bomba de Ba\u00f1o &#8211; dinosaurio 80g"},"content":{"rendered":"<p>Bomba de Ba\u00f1o &#8211; dinosaurio 80g<\/p>\n<p>Sodium Bicarbonate,\u00a0Citric Acid,\u00a0Zea Mays (Corn) Starch,\u00a0Aqua,\u00a0Sodium Lauryl Sulfoacetate,\u00a0Parfum,\u00a0CI 42090,\u00a0CI 18050,\u00a0CI 45430<\/p>\n","protected":false},"excerpt":{"rendered":"<p>Las formas, los colores y las fragancias est\u00e1n especialmente concebidos para encantar a los ni\u00f1os y darles ganas de ba\u00f1arse divirti\u00e9ndose. Sus padres ya no tendr\u00e1n que decirles diez veces que es hora de lavarse.<\/p>\n<p>Tambi\u00e9n hemos trabajado sobre el principio de que: \u00a1m\u00e1s burbujas y espuma = m\u00e1s diversi\u00f3n! As\u00ed que nuestros equipos han dise\u00f1ado bombas de ba\u00f1o con m\u00e1s espuma que cualquiera de nuestras otras bombas de ba\u00f1o.<\/p>\n","protected":false},"featured_media":6185,"comment_status":"open","ping_status":"closed","template":"","meta":[],"product_brand":[],"product_cat":[421],"product_tag":[663],"class_list":{"0":"post-6184","1":"product","2":"type-product","3":"status-publish","4":"has-post-thumbnail","6":"product_cat-bombas-para-ninos","7":"product_tag-bomba-de-bano-dinosaurio-80g","9":"first","10":"instock","11":"taxable","12":"shipping-taxable","13":"purchasable","14":"product-type-simple"},"jetpack_sharing_enabled":true,"_links":{"self":[{"href":"https:\/\/www.sirabel.es\/tiendasirabel\/wp-json\/wp\/v2\/product\/6184","targetHints":{"allow":["GET"]}}],"collection":[{"href":"https:\/\/www.sirabel.es\/tiendasirabel\/wp-json\/wp\/v2\/product"}],"about":[{"href":"https:\/\/www.sirabel.es\/tiendasirabel\/wp-json\/wp\/v2\/types\/product"}],"replies":[{"embeddable":true,"href":"https:\/\/www.sirabel.es\/tiendasirabel\/wp-json\/wp\/v2\/comments?post=6184"}],"version-history":[{"count":0,"href":"https:\/\/www.sirabel.es\/tiendasirabel\/wp-json\/wp\/v2\/product\/6184\/revisions"}],"wp:featuredmedia":[{"embeddable":true,"href":"https:\/\/www.sirabel.es\/tiendasirabel\/wp-json\/wp\/v2\/media\/6185"}],"wp:attachment":[{"href":"https:\/\/www.sirabel.es\/tiendasirabel\/wp-json\/wp\/v2\/media?parent=6184"}],"wp:term":[{"taxonomy":"product_brand","embeddable":true,"href":"https:\/\/www.sirabel.es\/tiendasirabel\/wp-json\/wp\/v2\/product_brand?post=6184"},{"taxonomy":"product_cat","embeddable":true,"href":"https:\/\/www.sirabel.es\/tiendasirabel\/wp-json\/wp\/v2\/product_cat?post=6184"},{"taxonomy":"product_tag","embeddable":true,"href":"https:\/\/www.sirabel.es\/tiendasirabel\/wp-json\/wp\/v2\/product_tag?post=6184"}],"curies":[{"name":"wp","href":"https:\/\/api.w.org\/{rel}","templated":true}]}}