{"id":6194,"date":"2024-01-13T22:23:18","date_gmt":"2024-01-13T21:23:18","guid":{"rendered":"https:\/\/www.sirabel.es\/tiendasirabel\/?post_type=product&#038;p=6194"},"modified":"2024-01-22T10:50:42","modified_gmt":"2024-01-22T09:50:42","slug":"bomba-de-bano-con-pulsera-de-gemas-de-cuarzo-rosa","status":"publish","type":"product","link":"https:\/\/www.sirabel.es\/tiendasirabel\/producto\/bomba-de-bano-con-pulsera-de-gemas-de-cuarzo-rosa\/","title":{"rendered":"Bomba de ba\u00f1o con pulsera de gemas de cuarzo rosa"},"content":{"rendered":"<p>Bomba de ba\u00f1o con pulsera de gemas de cuarzo rosa<\/p>\n<p>Sodium bicarbonate,\u00a0Citric acid,\u00a0aqua,\u00a0Maris sal,\u00a0Butyrospermum Parkii (Shea) Butter,\u00a0Citrus bergamia peel oil,\u00a0Limonene,\u00a0Linalool,\u00a0CI 18050,\u00a0CI 16255<\/p>\n","protected":false},"excerpt":{"rendered":"<p>Adem\u00e1s de disfrutar de una bomba de ba\u00f1o, en su interior sus clientes encontrar\u00e1n una pulsera de piedras preciosas, podr\u00e1 elegir entre los 6 modelos que tenemos:<\/p>\n<p>Ojo de Tigre, Amatista, Cuarzo Rosa, Soladita y Jaspe Blanco.<\/p>\n<p>Cada pulsera de piedras preciosas tiene una propiedad diferente.<\/p>\n","protected":false},"featured_media":6195,"comment_status":"open","ping_status":"closed","template":"","meta":[],"product_brand":[],"product_cat":[420],"product_tag":[660],"class_list":{"0":"post-6194","1":"product","2":"type-product","3":"status-publish","4":"has-post-thumbnail","6":"product_cat-bombas-con-pulsera-de-gemas","7":"product_tag-bomba-de-bano-con-pulsera-de-gemas-de-cuarzo-rosa","9":"first","10":"instock","11":"taxable","12":"shipping-taxable","13":"purchasable","14":"product-type-simple"},"jetpack_sharing_enabled":true,"_links":{"self":[{"href":"https:\/\/www.sirabel.es\/tiendasirabel\/wp-json\/wp\/v2\/product\/6194","targetHints":{"allow":["GET"]}}],"collection":[{"href":"https:\/\/www.sirabel.es\/tiendasirabel\/wp-json\/wp\/v2\/product"}],"about":[{"href":"https:\/\/www.sirabel.es\/tiendasirabel\/wp-json\/wp\/v2\/types\/product"}],"replies":[{"embeddable":true,"href":"https:\/\/www.sirabel.es\/tiendasirabel\/wp-json\/wp\/v2\/comments?post=6194"}],"version-history":[{"count":0,"href":"https:\/\/www.sirabel.es\/tiendasirabel\/wp-json\/wp\/v2\/product\/6194\/revisions"}],"wp:featuredmedia":[{"embeddable":true,"href":"https:\/\/www.sirabel.es\/tiendasirabel\/wp-json\/wp\/v2\/media\/6195"}],"wp:attachment":[{"href":"https:\/\/www.sirabel.es\/tiendasirabel\/wp-json\/wp\/v2\/media?parent=6194"}],"wp:term":[{"taxonomy":"product_brand","embeddable":true,"href":"https:\/\/www.sirabel.es\/tiendasirabel\/wp-json\/wp\/v2\/product_brand?post=6194"},{"taxonomy":"product_cat","embeddable":true,"href":"https:\/\/www.sirabel.es\/tiendasirabel\/wp-json\/wp\/v2\/product_cat?post=6194"},{"taxonomy":"product_tag","embeddable":true,"href":"https:\/\/www.sirabel.es\/tiendasirabel\/wp-json\/wp\/v2\/product_tag?post=6194"}],"curies":[{"name":"wp","href":"https:\/\/api.w.org\/{rel}","templated":true}]}}