{"id":6256,"date":"2024-01-15T10:01:51","date_gmt":"2024-01-15T09:01:51","guid":{"rendered":"https:\/\/www.sirabel.es\/tiendasirabel\/?post_type=product&#038;p=6256"},"modified":"2024-01-21T23:20:01","modified_gmt":"2024-01-21T22:20:01","slug":"paquete-de-regalo-de-bombas-de-bano-navidenas-star","status":"publish","type":"product","link":"https:\/\/www.sirabel.es\/tiendasirabel\/producto\/paquete-de-regalo-de-bombas-de-bano-navidenas-star\/","title":{"rendered":"Paquete de regalo de bombas de ba\u00f1o navide\u00f1as Star"},"content":{"rendered":"<p>Paquete de regalo de bombas de ba\u00f1o navide\u00f1as Star<\/p>\n<p>Sodium Bicarbonate,\u00a0Citric Acid,\u00a0Aqua,\u00a0Parfum,\u00a0Butyrospermum Parkii (Shea) Butter,\u00a0Acacia Senegal Gum,\u00a0Sucrose,\u00a0Wheat flour,\u00a0Wheat starch,\u00a0Zea Mays (Corn) starch,\u00a0Copernicia Cerifera (Carnauba) Wax,\u00a0Cera Alba (Beeswax),\u00a0shellac,\u00a0Potassium Sorbate. (+\/- CI 19140,\u00a0CI 18050,\u00a0CI 14720,\u00a0CI 77891,\u00a0CI 77820,\u00a0CI 77491,\u00a0CI 77492,\u00a0CI 77499,\u00a0CI 42090,\u00a0CI 45430,\u00a0CI 75470,\u00a0CI 75130)<\/p>\n","protected":false},"excerpt":{"rendered":"<p>\u00a1La \u00e9poca de navidad es una de las mejores \u00e9pocas del a\u00f1o, y qu\u00e9 mejor regalo que estos preciosos pack de bombas de ba\u00f1o!<\/p>\n<p>Tenemos disponibles 5 modelos diferentes: listado de deseos, rompe el hielo, sigue a la estrella, noche de paz y ciudad de jengibre.<\/p>\n<p>\u00a1Prepare su tienda para la \u00e9poca de navidad!<\/p>\n<p>Los dise\u00f1os de estas bombas son elegantes y divertidas. La caja donde vienen las bombas son atractivas y festivas.<\/p>\n<p>Estas bombas de ba\u00f1o han sido elaboradas a mano y el olor que desprenden son incre\u00edbles y cautivadores.<\/p>\n","protected":false},"featured_media":6260,"comment_status":"open","ping_status":"closed","template":"","meta":[],"product_brand":[],"product_cat":[422],"product_tag":[648],"class_list":{"0":"post-6256","1":"product","2":"type-product","3":"status-publish","4":"has-post-thumbnail","6":"product_cat-bombas-navidenas","7":"product_tag-paquete-de-regalo-de-bombas-de-bano-navidenas-star","9":"first","10":"instock","11":"taxable","12":"shipping-taxable","13":"purchasable","14":"product-type-simple"},"jetpack_sharing_enabled":true,"_links":{"self":[{"href":"https:\/\/www.sirabel.es\/tiendasirabel\/wp-json\/wp\/v2\/product\/6256","targetHints":{"allow":["GET"]}}],"collection":[{"href":"https:\/\/www.sirabel.es\/tiendasirabel\/wp-json\/wp\/v2\/product"}],"about":[{"href":"https:\/\/www.sirabel.es\/tiendasirabel\/wp-json\/wp\/v2\/types\/product"}],"replies":[{"embeddable":true,"href":"https:\/\/www.sirabel.es\/tiendasirabel\/wp-json\/wp\/v2\/comments?post=6256"}],"version-history":[{"count":0,"href":"https:\/\/www.sirabel.es\/tiendasirabel\/wp-json\/wp\/v2\/product\/6256\/revisions"}],"wp:featuredmedia":[{"embeddable":true,"href":"https:\/\/www.sirabel.es\/tiendasirabel\/wp-json\/wp\/v2\/media\/6260"}],"wp:attachment":[{"href":"https:\/\/www.sirabel.es\/tiendasirabel\/wp-json\/wp\/v2\/media?parent=6256"}],"wp:term":[{"taxonomy":"product_brand","embeddable":true,"href":"https:\/\/www.sirabel.es\/tiendasirabel\/wp-json\/wp\/v2\/product_brand?post=6256"},{"taxonomy":"product_cat","embeddable":true,"href":"https:\/\/www.sirabel.es\/tiendasirabel\/wp-json\/wp\/v2\/product_cat?post=6256"},{"taxonomy":"product_tag","embeddable":true,"href":"https:\/\/www.sirabel.es\/tiendasirabel\/wp-json\/wp\/v2\/product_tag?post=6256"}],"curies":[{"name":"wp","href":"https:\/\/api.w.org\/{rel}","templated":true}]}}