{"id":6272,"date":"2024-01-15T10:11:27","date_gmt":"2024-01-15T09:11:27","guid":{"rendered":"https:\/\/www.sirabel.es\/tiendasirabel\/?post_type=product&#038;p=6272"},"modified":"2024-01-22T19:37:39","modified_gmt":"2024-01-22T18:37:39","slug":"3x-bomba-de-bano-frambuesa-tejana-2","status":"publish","type":"product","link":"https:\/\/www.sirabel.es\/tiendasirabel\/producto\/3x-bomba-de-bano-frambuesa-tejana-2\/","title":{"rendered":"3x Bomba de Ba\u00f1o Frambuesa Tejana"},"content":{"rendered":"<p>3x Bomba de Ba\u00f1o Frambuesa Tejana<\/p>\n","protected":false},"excerpt":{"rendered":"<p>Si buscas un tratamiento relajante, \u00a1no busques m\u00e1s! Nuestras bombas de ba\u00f1o son ideales para cualquiera que busque una adici\u00f3n de ba\u00f1o de alta calidad que se vea y huela muy bien.<\/p>\n<p>\u00a1Tambi\u00e9n son un gran valor! Cada bomba pesa m\u00e1s de 180 gramos y contiene manteca de karit\u00e9 para suavizar su piel.<\/p>\n<p>Tenemos una gama de fragancias fant\u00e1sticas para elegir, cada uno en su propio color distintivo.<\/p>\n","protected":false},"featured_media":6273,"comment_status":"open","ping_status":"closed","template":"","meta":[],"product_brand":[],"product_cat":[407],"product_tag":[643],"class_list":{"0":"post-6272","1":"product","2":"type-product","3":"status-publish","4":"has-post-thumbnail","6":"product_cat-bombas-jumbo-caja-de-3","7":"product_tag-3x-bomba-de-bano-frambuesa-tejana","9":"first","10":"instock","11":"taxable","12":"shipping-taxable","13":"purchasable","14":"product-type-simple"},"jetpack_sharing_enabled":true,"_links":{"self":[{"href":"https:\/\/www.sirabel.es\/tiendasirabel\/wp-json\/wp\/v2\/product\/6272","targetHints":{"allow":["GET"]}}],"collection":[{"href":"https:\/\/www.sirabel.es\/tiendasirabel\/wp-json\/wp\/v2\/product"}],"about":[{"href":"https:\/\/www.sirabel.es\/tiendasirabel\/wp-json\/wp\/v2\/types\/product"}],"replies":[{"embeddable":true,"href":"https:\/\/www.sirabel.es\/tiendasirabel\/wp-json\/wp\/v2\/comments?post=6272"}],"version-history":[{"count":0,"href":"https:\/\/www.sirabel.es\/tiendasirabel\/wp-json\/wp\/v2\/product\/6272\/revisions"}],"wp:featuredmedia":[{"embeddable":true,"href":"https:\/\/www.sirabel.es\/tiendasirabel\/wp-json\/wp\/v2\/media\/6273"}],"wp:attachment":[{"href":"https:\/\/www.sirabel.es\/tiendasirabel\/wp-json\/wp\/v2\/media?parent=6272"}],"wp:term":[{"taxonomy":"product_brand","embeddable":true,"href":"https:\/\/www.sirabel.es\/tiendasirabel\/wp-json\/wp\/v2\/product_brand?post=6272"},{"taxonomy":"product_cat","embeddable":true,"href":"https:\/\/www.sirabel.es\/tiendasirabel\/wp-json\/wp\/v2\/product_cat?post=6272"},{"taxonomy":"product_tag","embeddable":true,"href":"https:\/\/www.sirabel.es\/tiendasirabel\/wp-json\/wp\/v2\/product_tag?post=6272"}],"curies":[{"name":"wp","href":"https:\/\/api.w.org\/{rel}","templated":true}]}}