{"id":6708,"date":"2024-01-16T16:53:45","date_gmt":"2024-01-16T15:53:45","guid":{"rendered":"https:\/\/www.sirabel.es\/tiendasirabel\/?post_type=product&#038;p=6708"},"modified":"2024-01-27T16:09:08","modified_gmt":"2024-01-27T15:09:08","slug":"aceite-esencial-salvia-sclarea","status":"publish","type":"product","link":"https:\/\/www.sirabel.es\/tiendasirabel\/producto\/aceite-esencial-salvia-sclarea\/","title":{"rendered":"Aceite Esencial Salvia Sclarea"},"content":{"rendered":"<div class=\"information product_information\">\n<div id=\"product_description\" class=\"product_description_block _au_vw_ \">\n<p>Aceite Esencial Salvia Sclarea<\/p>\n<p>Todos nuestros Aceites Esenciales est\u00e1n estudiados y seleccionados cuidadosamente, su pureza esta cient\u00edficamente probada, adem\u00e1s de pasar por rigurosos controles de calidad.<\/p>\n<p>Hemos fabricado y embotellado al por mayor aceites esenciales durante m\u00e1s de 22 a\u00f1os, poco a poco hemos eliminando las l\u00edneas menos fiables y siempre esforz\u00e1ndonos por mejorar su calidad.<\/p>\n<p>Creemos que nuestros aceites esenciales hoy en d\u00eca ofrecen la mejor calidad \/ precio en el mercado.<\/p>\n<\/div>\n<\/div>\n","protected":false},"excerpt":{"rendered":"<p>Nombre Latino:\u00a0Salvia Sclarea<\/p>\n<p>Parte de la Planta Utilizada:\u00a0Tapas y Hojas<\/p>\n<p>Origen:\u00a0Francia<\/p>\n<p>M\u00e9todo de extracci\u00f3n:\u00a0Destilaci\u00f3n al Vapor<\/p>\n<p>El aceite esencial de\u00a0Salvia Sclarea\u00a0se extrae por destilaci\u00f3n al vapor de las copas en flor y las hojas de\u00a0Salvia sclarea.\u00a0Es originaria del sur de Europa y se cultiva por su petr\u00f3leo en Francia y Rusia. El mayor beneficio de este aceite es su influencia calmante sobre los nervios y es particularmente \u00fatil para las dolencias y dolencias femeninas. Tambi\u00e9n se dice que ayuda a problemas de la piel como el acn\u00e9, for\u00fanculos y \u00falceras y alivia los m\u00fasculos y las articulaciones dolorosas.<\/p>\n<p>Es \u00fatil para aquellos que sufren de depresi\u00f3n, estr\u00e9s e insomnio. Se ha utilizado para ayudar en problemas de la mujer como per\u00edodos dolorosos, menstruaci\u00f3n irregular y durante el parto. Durante la menopausia, se cree que este aceite reduce los sofocos, sudores nocturnos, palpitaciones, irritabilidad, as\u00ed como dolores de cabeza y mareos. Se ha utilizado como afrodis\u00edaco. Tambi\u00e9n es bueno para la digesti\u00f3n y los ri\u00f1ones. Se debe evitar el aceite de salvia al consumir alcohol, ya que puede aumentar la intoxicaci\u00f3n. Usar en peque\u00f1as cantidades ya que una dosis grande puede causarle dolor de cabeza.<\/p>\n<p>En la Edad Media, \u00a0era conocido como Oculus Christi, que significaba \u00abel ojo de Cristo\u00bb. Fue una medicina muy estimada desde entonces. En Jamaica, fue utilizado por la poblaci\u00f3n local para limpiar y enfriar las \u00falceras y para la inflamaci\u00f3n de los ojos. Es un aceite caro y ha sido importante y \u00fatil en aromaterapia y medicina natural durante mucho tiempo.<\/p>\n","protected":false},"featured_media":6709,"comment_status":"open","ping_status":"closed","template":"","meta":[],"product_brand":[],"product_cat":[312],"product_tag":[1146],"class_list":{"0":"post-6708","1":"product","2":"type-product","3":"status-publish","4":"has-post-thumbnail","6":"product_cat-aceites-esenciales-10-ml","7":"product_tag-aceite-esencial-salvia-sclarea","9":"first","10":"instock","11":"taxable","12":"shipping-taxable","13":"purchasable","14":"product-type-simple"},"jetpack_sharing_enabled":true,"_links":{"self":[{"href":"https:\/\/www.sirabel.es\/tiendasirabel\/wp-json\/wp\/v2\/product\/6708","targetHints":{"allow":["GET"]}}],"collection":[{"href":"https:\/\/www.sirabel.es\/tiendasirabel\/wp-json\/wp\/v2\/product"}],"about":[{"href":"https:\/\/www.sirabel.es\/tiendasirabel\/wp-json\/wp\/v2\/types\/product"}],"replies":[{"embeddable":true,"href":"https:\/\/www.sirabel.es\/tiendasirabel\/wp-json\/wp\/v2\/comments?post=6708"}],"version-history":[{"count":0,"href":"https:\/\/www.sirabel.es\/tiendasirabel\/wp-json\/wp\/v2\/product\/6708\/revisions"}],"wp:featuredmedia":[{"embeddable":true,"href":"https:\/\/www.sirabel.es\/tiendasirabel\/wp-json\/wp\/v2\/media\/6709"}],"wp:attachment":[{"href":"https:\/\/www.sirabel.es\/tiendasirabel\/wp-json\/wp\/v2\/media?parent=6708"}],"wp:term":[{"taxonomy":"product_brand","embeddable":true,"href":"https:\/\/www.sirabel.es\/tiendasirabel\/wp-json\/wp\/v2\/product_brand?post=6708"},{"taxonomy":"product_cat","embeddable":true,"href":"https:\/\/www.sirabel.es\/tiendasirabel\/wp-json\/wp\/v2\/product_cat?post=6708"},{"taxonomy":"product_tag","embeddable":true,"href":"https:\/\/www.sirabel.es\/tiendasirabel\/wp-json\/wp\/v2\/product_tag?post=6708"}],"curies":[{"name":"wp","href":"https:\/\/api.w.org\/{rel}","templated":true}]}}