{"id":8341,"date":"2024-02-04T18:54:42","date_gmt":"2024-02-04T17:54:42","guid":{"rendered":"https:\/\/www.sirabel.es\/tiendasirabel\/?post_type=product&#038;p=8341"},"modified":"2024-02-08T11:23:42","modified_gmt":"2024-02-08T10:23:42","slug":"arcilla-bentonita-80g","status":"publish","type":"product","link":"https:\/\/www.sirabel.es\/tiendasirabel\/producto\/arcilla-bentonita-80g\/","title":{"rendered":"Arcilla Bentonita 80g"},"content":{"rendered":"<p>Arcilla Bentonita 80g<\/p>\n","protected":false},"excerpt":{"rendered":"<p>Durante siglos, la\u00a0arcilla\u00a0se ha utilizado con\u00a0fines medicinales y cosm\u00e9ticos\u00a0en muchas culturas.<\/p>\n<p>Hoy en d\u00eda, las\u00a0Mascarillas de Arcilla\u00a0se usan como uno de los tratamientos m\u00e1s eficaces para problemas de la piel.<\/p>\n<p>Hay muchos tipos diferentes de arcilla que se pueden utilizar como m\u00e1scaras faciales o c\u00f3mo m\u00e1scaras corporales.<\/p>\n<p>C\u00f3mo preparar la mascarilla de arcilla:<\/p>\n<p>Mezcla una peque\u00f1a cantidad de arcilla con agua hasta que se forme una pasta suave.<\/p>\n<p>Aplicar la mascarilla sobre la cara o el cuerpo y esperar sobre 10-15 minutos o hasta que la arcilla se seque.<\/p>\n<p>Eliminar la arcilla con agua tibia y secar con una toalla suave.<\/p>\n<p>Puedes incluso a\u00f1adir algunas gotitas de aceites esenciales a la mascarilla para obtener mejores resultados.<\/p>\n","protected":false},"featured_media":8343,"comment_status":"open","ping_status":"closed","template":"","meta":[],"product_brand":[],"product_cat":[447],"product_tag":[1147],"class_list":{"0":"post-8341","1":"product","2":"type-product","3":"status-publish","4":"has-post-thumbnail","6":"product_cat-mascarilla-facial-arcilla","7":"product_tag-arcilla-bentonita-80g","9":"first","10":"instock","11":"taxable","12":"shipping-taxable","13":"purchasable","14":"product-type-simple"},"jetpack_sharing_enabled":true,"_links":{"self":[{"href":"https:\/\/www.sirabel.es\/tiendasirabel\/wp-json\/wp\/v2\/product\/8341","targetHints":{"allow":["GET"]}}],"collection":[{"href":"https:\/\/www.sirabel.es\/tiendasirabel\/wp-json\/wp\/v2\/product"}],"about":[{"href":"https:\/\/www.sirabel.es\/tiendasirabel\/wp-json\/wp\/v2\/types\/product"}],"replies":[{"embeddable":true,"href":"https:\/\/www.sirabel.es\/tiendasirabel\/wp-json\/wp\/v2\/comments?post=8341"}],"version-history":[{"count":0,"href":"https:\/\/www.sirabel.es\/tiendasirabel\/wp-json\/wp\/v2\/product\/8341\/revisions"}],"wp:featuredmedia":[{"embeddable":true,"href":"https:\/\/www.sirabel.es\/tiendasirabel\/wp-json\/wp\/v2\/media\/8343"}],"wp:attachment":[{"href":"https:\/\/www.sirabel.es\/tiendasirabel\/wp-json\/wp\/v2\/media?parent=8341"}],"wp:term":[{"taxonomy":"product_brand","embeddable":true,"href":"https:\/\/www.sirabel.es\/tiendasirabel\/wp-json\/wp\/v2\/product_brand?post=8341"},{"taxonomy":"product_cat","embeddable":true,"href":"https:\/\/www.sirabel.es\/tiendasirabel\/wp-json\/wp\/v2\/product_cat?post=8341"},{"taxonomy":"product_tag","embeddable":true,"href":"https:\/\/www.sirabel.es\/tiendasirabel\/wp-json\/wp\/v2\/product_tag?post=8341"}],"curies":[{"name":"wp","href":"https:\/\/api.w.org\/{rel}","templated":true}]}}