{"id":8484,"date":"2024-02-08T18:30:17","date_gmt":"2024-02-08T17:30:17","guid":{"rendered":"https:\/\/www.sirabel.es\/tiendasirabel\/?post_type=product&#038;p=8484"},"modified":"2024-02-08T18:30:50","modified_gmt":"2024-02-08T17:30:50","slug":"champu-solido-para-cabellos-grasos","status":"publish","type":"product","link":"https:\/\/www.sirabel.es\/tiendasirabel\/producto\/champu-solido-para-cabellos-grasos\/","title":{"rendered":"Champ\u00fa s\u00f3lido para cabellos grasos"},"content":{"rendered":"<p><strong>Champ\u00fa s\u00f3lido para cabellos grasos<\/strong><\/p>\n","protected":false},"excerpt":{"rendered":"<p><strong>Champ\u00fa s\u00f3lido para cabellos grasos<\/strong><\/p>\n<p>Contiene\u00a0<strong>extracto de\u00a0Camomila (Manzanilla)<\/strong><\/p>\n<p>Fragancia\u00a0de grosellas.<\/p>\n<p><strong>El tono de color puede diferir a m\u00e1s rosado o rojo seg\u00fan fabricaciones artesanas.<\/strong><\/p>\n<p><strong>Envuelta en film compostable (100% biodegradable)<\/strong><\/p>\n<p><strong>SIN SLS, NI SLES.<\/strong><\/p>\n<p>Peso: 55grs aprox.<\/p>\n","protected":false},"featured_media":8485,"comment_status":"open","ping_status":"closed","template":"","meta":[],"product_brand":[],"product_cat":[103],"product_tag":[1183],"class_list":{"0":"post-8484","1":"product","2":"type-product","3":"status-publish","4":"has-post-thumbnail","6":"product_cat-champus-solidos","7":"product_tag-champu-solido-para-cabellos-grasos","9":"first","10":"instock","11":"taxable","12":"shipping-taxable","13":"purchasable","14":"product-type-simple"},"jetpack_sharing_enabled":true,"_links":{"self":[{"href":"https:\/\/www.sirabel.es\/tiendasirabel\/wp-json\/wp\/v2\/product\/8484","targetHints":{"allow":["GET"]}}],"collection":[{"href":"https:\/\/www.sirabel.es\/tiendasirabel\/wp-json\/wp\/v2\/product"}],"about":[{"href":"https:\/\/www.sirabel.es\/tiendasirabel\/wp-json\/wp\/v2\/types\/product"}],"replies":[{"embeddable":true,"href":"https:\/\/www.sirabel.es\/tiendasirabel\/wp-json\/wp\/v2\/comments?post=8484"}],"version-history":[{"count":0,"href":"https:\/\/www.sirabel.es\/tiendasirabel\/wp-json\/wp\/v2\/product\/8484\/revisions"}],"wp:featuredmedia":[{"embeddable":true,"href":"https:\/\/www.sirabel.es\/tiendasirabel\/wp-json\/wp\/v2\/media\/8485"}],"wp:attachment":[{"href":"https:\/\/www.sirabel.es\/tiendasirabel\/wp-json\/wp\/v2\/media?parent=8484"}],"wp:term":[{"taxonomy":"product_brand","embeddable":true,"href":"https:\/\/www.sirabel.es\/tiendasirabel\/wp-json\/wp\/v2\/product_brand?post=8484"},{"taxonomy":"product_cat","embeddable":true,"href":"https:\/\/www.sirabel.es\/tiendasirabel\/wp-json\/wp\/v2\/product_cat?post=8484"},{"taxonomy":"product_tag","embeddable":true,"href":"https:\/\/www.sirabel.es\/tiendasirabel\/wp-json\/wp\/v2\/product_tag?post=8484"}],"curies":[{"name":"wp","href":"https:\/\/api.w.org\/{rel}","templated":true}]}}