{"id":8487,"date":"2024-02-08T18:33:47","date_gmt":"2024-02-08T17:33:47","guid":{"rendered":"https:\/\/www.sirabel.es\/tiendasirabel\/?post_type=product&#038;p=8487"},"modified":"2024-02-08T18:34:02","modified_gmt":"2024-02-08T17:34:02","slug":"champu-solido-para-cabellos-secos-color-verde-oscuro-o-claro-segun-fabricacion","status":"publish","type":"product","link":"https:\/\/www.sirabel.es\/tiendasirabel\/producto\/champu-solido-para-cabellos-secos-color-verde-oscuro-o-claro-segun-fabricacion\/","title":{"rendered":"Champ\u00fa s\u00f3lido para cabellos secos (color verde oscuro\u00a0o claro seg\u00fan fabricaci\u00f3n)"},"content":{"rendered":"<p><strong>Champ\u00fa s\u00f3lido para cabellos secos (color verde oscuro\u00a0o claro seg\u00fan fabricaci\u00f3n)<\/strong><\/p>\n","protected":false},"excerpt":{"rendered":"<p><strong>Champ\u00fa s\u00f3lido para cabellos secos (color verde oscuro\u00a0o claro seg\u00fan fabricaci\u00f3n)<\/strong><\/p>\n<p>Contiene<strong>\u00a0Aloe Vera<\/strong><\/p>\n<p>Fragancia\u00a0<strong>Oceano (Color verde oscuro\u00a0o claro)<\/strong><\/p>\n<p><strong>Envuelta en film compostable (100% biodegradable)<\/strong><\/p>\n<p><strong>SIN SLS, NI SLES.<\/strong><\/p>\n<p>Peso: 55grs aprox.<\/p>\n","protected":false},"featured_media":8488,"comment_status":"open","ping_status":"closed","template":"","meta":[],"product_brand":[],"product_cat":[103],"product_tag":[1184],"class_list":{"0":"post-8487","1":"product","2":"type-product","3":"status-publish","4":"has-post-thumbnail","6":"product_cat-champus-solidos","7":"product_tag-champu-solido-para-cabellos-secos-color-verde-oscuro-o-claro-segun-fabricacion","9":"first","10":"instock","11":"taxable","12":"shipping-taxable","13":"purchasable","14":"product-type-simple"},"jetpack_sharing_enabled":true,"_links":{"self":[{"href":"https:\/\/www.sirabel.es\/tiendasirabel\/wp-json\/wp\/v2\/product\/8487","targetHints":{"allow":["GET"]}}],"collection":[{"href":"https:\/\/www.sirabel.es\/tiendasirabel\/wp-json\/wp\/v2\/product"}],"about":[{"href":"https:\/\/www.sirabel.es\/tiendasirabel\/wp-json\/wp\/v2\/types\/product"}],"replies":[{"embeddable":true,"href":"https:\/\/www.sirabel.es\/tiendasirabel\/wp-json\/wp\/v2\/comments?post=8487"}],"version-history":[{"count":0,"href":"https:\/\/www.sirabel.es\/tiendasirabel\/wp-json\/wp\/v2\/product\/8487\/revisions"}],"wp:featuredmedia":[{"embeddable":true,"href":"https:\/\/www.sirabel.es\/tiendasirabel\/wp-json\/wp\/v2\/media\/8488"}],"wp:attachment":[{"href":"https:\/\/www.sirabel.es\/tiendasirabel\/wp-json\/wp\/v2\/media?parent=8487"}],"wp:term":[{"taxonomy":"product_brand","embeddable":true,"href":"https:\/\/www.sirabel.es\/tiendasirabel\/wp-json\/wp\/v2\/product_brand?post=8487"},{"taxonomy":"product_cat","embeddable":true,"href":"https:\/\/www.sirabel.es\/tiendasirabel\/wp-json\/wp\/v2\/product_cat?post=8487"},{"taxonomy":"product_tag","embeddable":true,"href":"https:\/\/www.sirabel.es\/tiendasirabel\/wp-json\/wp\/v2\/product_tag?post=8487"}],"curies":[{"name":"wp","href":"https:\/\/api.w.org\/{rel}","templated":true}]}}